{"id":785586,"date":"2026-04-05T03:45:00","date_gmt":"2026-04-05T00:45:00","guid":{"rendered":"https:\/\/roveyayinevi.com.tr\/index.php\/urun\/kutlu-olsun-3-ciltli\/"},"modified":"2026-04-15T03:48:46","modified_gmt":"2026-04-15T00:48:46","slug":"kutlu-olsun-3-ciltli","status":"publish","type":"product","link":"https:\/\/roveyayinevi.com.tr\/index.php\/urun\/kutlu-olsun-3-ciltli\/","title":{"rendered":"Kutlu Olsun 3 (Ciltli)"},"content":{"rendered":"<p>\u201cR\u00fczg\u00e2r nereye eserse, r\u00fczg\u00e2rg\u00fcl\u00fcn\u00fcn y\u00f6n\u00fc de oras\u0131d\u0131r.\u201dR\u00fczgar\u2019\u0131n zay\u0131f bir an\u0131nda yapt\u0131\u011f\u0131 hatan\u0131n bedeli ona en b\u00fcy\u00fck korkusuyla geri d\u00f6nm\u00fc\u015f, Meltem taraf\u0131ndan terk edilmi\u015fti. Meltem\u2019in yoklu\u011fuyla bir kez daha y\u00fczle\u015fen R\u00fczgar, kar\u0131s\u0131n\u0131 geri kazanmak i\u00e7in elinden geleni ard\u0131na koymayacakt\u0131. Ancak ikisinin de bilmedi\u011fi bir \u015fey vard\u0131: Meltem giderken yan\u0131nda g\u00f6t\u00fcrd\u00fc\u011f\u00fc sadece bir valiz de\u011fildi.Karn\u0131nda ikisinin bebe\u011fini ta\u015f\u0131yordu.\u0130kili bir yandan hasar alm\u0131\u015f evliliklerini onarmak i\u00e7in \u00e7abalarken di\u011fer yandan da do\u011facak bebeklerine kendilerini haz\u0131rlayacaklard\u0131. Yetimhanede b\u00fcy\u00fcyen, hi\u00e7 anne baba sevgisi g\u00f6rmemi\u015f R\u00fczgar ile Meltem\u2019i \u015fimdi son kez b\u00fcy\u00fck bir s\u0131nav bekliyordu.<\/p>\n","protected":false},"excerpt":{"rendered":"<p>\u201cR\u00fczg\u00e2r nereye eserse, r\u00fczg\u00e2rg\u00fcl\u00fcn\u00fcn y\u00f6n\u00fc de oras\u0131d\u0131r.\u201dR\u00fczgar\u2019\u0131n zay\u0131f bir an\u0131nda yapt\u0131\u011f\u0131 hatan\u0131n bedeli ona en b\u00fcy\u00fck korkusuyla geri d\u00f6nm\u00fc\u015f, Meltem taraf\u0131ndan terk edilmi\u015fti. Meltem\u2019in yoklu\u011fuyla bir<span class=\"excerpt-hellip\"> [\u2026]<\/span><\/p>\n","protected":false},"featured_media":0,"template":"","meta":{"_monsterinsights_skip_tracking":false,"_monsterinsights_sitenote_active":false,"_monsterinsights_sitenote_note":"","_monsterinsights_sitenote_category":0},"product_brand":[],"product_cat":[12291,12711],"product_tag":[],"class_list":{"0":"post-785586","1":"product","2":"type-product","3":"status-publish","5":"product_cat-edebiyat","6":"product_cat-roman-oyku","7":"pa_cilt-ciltsiz","8":"pa_tur-kitap","9":"pa_yayinevi-pukka-yayinlari","10":"pa_yazar-ayca-t-k","12":"first","13":"instock","14":"sale","15":"shipping-taxable","16":"purchasable","17":"product-type-simple"},"_links":{"self":[{"href":"https:\/\/roveyayinevi.com.tr\/index.php\/wp-json\/wp\/v2\/product\/785586","targetHints":{"allow":["GET"]}}],"collection":[{"href":"https:\/\/roveyayinevi.com.tr\/index.php\/wp-json\/wp\/v2\/product"}],"about":[{"href":"https:\/\/roveyayinevi.com.tr\/index.php\/wp-json\/wp\/v2\/types\/product"}],"wp:attachment":[{"href":"https:\/\/roveyayinevi.com.tr\/index.php\/wp-json\/wp\/v2\/media?parent=785586"}],"wp:term":[{"taxonomy":"product_brand","embeddable":true,"href":"https:\/\/roveyayinevi.com.tr\/index.php\/wp-json\/wp\/v2\/product_brand?post=785586"},{"taxonomy":"product_cat","embeddable":true,"href":"https:\/\/roveyayinevi.com.tr\/index.php\/wp-json\/wp\/v2\/product_cat?post=785586"},{"taxonomy":"product_tag","embeddable":true,"href":"https:\/\/roveyayinevi.com.tr\/index.php\/wp-json\/wp\/v2\/product_tag?post=785586"}],"curies":[{"name":"wp","href":"https:\/\/api.w.org\/{rel}","templated":true}]}}