{"id":785585,"date":"2026-04-05T03:44:55","date_gmt":"2026-04-05T00:44:55","guid":{"rendered":"https:\/\/roveyayinevi.com.tr\/index.php\/urun\/beklenmedik-anda-ciltli\/"},"modified":"2026-04-12T03:38:21","modified_gmt":"2026-04-12T00:38:21","slug":"beklenmedik-anda-ciltli","status":"publish","type":"product","link":"https:\/\/roveyayinevi.com.tr\/index.php\/urun\/beklenmedik-anda-ciltli\/","title":{"rendered":"Beklenmedik Anda (Ciltli)"},"content":{"rendered":"<p>A\u015fk ve tutku, inat ve \u015fehvetle kar\u0131\u015f\u0131rsa&#8230;Masal, hayatta mutluluktan ba\u015fka beklentisi olmayan ba\u015far\u0131l\u0131 bir kad\u0131nd\u0131r. Y\u0131llar \u00f6nce arkada\u015f\u0131n\u0131n d\u00fc\u011f\u00fcn\u00fcnde kar\u015f\u0131la\u015ft\u0131\u011f\u0131 gizemli ve yak\u0131\u015f\u0131kl\u0131 adamdan \u00e7ok etkilenir fakat duygular\u0131na kar\u015f\u0131l\u0131k bulamaz. Masal y\u0131llar sonra bu gizemli adamla tekrar kar\u015f\u0131la\u015ft\u0131\u011f\u0131ndaysa, hi\u00e7 beklemedi\u011fi bir anda kendini yeniden ona kap\u0131l\u0131rken bulur. Sedat, ge\u00e7mi\u015f yaralar\u0131 y\u00fcz\u00fcnden a\u015fka inanc\u0131 olmayan, g\u00fcvensiz bir adamd\u0131r. Y\u0131llar \u00f6nce g\u00f6z\u00fcn\u00fc k\u0131rpmadan reddetti\u011fi k\u0131zla yeniden kar\u015f\u0131la\u015ft\u0131\u011f\u0131ndaysa, art\u0131k do\u011fru kararlar verecek o adam de\u011fildir. Masal ve Sedat, ne alevlerin hararetinden ne de onlar\u0131 s\u0131ms\u0131k\u0131 sarmalayan bu \u00e7ukurdan uzakla\u015fabilecektir.Ate\u015fle oynay\u0131p sa\u011f \u00e7\u0131kabilmek m\u00fcmk\u00fcn m\u00fcd\u00fcr?<\/p>\n","protected":false},"excerpt":{"rendered":"<p>A\u015fk ve tutku, inat ve \u015fehvetle kar\u0131\u015f\u0131rsa&#8230;Masal, hayatta mutluluktan ba\u015fka beklentisi olmayan ba\u015far\u0131l\u0131 bir kad\u0131nd\u0131r. Y\u0131llar \u00f6nce arkada\u015f\u0131n\u0131n d\u00fc\u011f\u00fcn\u00fcnde kar\u015f\u0131la\u015ft\u0131\u011f\u0131 gizemli ve yak\u0131\u015f\u0131kl\u0131 adamdan \u00e7ok etkilenir<span class=\"excerpt-hellip\"> [\u2026]<\/span><\/p>\n","protected":false},"featured_media":0,"template":"","meta":{"_monsterinsights_skip_tracking":false,"_monsterinsights_sitenote_active":false,"_monsterinsights_sitenote_note":"","_monsterinsights_sitenote_category":0},"product_brand":[],"product_cat":[12291,12711],"product_tag":[],"class_list":{"0":"post-785585","1":"product","2":"type-product","3":"status-publish","5":"product_cat-edebiyat","6":"product_cat-roman-oyku","7":"pa_cilt-ciltsiz","8":"pa_tur-kitap","9":"pa_yayinevi-pukka-yayinlari","10":"pa_yazar-tugba-atici-cosar","12":"first","13":"instock","14":"sale","15":"shipping-taxable","16":"purchasable","17":"product-type-simple"},"_links":{"self":[{"href":"https:\/\/roveyayinevi.com.tr\/index.php\/wp-json\/wp\/v2\/product\/785585","targetHints":{"allow":["GET"]}}],"collection":[{"href":"https:\/\/roveyayinevi.com.tr\/index.php\/wp-json\/wp\/v2\/product"}],"about":[{"href":"https:\/\/roveyayinevi.com.tr\/index.php\/wp-json\/wp\/v2\/types\/product"}],"wp:attachment":[{"href":"https:\/\/roveyayinevi.com.tr\/index.php\/wp-json\/wp\/v2\/media?parent=785585"}],"wp:term":[{"taxonomy":"product_brand","embeddable":true,"href":"https:\/\/roveyayinevi.com.tr\/index.php\/wp-json\/wp\/v2\/product_brand?post=785585"},{"taxonomy":"product_cat","embeddable":true,"href":"https:\/\/roveyayinevi.com.tr\/index.php\/wp-json\/wp\/v2\/product_cat?post=785585"},{"taxonomy":"product_tag","embeddable":true,"href":"https:\/\/roveyayinevi.com.tr\/index.php\/wp-json\/wp\/v2\/product_tag?post=785585"}],"curies":[{"name":"wp","href":"https:\/\/api.w.org\/{rel}","templated":true}]}}