{"id":785580,"date":"2026-04-05T03:44:27","date_gmt":"2026-04-05T00:44:27","guid":{"rendered":"https:\/\/roveyayinevi.com.tr\/index.php\/urun\/kalp-attigi-surece\/"},"modified":"2026-04-15T03:48:46","modified_gmt":"2026-04-15T00:48:46","slug":"kalp-attigi-surece","status":"publish","type":"product","link":"https:\/\/roveyayinevi.com.tr\/index.php\/urun\/kalp-attigi-surece\/","title":{"rendered":"Kalp Att\u0131\u011f\u0131 S\u00fcrece"},"content":{"rendered":"<p>Cora Lawson k\u0131z karde\u015finin do\u011fum g\u00fcn\u00fc partisine kat\u0131ld\u0131\u011f\u0131nda, en fazla ak\u015famdan kalma olmay\u0131 ya da utan\u00e7 verici bir ertesi g\u00fcn y\u00fcr\u00fcy\u00fc\u015f\u00fc bekliyordu. O gece c\u00fczdan\u0131n\u0131n \u00e7al\u0131naca\u011f\u0131n\u0131 ya da k\u0131z karde\u015finin ni\u015fanl\u0131s\u0131, ba\u015f d\u00fc\u015fman\u0131 ve ba\u015f\u0131n\u0131n belas\u0131 olan Dean Asher\u2019a \u00e7aresizce muhta\u00e7 kalaca\u011f\u0131n\u0131 hi\u00e7 d\u00fc\u015f\u00fcnmemi\u015fti.Ve kesinlikle deli bir adam\u0131n bodrumunda zincirlenmi\u015f bir halde uyanmay\u0131 beklemiyordu. Yan\u0131nda Dean\u2019in de kendi zincirlerine vurulmu\u015f oldu\u011funu g\u00f6rd\u00fc\u011f\u00fcndeyse i\u00e7inde bulundu\u011fu duruma inanamam\u0131\u015ft\u0131.On be\u015f y\u0131l boyunca s\u00fcren alaylar, hakaretler ve bitmek bilmeyen \u015fakalar\u0131n ard\u0131ndan en b\u00fcy\u00fck \u015faka onlara yap\u0131lm\u0131\u015f gibiydi. Her zaman birbirlerini \u00f6ld\u00fcreceklerini d\u00fc\u015f\u00fcnen bu iki insan, \u015fimdi hayatta kalmak ve ka\u00e7mak istiyorlarsa birlikte \u00e7al\u0131\u015fmak zorundayd\u0131lar.Ancak Cora ve Dean, onlar\u0131 ka\u00e7\u0131ran ki\u015finin ikisi i\u00e7in haz\u0131rlad\u0131\u011f\u0131 bir plan oldu\u011funu bilmiyordu. Bu plan ili\u015fkilerinin gidi\u015fat\u0131n\u0131 de\u011fi\u015ftirecek, nefret ile a\u015fk aras\u0131ndaki \u00e7izgiyi bulan\u0131kla\u015ft\u0131racak ve zincirlerinden kurtulsalar bile onlar\u0131 birbirlerine ba\u011flayacakt\u0131. Art\u0131k bu i\u015fin i\u00e7indeydiler, beklenmedik \u015fekilde kurulan ba\u011f\u0131n onlara neye mal olaca\u011f\u0131n\u0131n hi\u00e7bir \u00f6nemi yoktu.<\/p>\n","protected":false},"excerpt":{"rendered":"<p>Cora Lawson k\u0131z karde\u015finin do\u011fum g\u00fcn\u00fc partisine kat\u0131ld\u0131\u011f\u0131nda, en fazla ak\u015famdan kalma olmay\u0131 ya da utan\u00e7 verici bir ertesi g\u00fcn y\u00fcr\u00fcy\u00fc\u015f\u00fc bekliyordu. O gece c\u00fczdan\u0131n\u0131n \u00e7al\u0131naca\u011f\u0131n\u0131<span class=\"excerpt-hellip\"> [\u2026]<\/span><\/p>\n","protected":false},"featured_media":0,"template":"","meta":{"_monsterinsights_skip_tracking":false,"_monsterinsights_sitenote_active":false,"_monsterinsights_sitenote_note":"","_monsterinsights_sitenote_category":0},"product_brand":[],"product_cat":[12291,12711],"product_tag":[],"class_list":{"0":"post-785580","1":"product","2":"type-product","3":"status-publish","5":"product_cat-edebiyat","6":"product_cat-roman-oyku","7":"pa_cilt-ciltsiz","8":"pa_tur-kitap","9":"pa_yayinevi-pukka-yayinlari","10":"pa_yazar-jennifer-hartmann","12":"first","13":"instock","14":"sale","15":"shipping-taxable","16":"purchasable","17":"product-type-simple"},"_links":{"self":[{"href":"https:\/\/roveyayinevi.com.tr\/index.php\/wp-json\/wp\/v2\/product\/785580","targetHints":{"allow":["GET"]}}],"collection":[{"href":"https:\/\/roveyayinevi.com.tr\/index.php\/wp-json\/wp\/v2\/product"}],"about":[{"href":"https:\/\/roveyayinevi.com.tr\/index.php\/wp-json\/wp\/v2\/types\/product"}],"wp:attachment":[{"href":"https:\/\/roveyayinevi.com.tr\/index.php\/wp-json\/wp\/v2\/media?parent=785580"}],"wp:term":[{"taxonomy":"product_brand","embeddable":true,"href":"https:\/\/roveyayinevi.com.tr\/index.php\/wp-json\/wp\/v2\/product_brand?post=785580"},{"taxonomy":"product_cat","embeddable":true,"href":"https:\/\/roveyayinevi.com.tr\/index.php\/wp-json\/wp\/v2\/product_cat?post=785580"},{"taxonomy":"product_tag","embeddable":true,"href":"https:\/\/roveyayinevi.com.tr\/index.php\/wp-json\/wp\/v2\/product_tag?post=785580"}],"curies":[{"name":"wp","href":"https:\/\/api.w.org\/{rel}","templated":true}]}}