{"id":785578,"date":"2026-04-05T03:44:16","date_gmt":"2026-04-05T00:44:16","guid":{"rendered":"https:\/\/roveyayinevi.com.tr\/index.php\/urun\/kiyi-gunesi\/"},"modified":"2026-04-15T03:48:46","modified_gmt":"2026-04-15T00:48:46","slug":"kiyi-gunesi","status":"publish","type":"product","link":"https:\/\/roveyayinevi.com.tr\/index.php\/urun\/kiyi-gunesi\/","title":{"rendered":"K\u0131y\u0131 G\u00fcne\u015fi"},"content":{"rendered":"<p>E\u015finizi kurtarmak i\u00e7in ne kadar ileri gidebilirsiniz?Erkek k\u0131l\u0131\u011f\u0131na girerek, binlerce ki\u015filik d\u00fc\u015fman ordusunun i\u00e7ine dilsiz bir a\u015f\u00e7\u0131 olarak s\u0131zabilir misiniz?Yapamazs\u0131n, diyenler oldu.Delirdi\u011fini d\u00fc\u015f\u00fcnenler\u2026Elisa kulaklar\u0131n\u0131 kapatt\u0131 ve yaln\u0131zca kalbini a\u00e7t\u0131.Ona g\u00fc\u00e7 veren yeg\u00e2ne \u015fey ise boynunda ta\u015f\u0131d\u0131\u011f\u0131, kocas\u0131na ait olan asker kolyesiydi.*\u201cYANGINLARIN EN B\u00dcY\u00dc\u011e\u00dc KALPTE BA\u015eLAYANIYDI.\u201d<\/p>\n","protected":false},"excerpt":{"rendered":"<p>E\u015finizi kurtarmak i\u00e7in ne kadar ileri gidebilirsiniz?Erkek k\u0131l\u0131\u011f\u0131na girerek, binlerce ki\u015filik d\u00fc\u015fman ordusunun i\u00e7ine dilsiz bir a\u015f\u00e7\u0131 olarak s\u0131zabilir misiniz?Yapamazs\u0131n, diyenler oldu.Delirdi\u011fini d\u00fc\u015f\u00fcnenler\u2026Elisa kulaklar\u0131n\u0131 kapatt\u0131 ve<span class=\"excerpt-hellip\"> [\u2026]<\/span><\/p>\n","protected":false},"featured_media":0,"template":"","meta":{"_monsterinsights_skip_tracking":false,"_monsterinsights_sitenote_active":false,"_monsterinsights_sitenote_note":"","_monsterinsights_sitenote_category":0},"product_brand":[],"product_cat":[12291,12711],"product_tag":[],"class_list":{"0":"post-785578","1":"product","2":"type-product","3":"status-publish","5":"product_cat-edebiyat","6":"product_cat-roman-oyku","7":"pa_cilt-ciltsiz","8":"pa_tur-kitap","9":"pa_yayinevi-pukka-yayinlari","10":"pa_yazar-durumavii","12":"first","13":"instock","14":"sale","15":"shipping-taxable","16":"purchasable","17":"product-type-simple"},"_links":{"self":[{"href":"https:\/\/roveyayinevi.com.tr\/index.php\/wp-json\/wp\/v2\/product\/785578","targetHints":{"allow":["GET"]}}],"collection":[{"href":"https:\/\/roveyayinevi.com.tr\/index.php\/wp-json\/wp\/v2\/product"}],"about":[{"href":"https:\/\/roveyayinevi.com.tr\/index.php\/wp-json\/wp\/v2\/types\/product"}],"wp:attachment":[{"href":"https:\/\/roveyayinevi.com.tr\/index.php\/wp-json\/wp\/v2\/media?parent=785578"}],"wp:term":[{"taxonomy":"product_brand","embeddable":true,"href":"https:\/\/roveyayinevi.com.tr\/index.php\/wp-json\/wp\/v2\/product_brand?post=785578"},{"taxonomy":"product_cat","embeddable":true,"href":"https:\/\/roveyayinevi.com.tr\/index.php\/wp-json\/wp\/v2\/product_cat?post=785578"},{"taxonomy":"product_tag","embeddable":true,"href":"https:\/\/roveyayinevi.com.tr\/index.php\/wp-json\/wp\/v2\/product_tag?post=785578"}],"curies":[{"name":"wp","href":"https:\/\/api.w.org\/{rel}","templated":true}]}}