{"id":785576,"date":"2026-04-05T03:44:05","date_gmt":"2026-04-05T00:44:05","guid":{"rendered":"https:\/\/roveyayinevi.com.tr\/index.php\/urun\/dollars\/"},"modified":"2026-04-11T14:49:58","modified_gmt":"2026-04-11T11:49:58","slug":"dollars","status":"publish","type":"product","link":"https:\/\/roveyayinevi.com.tr\/index.php\/urun\/dollars\/","title":{"rendered":"Dollars"},"content":{"rendered":"<p>\u201cSeninle bir gece ge\u00e7irmeyi hi\u00e7 istememeliydim. E\u011fer daha iradeli olsayd\u0131m bunlar asla olmazd\u0131.\u201dBir zamanlar, \u00f6lu\u00a8mu\u00a8 dileyen dilsiz bir tutsakt\u0131m.\u015eimdiyse bir yatta saklan\u0131yordum.Kurtar\u0131lm\u0131\u015f ve al\u0131nm\u0131\u015ft\u0131m. Beni \u00e7alan h\u0131rs\u0131z sesimi, ge\u00e7mi\u015fimi ve bana ait olan her \u015feyi istiyordu.Teslim olmayacakt\u0131m.Fakat Elder hay\u0131r cevab\u0131n\u0131 kabul etmiyordu.Beni zorlayarak ve kand\u0131rarak, kim oldu\u011fumu yava\u015f yava\u015f ke\u015ffediyordu ta ki \u015feytanlar\u0131ndan ka\u00e7mak i\u00e7in \u00e7ello \u00e7ald\u0131\u011f\u0131n\u0131 \u00f6\u011frenene kadar. \u00c7\u00fcnk\u00fc onun mu\u00a8zi\u011fi, benim \u015feytanlar\u0131m\u0131ortaya \u00e7\u0131kar\u0131yordu.O zengindi, benim ise tek kuru\u015fum yoktu.Ben tercihen dilsizken o, do\u011fu\u015ftan merakl\u0131yd\u0131.Bunu yu\u00a8ru\u00a8temememiz i\u00e7in bir su\u00a8ru\u00a8 neden vard\u0131.Yine de bunlar aram\u0131zdaki ba\u011f\u0131 ve tutkuyu durdurmuyordu.Ta ki bir gece, o her \u015feyi mahvedene kadar.Ve b\u00f6ylece ili\u015fkimiz; gu\u00a8nah dolu, \u00e7arp\u0131k bir hale geldi.<\/p>\n","protected":false},"excerpt":{"rendered":"<p>\u201cSeninle bir gece ge\u00e7irmeyi hi\u00e7 istememeliydim. E\u011fer daha iradeli olsayd\u0131m bunlar asla olmazd\u0131.\u201dBir zamanlar, \u00f6lu\u00a8mu\u00a8 dileyen dilsiz bir tutsakt\u0131m.\u015eimdiyse bir yatta saklan\u0131yordum.Kurtar\u0131lm\u0131\u015f ve al\u0131nm\u0131\u015ft\u0131m. Beni \u00e7alan<span class=\"excerpt-hellip\"> [\u2026]<\/span><\/p>\n","protected":false},"featured_media":0,"template":"","meta":{"_monsterinsights_skip_tracking":false,"_monsterinsights_sitenote_active":false,"_monsterinsights_sitenote_note":"","_monsterinsights_sitenote_category":0},"product_brand":[],"product_cat":[12291,12711],"product_tag":[],"class_list":{"0":"post-785576","1":"product","2":"type-product","3":"status-publish","5":"product_cat-edebiyat","6":"product_cat-roman-oyku","7":"pa_cilt-ciltsiz","8":"pa_tur-kitap","9":"pa_yayinevi-pukka-yayinlari","10":"pa_yazar-pepper-winters","12":"first","13":"instock","14":"sale","15":"shipping-taxable","16":"purchasable","17":"product-type-simple"},"_links":{"self":[{"href":"https:\/\/roveyayinevi.com.tr\/index.php\/wp-json\/wp\/v2\/product\/785576","targetHints":{"allow":["GET"]}}],"collection":[{"href":"https:\/\/roveyayinevi.com.tr\/index.php\/wp-json\/wp\/v2\/product"}],"about":[{"href":"https:\/\/roveyayinevi.com.tr\/index.php\/wp-json\/wp\/v2\/types\/product"}],"wp:attachment":[{"href":"https:\/\/roveyayinevi.com.tr\/index.php\/wp-json\/wp\/v2\/media?parent=785576"}],"wp:term":[{"taxonomy":"product_brand","embeddable":true,"href":"https:\/\/roveyayinevi.com.tr\/index.php\/wp-json\/wp\/v2\/product_brand?post=785576"},{"taxonomy":"product_cat","embeddable":true,"href":"https:\/\/roveyayinevi.com.tr\/index.php\/wp-json\/wp\/v2\/product_cat?post=785576"},{"taxonomy":"product_tag","embeddable":true,"href":"https:\/\/roveyayinevi.com.tr\/index.php\/wp-json\/wp\/v2\/product_tag?post=785576"}],"curies":[{"name":"wp","href":"https:\/\/api.w.org\/{rel}","templated":true}]}}