{"id":785575,"date":"2026-04-05T03:43:59","date_gmt":"2026-04-05T00:43:59","guid":{"rendered":"https:\/\/roveyayinevi.com.tr\/index.php\/urun\/en-mukemmel-hatam\/"},"modified":"2026-04-15T03:48:46","modified_gmt":"2026-04-15T00:48:46","slug":"en-mukemmel-hatam","status":"publish","type":"product","link":"https:\/\/roveyayinevi.com.tr\/index.php\/urun\/en-mukemmel-hatam\/","title":{"rendered":"En M\u00fckemmel Hatam"},"content":{"rendered":"<p>Ben, Ulusal Hokey Ligi\u2019nin y\u00fcz\u00fcyd\u00fcm. Hayranlar\u0131n taparcas\u0131na sevdi\u011fi, milyon dolarl\u0131k g\u00fcl\u00fcmsemesi olan alt\u0131n \u00e7ocuktum. Sezon sonunda s\u00f6zle\u015fmemin s\u00fcresi dolacakt\u0131 ve eleme ma\u00e7lar\u0131 ba\u015flarken en iyi oyunumu sergilemem gerekiyordu. Dikkatleri \u00fczerime \u00e7ekmemeli, bas\u0131n mikrofonlar\u0131n\u0131 burnumun dibine soktu\u011funda onlara kar\u015f\u0131 sayg\u0131l\u0131 olmal\u0131yd\u0131m. Bu ilk defa ba\u015f\u0131ma gelmiyordu, o y\u00fczden kolay olmas\u0131 gerekirdi. De\u011fil mi?Hay\u0131r, bu sefer kolay olmayacakt\u0131. Korkun\u00e7 bir fikrin ard\u0131ndan art\u0131k k\u00f6t\u00fc kararlar konusunda t\u00fcr\u00fcn\u00fcn tek \u00f6rne\u011fi olacakt\u0131m.\u00c7ocukken en iyi arkada\u015f\u0131m olan k\u0131z\u0131, kalbimi k\u0131rd\u0131\u011f\u0131 g\u00fcnden ve babas\u0131 bana ihanet etti\u011finden beri g\u00f6rmemi\u015ftim. Sekiz y\u0131l sonra geri d\u00f6nm\u00fc\u015ft\u00fc. Ayr\u0131ca \u00f6n\u00fcm\u00fczdeki \u00fc\u00e7 ay boyunca sahte k\u0131z arkada\u015f\u0131m olacakt\u0131.Baz\u0131 yaralar asla iyile\u015fmezdi. Benimkilerin de iyile\u015fmedi\u011fini, Braxton Heights\u2019\u0131 yeniden g\u00f6rd\u00fc\u011f\u00fcm anda anlam\u0131\u015ft\u0131m. Ancak itibar\u0131m\u0131 kurtar\u0131p yeni sezon anla\u015fmam\u0131 g\u00fcvence alt\u0131na almak i\u00e7in sahip oldu\u011fum tek \u015fans oydu ve onu y\u0131llar \u00f6nce kaybetmi\u015f olsam da hokeyi kaybetmeyi reddediyordum.Sadece bu s\u00fcre\u00e7te ona tekrar \u00e2\u015f\u0131k olmayacak kadar g\u00fc\u00e7l\u00fc olmay\u0131 umuyordum.<\/p>\n","protected":false},"excerpt":{"rendered":"<p>Ben, Ulusal Hokey Ligi\u2019nin y\u00fcz\u00fcyd\u00fcm. Hayranlar\u0131n taparcas\u0131na sevdi\u011fi, milyon dolarl\u0131k g\u00fcl\u00fcmsemesi olan alt\u0131n \u00e7ocuktum. Sezon sonunda s\u00f6zle\u015fmemin s\u00fcresi dolacakt\u0131 ve eleme ma\u00e7lar\u0131 ba\u015flarken en iyi oyunumu<span class=\"excerpt-hellip\"> [\u2026]<\/span><\/p>\n","protected":false},"featured_media":0,"template":"","meta":{"_monsterinsights_skip_tracking":false,"_monsterinsights_sitenote_active":false,"_monsterinsights_sitenote_note":"","_monsterinsights_sitenote_category":0},"product_brand":[],"product_cat":[12291,12711],"product_tag":[],"class_list":{"0":"post-785575","1":"product","2":"type-product","3":"status-publish","5":"product_cat-edebiyat","6":"product_cat-roman-oyku","7":"pa_cilt-ciltsiz","8":"pa_tur-kitap","9":"pa_yayinevi-pukka-yayinlari","10":"pa_yazar-hannah-cowan","12":"first","13":"instock","14":"sale","15":"shipping-taxable","16":"purchasable","17":"product-type-simple"},"_links":{"self":[{"href":"https:\/\/roveyayinevi.com.tr\/index.php\/wp-json\/wp\/v2\/product\/785575","targetHints":{"allow":["GET"]}}],"collection":[{"href":"https:\/\/roveyayinevi.com.tr\/index.php\/wp-json\/wp\/v2\/product"}],"about":[{"href":"https:\/\/roveyayinevi.com.tr\/index.php\/wp-json\/wp\/v2\/types\/product"}],"wp:attachment":[{"href":"https:\/\/roveyayinevi.com.tr\/index.php\/wp-json\/wp\/v2\/media?parent=785575"}],"wp:term":[{"taxonomy":"product_brand","embeddable":true,"href":"https:\/\/roveyayinevi.com.tr\/index.php\/wp-json\/wp\/v2\/product_brand?post=785575"},{"taxonomy":"product_cat","embeddable":true,"href":"https:\/\/roveyayinevi.com.tr\/index.php\/wp-json\/wp\/v2\/product_cat?post=785575"},{"taxonomy":"product_tag","embeddable":true,"href":"https:\/\/roveyayinevi.com.tr\/index.php\/wp-json\/wp\/v2\/product_tag?post=785575"}],"curies":[{"name":"wp","href":"https:\/\/api.w.org\/{rel}","templated":true}]}}