{"id":785574,"date":"2026-04-05T03:43:54","date_gmt":"2026-04-05T00:43:54","guid":{"rendered":"https:\/\/roveyayinevi.com.tr\/index.php\/urun\/askin-ilk-kivilcimi\/"},"modified":"2026-04-15T03:48:46","modified_gmt":"2026-04-15T00:48:46","slug":"askin-ilk-kivilcimi","status":"publish","type":"product","link":"https:\/\/roveyayinevi.com.tr\/index.php\/urun\/askin-ilk-kivilcimi\/","title":{"rendered":"A\u015fk\u0131n \u0130lk K\u0131v\u0131lc\u0131m\u0131"},"content":{"rendered":"<p>Gabriel Martinez tan\u0131d\u0131\u011f\u0131m en ukala ve sinir bozucu adamd\u0131. Dizleri titreten bir g\u00fcl\u00fc\u015f\u00fc vard\u0131. Bunu, onun o kaba ve seksi surat\u0131ndan \u00f6perek -ah hay\u0131r- bir tokat atarak silmek istememe neden oluyordu. Kendini be\u011fenmi\u015fli\u011fine bakacak olursan\u0131z g\u00f6sterecek \u00e7ok \u015feyi oldu\u011funu d\u00fc\u015f\u00fcn\u00fcrd\u00fcn\u00fcz. Yani g\u00f6rmek istedi\u011fimden de\u011fil tabii. Hay\u0131r, hi\u00e7 istemiyordum. Ge\u00e7en sezondan kalma Michael Kors marka bir \u00e7anta gibi unuttum gitti bile.CeCe Kensington olabildi\u011fine g\u00f6steri\u015f merakl\u0131s\u0131 ve \u015f\u0131mar\u0131k biriydi. Omzuna att\u0131\u011f\u0131 o sa\u00e7ma sapan \u00e7antalar da hayata kar\u015f\u0131 olan tavr\u0131 kadar kocamand\u0131. O upuzun bacaklar\u0131 ya da dolgun parlak dudaklar\u0131n\u0131n dolanmas\u0131 gereken yer bir erke\u011fin\u2026 Neyse buna \u015fimdi ba\u015flamasam daha iyi olurdu. O seksi dudaklar\u0131na yapmak istedi\u011fim t\u00fcm o edepsiz \u015feyleri bilseydi, \u015fehrin g\u00f6steri\u015fli k\u0131sm\u0131na do\u011fru arkas\u0131na bakmadan ka\u00e7ar giderdi.Butik sahibi g\u00fczel bir kad\u0131n ve seksi bir itfaiyeci, kendilerini en olmayacak bir durumun i\u00e7inde bulduklar\u0131nda d\u00fcnyalar\u0131 \u00e7arp\u0131\u015facakt\u0131r. Yanl\u0131\u015f anla\u015f\u0131lmalarla dolu patlamalar ve etraf\u0131n\u0131 saran alevler meydana geldi\u011finde ise onlar\u0131 asla \u00f6ng\u00f6remeyecekleri o yang\u0131n\u0131n i\u00e7ine hapsedecektir.<\/p>\n","protected":false},"excerpt":{"rendered":"<p>Gabriel Martinez tan\u0131d\u0131\u011f\u0131m en ukala ve sinir bozucu adamd\u0131. Dizleri titreten bir g\u00fcl\u00fc\u015f\u00fc vard\u0131. Bunu, onun o kaba ve seksi surat\u0131ndan \u00f6perek -ah hay\u0131r- bir tokat<span class=\"excerpt-hellip\"> [\u2026]<\/span><\/p>\n","protected":false},"featured_media":0,"template":"","meta":{"_monsterinsights_skip_tracking":false,"_monsterinsights_sitenote_active":false,"_monsterinsights_sitenote_note":"","_monsterinsights_sitenote_category":0},"product_brand":[],"product_cat":[12291,12711],"product_tag":[],"class_list":{"0":"post-785574","1":"product","2":"type-product","3":"status-publish","5":"product_cat-edebiyat","6":"product_cat-roman-oyku","7":"pa_cilt-ciltsiz","8":"pa_tur-kitap","9":"pa_yayinevi-pukka-yayinlari","10":"pa_yazar-k-c-lynn","12":"first","13":"instock","14":"sale","15":"shipping-taxable","16":"purchasable","17":"product-type-simple"},"_links":{"self":[{"href":"https:\/\/roveyayinevi.com.tr\/index.php\/wp-json\/wp\/v2\/product\/785574","targetHints":{"allow":["GET"]}}],"collection":[{"href":"https:\/\/roveyayinevi.com.tr\/index.php\/wp-json\/wp\/v2\/product"}],"about":[{"href":"https:\/\/roveyayinevi.com.tr\/index.php\/wp-json\/wp\/v2\/types\/product"}],"wp:attachment":[{"href":"https:\/\/roveyayinevi.com.tr\/index.php\/wp-json\/wp\/v2\/media?parent=785574"}],"wp:term":[{"taxonomy":"product_brand","embeddable":true,"href":"https:\/\/roveyayinevi.com.tr\/index.php\/wp-json\/wp\/v2\/product_brand?post=785574"},{"taxonomy":"product_cat","embeddable":true,"href":"https:\/\/roveyayinevi.com.tr\/index.php\/wp-json\/wp\/v2\/product_cat?post=785574"},{"taxonomy":"product_tag","embeddable":true,"href":"https:\/\/roveyayinevi.com.tr\/index.php\/wp-json\/wp\/v2\/product_tag?post=785574"}],"curies":[{"name":"wp","href":"https:\/\/api.w.org\/{rel}","templated":true}]}}