{"id":785572,"date":"2026-04-05T03:43:43","date_gmt":"2026-04-05T00:43:43","guid":{"rendered":"https:\/\/roveyayinevi.com.tr\/index.php\/urun\/inferno-1\/"},"modified":"2026-04-15T03:48:46","modified_gmt":"2026-04-15T00:48:46","slug":"inferno-1","status":"publish","type":"product","link":"https:\/\/roveyayinevi.com.tr\/index.php\/urun\/inferno-1\/","title":{"rendered":"\u0130nferno &#8211; 1"},"content":{"rendered":"<p>Demir Karada\u011f; Hades lakab\u0131yla an\u0131lan, yaln\u0131zl\u0131\u011f\u0131n\u0131 ceza olarak g\u00f6ren ve kendini lanetli oldu\u011funa inand\u0131ran, d\u00fcnyevi zevklere d\u00fc\u015fk\u00fcn bir adamd\u0131r.De\u011fer verdi\u011fi ve sevdi\u011fi tek \u015fey ise g\u00f6zbebe\u011fi olan \u0130nferno`dur.Dante`nin Cehennemi\u2019nden yola \u00e7\u0131karak tasarlanm\u0131\u015f, \u015firket binas\u0131 g\u00f6r\u00fcm\u00fcne sahip son derece gizli bir haz kul\u00fcb\u00fc olan \u0130nferno; dokuz \u00e7emberden olu\u015fmaktad\u0131r ve her \u00e7emberin kendine has bir dizayn\u0131 vard\u0131r. Yaratt\u0131\u011f\u0131 tema park\u0131nda g\u00fcnlerini ge\u00e7iren Demir Karada\u011f`\u0131n hayat\u0131, bir gece yar\u0131s\u0131 cehennemine ad\u0131m atan kad\u0131n ile de\u011fi\u015fir.Helen Saral, \u00fcnl\u00fc bir yazar ve cinsel terapisttir. Karde\u015fini bulmak amac\u0131yla geldi\u011fi \u0130nferno\u2019da, onunla ilgili hi\u00e7 beklenmedik ger\u00e7eklerle y\u00fczle\u015fir.Kirli s\u0131rlar\u0131n ve tehlikenin i\u00e7ine d\u00fc\u015fen Helen ile Demir, hayatlar\u0131n\u0131 sonsuza dek de\u011fi\u015ftirecek olan bir hik\u00e2yenin kapa\u011f\u0131n\u0131 aralarlar<\/p>\n","protected":false},"excerpt":{"rendered":"<p>Demir Karada\u011f; Hades lakab\u0131yla an\u0131lan, yaln\u0131zl\u0131\u011f\u0131n\u0131 ceza olarak g\u00f6ren ve kendini lanetli oldu\u011funa inand\u0131ran, d\u00fcnyevi zevklere d\u00fc\u015fk\u00fcn bir adamd\u0131r.De\u011fer verdi\u011fi ve sevdi\u011fi tek \u015fey ise g\u00f6zbebe\u011fi<span class=\"excerpt-hellip\"> [\u2026]<\/span><\/p>\n","protected":false},"featured_media":0,"template":"","meta":{"_monsterinsights_skip_tracking":false,"_monsterinsights_sitenote_active":false,"_monsterinsights_sitenote_note":"","_monsterinsights_sitenote_category":0},"product_brand":[],"product_cat":[12291,12711],"product_tag":[],"class_list":{"0":"post-785572","1":"product","2":"type-product","3":"status-publish","5":"product_cat-edebiyat","6":"product_cat-roman-oyku","7":"pa_cilt-ciltsiz","8":"pa_tur-kitap","9":"pa_yayinevi-pukka-yayinlari","10":"pa_yazar-asena-nisikli","12":"first","13":"instock","14":"sale","15":"shipping-taxable","16":"purchasable","17":"product-type-simple"},"_links":{"self":[{"href":"https:\/\/roveyayinevi.com.tr\/index.php\/wp-json\/wp\/v2\/product\/785572","targetHints":{"allow":["GET"]}}],"collection":[{"href":"https:\/\/roveyayinevi.com.tr\/index.php\/wp-json\/wp\/v2\/product"}],"about":[{"href":"https:\/\/roveyayinevi.com.tr\/index.php\/wp-json\/wp\/v2\/types\/product"}],"wp:attachment":[{"href":"https:\/\/roveyayinevi.com.tr\/index.php\/wp-json\/wp\/v2\/media?parent=785572"}],"wp:term":[{"taxonomy":"product_brand","embeddable":true,"href":"https:\/\/roveyayinevi.com.tr\/index.php\/wp-json\/wp\/v2\/product_brand?post=785572"},{"taxonomy":"product_cat","embeddable":true,"href":"https:\/\/roveyayinevi.com.tr\/index.php\/wp-json\/wp\/v2\/product_cat?post=785572"},{"taxonomy":"product_tag","embeddable":true,"href":"https:\/\/roveyayinevi.com.tr\/index.php\/wp-json\/wp\/v2\/product_tag?post=785572"}],"curies":[{"name":"wp","href":"https:\/\/api.w.org\/{rel}","templated":true}]}}