{"id":785571,"date":"2026-04-05T03:43:37","date_gmt":"2026-04-05T00:43:37","guid":{"rendered":"https:\/\/roveyayinevi.com.tr\/index.php\/urun\/aska-dusus-1-ciltli\/"},"modified":"2026-04-08T03:45:09","modified_gmt":"2026-04-08T00:45:09","slug":"aska-dusus-1-ciltli","status":"publish","type":"product","link":"https:\/\/roveyayinevi.com.tr\/index.php\/urun\/aska-dusus-1-ciltli\/","title":{"rendered":"A\u015fka D\u00fc\u015f\u00fc\u015f 1 (Ciltli)"},"content":{"rendered":"<p>\u0130ntikam\u0131n laneti Cihangir`in ruhuna bir veba misali \u00e7\u00f6kt\u00fc\u011f\u00fcnde, Cemre`nin masumiyeti yutulmas\u0131 gereken bir zehir gibiydi.Y\u0131llar\u0131n biriktirdi\u011fi adalet arzusu, Cihangir Arslan`\u0131 d\u00fc\u015fman\u0131n\u0131n yuvas\u0131na saklanm\u0131\u015f en k\u0131ymetli par\u00e7as\u0131na, Cemre Ba\u015faran`a s\u00fcr\u00fckledi. Art\u0131k Cemre`nin avu\u00e7lar\u0131nda babas\u0131n\u0131n g\u00fcnahlar\u0131n\u0131n bedeli vard\u0131. Bu g\u00fcnahlardan \u00f6r\u00fclm\u00fc\u015f duvarlar\u0131n ard\u0131nda kaderiyle ba\u015f ba\u015fayd\u0131.Cihangir\u2019in intikam\u0131, Cemre\u2019nin nefretine \u00e7arpt\u0131\u011f\u0131nda kader ikisini de ayn\u0131 u\u00e7uruma s\u00fcr\u00fckleyecekti. \u0130kisinin de vazge\u00e7meye niyeti yoktu. Biri adaletin so\u011fuk a\u011f\u0131rl\u0131\u011f\u0131n\u0131, di\u011feri ise y\u0131llar\u0131n biriktirdi\u011fi \u00f6fkeyi ta\u015f\u0131yordu.Cihangir`in tek istedi\u011fi; i\u00e7indeki bo\u015flu\u011fu, intikam\u0131n so\u011fuk tad\u0131yla doldurmakt\u0131.Ve i\u015fte o an geldi\u011finde; ne adaletin ne de a\u015fk\u0131n s\u0131n\u0131rlar\u0131n\u0131 bilen bu iki ruh, kendi karanl\u0131klar\u0131nda birbirlerini yok etmek veya yeniden var etmek aras\u0131nda bir se\u00e7im yapmak zorunda kalacakt\u0131.<\/p>\n","protected":false},"excerpt":{"rendered":"<p>\u0130ntikam\u0131n laneti Cihangir`in ruhuna bir veba misali \u00e7\u00f6kt\u00fc\u011f\u00fcnde, Cemre`nin masumiyeti yutulmas\u0131 gereken bir zehir gibiydi.Y\u0131llar\u0131n biriktirdi\u011fi adalet arzusu, Cihangir Arslan`\u0131 d\u00fc\u015fman\u0131n\u0131n yuvas\u0131na saklanm\u0131\u015f en k\u0131ymetli par\u00e7as\u0131na,<span class=\"excerpt-hellip\"> [\u2026]<\/span><\/p>\n","protected":false},"featured_media":0,"template":"","meta":{"_monsterinsights_skip_tracking":false,"_monsterinsights_sitenote_active":false,"_monsterinsights_sitenote_note":"","_monsterinsights_sitenote_category":0},"product_brand":[],"product_cat":[12291,12711],"product_tag":[],"class_list":{"0":"post-785571","1":"product","2":"type-product","3":"status-publish","5":"product_cat-edebiyat","6":"product_cat-roman-oyku","7":"pa_cilt-ciltsiz","8":"pa_tur-kitap","9":"pa_yayinevi-pukka-yayinlari","10":"pa_yazar-gizem-aslan","12":"first","13":"instock","14":"sale","15":"shipping-taxable","16":"purchasable","17":"product-type-simple"},"_links":{"self":[{"href":"https:\/\/roveyayinevi.com.tr\/index.php\/wp-json\/wp\/v2\/product\/785571","targetHints":{"allow":["GET"]}}],"collection":[{"href":"https:\/\/roveyayinevi.com.tr\/index.php\/wp-json\/wp\/v2\/product"}],"about":[{"href":"https:\/\/roveyayinevi.com.tr\/index.php\/wp-json\/wp\/v2\/types\/product"}],"wp:attachment":[{"href":"https:\/\/roveyayinevi.com.tr\/index.php\/wp-json\/wp\/v2\/media?parent=785571"}],"wp:term":[{"taxonomy":"product_brand","embeddable":true,"href":"https:\/\/roveyayinevi.com.tr\/index.php\/wp-json\/wp\/v2\/product_brand?post=785571"},{"taxonomy":"product_cat","embeddable":true,"href":"https:\/\/roveyayinevi.com.tr\/index.php\/wp-json\/wp\/v2\/product_cat?post=785571"},{"taxonomy":"product_tag","embeddable":true,"href":"https:\/\/roveyayinevi.com.tr\/index.php\/wp-json\/wp\/v2\/product_tag?post=785571"}],"curies":[{"name":"wp","href":"https:\/\/api.w.org\/{rel}","templated":true}]}}