{"id":785570,"date":"2026-04-05T03:43:32","date_gmt":"2026-04-05T00:43:32","guid":{"rendered":"https:\/\/roveyayinevi.com.tr\/index.php\/urun\/millions\/"},"modified":"2026-04-15T03:48:46","modified_gmt":"2026-04-15T00:48:46","slug":"millions","status":"publish","type":"product","link":"https:\/\/roveyayinevi.com.tr\/index.php\/urun\/millions\/","title":{"rendered":"Millions"},"content":{"rendered":"<p>\u201cA\u015fk verilmi\u015f, al\u0131nm\u0131\u015f ve \u015fimdi de\u2026 \u00e7al\u0131nm\u0131\u015ft\u0131. Kimse bir h\u0131rs\u0131zdan \u00e7alamaz, \u00f6zellikle de benden ve ben, son nefesime kadar benim olan\u0131 savunaca\u011f\u0131m. Mesele benim neyi feda etmeye haz\u0131r oldu\u011fum de\u011fil, onu kimin hak etti\u011fi\u2026\u201dBir zamanlar, aptal gibi Elder\u2019\u0131 kendime \u00e2\u015f\u0131k edersem, her \u015feyin m\u00fckemmel olabilece\u011fine inanm\u0131\u015ft\u0131m. \u015eimdi ben kaybolmu\u015ftum, o benim pe\u015fimdeydi ve her \u015fey bizim mutlu sonumuzdan \u00e7ok uzakt\u0131. Bana kalbini vermi\u015fti, ben de ona bir s\u00f6z vermi\u015ftim ama ger\u00e7ek a\u015fk\u0131n ba\u015fkalar\u0131 i\u00e7in kutsall\u0131\u011f\u0131 yoktu. Sava\u015f yakla\u015f\u0131yordu, felaket yakla\u015f\u0131yordu ve ben sava\u015fmadan pes etmeyecektim. Elder benimdi. Ben de onundum. Ve kimse bizi ay\u0131ramazd\u0131.<\/p>\n","protected":false},"excerpt":{"rendered":"<p>\u201cA\u015fk verilmi\u015f, al\u0131nm\u0131\u015f ve \u015fimdi de\u2026 \u00e7al\u0131nm\u0131\u015ft\u0131. Kimse bir h\u0131rs\u0131zdan \u00e7alamaz, \u00f6zellikle de benden ve ben, son nefesime kadar benim olan\u0131 savunaca\u011f\u0131m. Mesele benim neyi feda<span class=\"excerpt-hellip\"> [\u2026]<\/span><\/p>\n","protected":false},"featured_media":0,"template":"","meta":{"_monsterinsights_skip_tracking":false,"_monsterinsights_sitenote_active":false,"_monsterinsights_sitenote_note":"","_monsterinsights_sitenote_category":0},"product_brand":[],"product_cat":[12291,12711],"product_tag":[],"class_list":{"0":"post-785570","1":"product","2":"type-product","3":"status-publish","5":"product_cat-edebiyat","6":"product_cat-roman-oyku","7":"pa_cilt-ciltsiz","8":"pa_tur-kitap","9":"pa_yayinevi-pukka-yayinlari","10":"pa_yazar-pepper-winters","12":"first","13":"instock","14":"sale","15":"shipping-taxable","16":"purchasable","17":"product-type-simple"},"_links":{"self":[{"href":"https:\/\/roveyayinevi.com.tr\/index.php\/wp-json\/wp\/v2\/product\/785570","targetHints":{"allow":["GET"]}}],"collection":[{"href":"https:\/\/roveyayinevi.com.tr\/index.php\/wp-json\/wp\/v2\/product"}],"about":[{"href":"https:\/\/roveyayinevi.com.tr\/index.php\/wp-json\/wp\/v2\/types\/product"}],"wp:attachment":[{"href":"https:\/\/roveyayinevi.com.tr\/index.php\/wp-json\/wp\/v2\/media?parent=785570"}],"wp:term":[{"taxonomy":"product_brand","embeddable":true,"href":"https:\/\/roveyayinevi.com.tr\/index.php\/wp-json\/wp\/v2\/product_brand?post=785570"},{"taxonomy":"product_cat","embeddable":true,"href":"https:\/\/roveyayinevi.com.tr\/index.php\/wp-json\/wp\/v2\/product_cat?post=785570"},{"taxonomy":"product_tag","embeddable":true,"href":"https:\/\/roveyayinevi.com.tr\/index.php\/wp-json\/wp\/v2\/product_tag?post=785570"}],"curies":[{"name":"wp","href":"https:\/\/api.w.org\/{rel}","templated":true}]}}