{"id":785563,"date":"2026-04-05T03:42:53","date_gmt":"2026-04-05T00:42:53","guid":{"rendered":"https:\/\/roveyayinevi.com.tr\/index.php\/urun\/kazazede-4\/"},"modified":"2026-04-15T03:48:45","modified_gmt":"2026-04-15T00:48:45","slug":"kazazede-4","status":"publish","type":"product","link":"https:\/\/roveyayinevi.com.tr\/index.php\/urun\/kazazede-4\/","title":{"rendered":"Kazazede &#8211; 4"},"content":{"rendered":"<p>&#8220;Yakt\u0131\u011f\u0131n benden geriye bir \u015fey kald\u0131 m\u0131?&#8221; Bir kayb\u0131n ard\u0131ndan hi\u00e7bir \u015fey eskisi gibi kalmaz. Verdikleri kay\u0131ptan sonra Kele\u015f Timi\u2019nin elindeki her \u015fey al\u0131nmaya ba\u015flanm\u0131\u015ft\u0131r. En ba\u015fta da y\u0131llar\u0131n\u0131 verdikleri apoletleri ve Kurtulu\u015f Dosyas\u0131\u2026 T\u00fcm bu kar\u0131\u015f\u0131kl\u0131\u011f\u0131n i\u00e7erisinde kaybolmamaya \u00e7al\u0131\u015fan Sezin\u2019in ise etmesi gereken bir veda vard\u0131r. Art\u0131k Dhib\u2019in sahneye \u00e7\u0131kma vakti gelmi\u015ftir. Kay\u0131plar, insan\u0131 yar\u0131m b\u0131rakt\u0131\u011f\u0131 kadar de\u011fi\u015ftirir de. Hem Turan Alp hem de Sezin art\u0131k eskisi gibi de\u011fildir. \u0130kisi de yaralar\u0131n\u0131 ve karanl\u0131klar\u0131n\u0131 kabul etmeli, intikam almal\u0131d\u0131r. Bu kez sava\u015f son d\u00fczl\u00fcktedir. Ve herkesin merak etti\u011fi tek bir \u015fey vard\u0131r: Yeniden aya\u011fa kalkabilecekler mi yoksa bu kay\u0131p onlar\u0131 geri d\u00f6n\u00fclmez bir yola m\u0131 sokacak? &#8220;\u0130\u00e7imde bir d\u00fcnya y\u0131k\u0131ld\u0131, Sezin. Senin yerin sars\u0131lmad\u0131. Y\u0131k\u0131lmad\u0131n. Sen temiz olan tek \u015feysin.\u201d<\/p>\n","protected":false},"excerpt":{"rendered":"<p>&#8220;Yakt\u0131\u011f\u0131n benden geriye bir \u015fey kald\u0131 m\u0131?&#8221; Bir kayb\u0131n ard\u0131ndan hi\u00e7bir \u015fey eskisi gibi kalmaz. Verdikleri kay\u0131ptan sonra Kele\u015f Timi\u2019nin elindeki her \u015fey al\u0131nmaya ba\u015flanm\u0131\u015ft\u0131r. En<span class=\"excerpt-hellip\"> [\u2026]<\/span><\/p>\n","protected":false},"featured_media":0,"template":"","meta":{"_monsterinsights_skip_tracking":false,"_monsterinsights_sitenote_active":false,"_monsterinsights_sitenote_note":"","_monsterinsights_sitenote_category":0},"product_brand":[],"product_cat":[12291,12711],"product_tag":[],"class_list":{"0":"post-785563","1":"product","2":"type-product","3":"status-publish","5":"product_cat-edebiyat","6":"product_cat-roman-oyku","7":"pa_cilt-ciltsiz","8":"pa_tur-kitap","9":"pa_yayinevi-pukka-yayinlari","10":"pa_yazar-sevval-demirdoger","12":"first","13":"instock","14":"sale","15":"shipping-taxable","16":"purchasable","17":"product-type-simple"},"_links":{"self":[{"href":"https:\/\/roveyayinevi.com.tr\/index.php\/wp-json\/wp\/v2\/product\/785563","targetHints":{"allow":["GET"]}}],"collection":[{"href":"https:\/\/roveyayinevi.com.tr\/index.php\/wp-json\/wp\/v2\/product"}],"about":[{"href":"https:\/\/roveyayinevi.com.tr\/index.php\/wp-json\/wp\/v2\/types\/product"}],"wp:attachment":[{"href":"https:\/\/roveyayinevi.com.tr\/index.php\/wp-json\/wp\/v2\/media?parent=785563"}],"wp:term":[{"taxonomy":"product_brand","embeddable":true,"href":"https:\/\/roveyayinevi.com.tr\/index.php\/wp-json\/wp\/v2\/product_brand?post=785563"},{"taxonomy":"product_cat","embeddable":true,"href":"https:\/\/roveyayinevi.com.tr\/index.php\/wp-json\/wp\/v2\/product_cat?post=785563"},{"taxonomy":"product_tag","embeddable":true,"href":"https:\/\/roveyayinevi.com.tr\/index.php\/wp-json\/wp\/v2\/product_tag?post=785563"}],"curies":[{"name":"wp","href":"https:\/\/api.w.org\/{rel}","templated":true}]}}