{"id":785562,"date":"2026-04-05T03:42:48","date_gmt":"2026-04-05T00:42:48","guid":{"rendered":"https:\/\/roveyayinevi.com.tr\/index.php\/urun\/kiziltepe-3-ciltli\/"},"modified":"2026-04-15T03:48:45","modified_gmt":"2026-04-15T00:48:45","slug":"kiziltepe-3-ciltli","status":"publish","type":"product","link":"https:\/\/roveyayinevi.com.tr\/index.php\/urun\/kiziltepe-3-ciltli\/","title":{"rendered":"K\u0131z\u0131ltepe &#8211; 3 (Ciltli)"},"content":{"rendered":"<p>T\u00fcm zorluklara ra\u011fmen beni se\u00e7meye devam edecek misin, Sancak K\u0131z\u0131ltepe?En b\u00fcy\u00fck korkum ger\u00e7ekle\u015fmi\u015f abim bizi \u00f6\u011frenmi\u015fti. Saklad\u0131\u011f\u0131m\u0131z her s\u0131rr\u0131 art\u0131k biliyordu. Hayat\u0131m\u0131n en do\u011fru adam\u0131, abimin en b\u00fcy\u00fck hayal k\u0131r\u0131kl\u0131\u011f\u0131 olmu\u015ftu. Sevdi\u011fim adam\u0131 se\u00e7mek, abimi kar\u015f\u0131ma almak demekti. Ailemi se\u00e7mekse kalbimi ink\u00e2r etmekti.Bu a\u015fk i\u00e7in m\u00fccadele vermenin t\u00fcrl\u00fc zorluklarla y\u00fczle\u015fmek oldu\u011funu kimse s\u00f6ylememi\u015fti. \u015eimdi \u00f6n\u00fcmde iki yol vard\u0131. Abimi mi se\u00e7meliydim yoksa sevdi\u011fim adam\u0131 m\u0131?S\u00f6yle Mahira Ayazkan, bu a\u015fk i\u00e7in s\u0131nanmaya haz\u0131r m\u0131s\u0131n?<\/p>\n","protected":false},"excerpt":{"rendered":"<p>T\u00fcm zorluklara ra\u011fmen beni se\u00e7meye devam edecek misin, Sancak K\u0131z\u0131ltepe?En b\u00fcy\u00fck korkum ger\u00e7ekle\u015fmi\u015f abim bizi \u00f6\u011frenmi\u015fti. Saklad\u0131\u011f\u0131m\u0131z her s\u0131rr\u0131 art\u0131k biliyordu. Hayat\u0131m\u0131n en do\u011fru adam\u0131, abimin<span class=\"excerpt-hellip\"> [\u2026]<\/span><\/p>\n","protected":false},"featured_media":0,"template":"","meta":{"_monsterinsights_skip_tracking":false,"_monsterinsights_sitenote_active":false,"_monsterinsights_sitenote_note":"","_monsterinsights_sitenote_category":0},"product_brand":[],"product_cat":[12291,12711],"product_tag":[],"class_list":{"0":"post-785562","1":"product","2":"type-product","3":"status-publish","5":"product_cat-edebiyat","6":"product_cat-roman-oyku","7":"pa_cilt-ciltsiz","8":"pa_tur-kitap","9":"pa_yayinevi-pukka-yayinlari","10":"pa_yazar-hazal-aba","12":"first","13":"instock","14":"sale","15":"shipping-taxable","16":"purchasable","17":"product-type-simple"},"_links":{"self":[{"href":"https:\/\/roveyayinevi.com.tr\/index.php\/wp-json\/wp\/v2\/product\/785562","targetHints":{"allow":["GET"]}}],"collection":[{"href":"https:\/\/roveyayinevi.com.tr\/index.php\/wp-json\/wp\/v2\/product"}],"about":[{"href":"https:\/\/roveyayinevi.com.tr\/index.php\/wp-json\/wp\/v2\/types\/product"}],"wp:attachment":[{"href":"https:\/\/roveyayinevi.com.tr\/index.php\/wp-json\/wp\/v2\/media?parent=785562"}],"wp:term":[{"taxonomy":"product_brand","embeddable":true,"href":"https:\/\/roveyayinevi.com.tr\/index.php\/wp-json\/wp\/v2\/product_brand?post=785562"},{"taxonomy":"product_cat","embeddable":true,"href":"https:\/\/roveyayinevi.com.tr\/index.php\/wp-json\/wp\/v2\/product_cat?post=785562"},{"taxonomy":"product_tag","embeddable":true,"href":"https:\/\/roveyayinevi.com.tr\/index.php\/wp-json\/wp\/v2\/product_tag?post=785562"}],"curies":[{"name":"wp","href":"https:\/\/api.w.org\/{rel}","templated":true}]}}