{"id":785558,"date":"2026-04-05T03:42:26","date_gmt":"2026-04-05T00:42:26","guid":{"rendered":"https:\/\/roveyayinevi.com.tr\/index.php\/urun\/kiziltepe-2-ciltli\/"},"modified":"2026-04-15T03:48:45","modified_gmt":"2026-04-15T00:48:45","slug":"kiziltepe-2-ciltli","status":"publish","type":"product","link":"https:\/\/roveyayinevi.com.tr\/index.php\/urun\/kiziltepe-2-ciltli\/","title":{"rendered":"K\u0131z\u0131ltepe &#8211; 2 (Ciltli)"},"content":{"rendered":"<p>Bana d\u00f6necek misin, Sancak K\u0131z\u0131ltepe? Sancak K\u0131z\u0131ltepe art\u0131k sadece abimin arkada\u015f\u0131 de\u011fildi. O; kalbimin saklad\u0131\u011f\u0131 en b\u00fcy\u00fck s\u0131r, sevdi\u011fim adam ve hayal etti\u011fim gelece\u011fin ta kendisiydi. Ge\u00e7irdi\u011fi kazan\u0131n ard\u0131ndan d\u00fcnya bir anda sessizli\u011fe b\u00fcr\u00fcnd\u00fc. Onun ya\u015fay\u0131p ya\u015famad\u0131\u011f\u0131n\u0131 bilmeden ge\u00e7en her dakika i\u00e7imde b\u00fcy\u00fcyen bir su\u00e7lulu\u011fa d\u00f6n\u00fc\u015ft\u00fc. Onsuz nas\u0131l nefes alaca\u011f\u0131m\u0131 bile bilmiyordum. \u015eimdi hem kalbimle hem de kaderimle, sevdi\u011fim adam u\u011fruna verilen bir sava\u015f\u0131n i\u00e7indeydim. Ge\u00e7mi\u015fimize ait sakl\u0131 an\u0131lar, yar\u0131m kalan c\u00fcmleler ve s\u00f6ylenemeyen duygular bir bir ortaya d\u00f6k\u00fcl\u00fcrken en b\u00fcy\u00fck korkum ise h\u00e2l\u00e2 ayn\u0131yd\u0131: Abimin bizi \u00f6\u011frenmesi.<\/p>\n","protected":false},"excerpt":{"rendered":"<p>Bana d\u00f6necek misin, Sancak K\u0131z\u0131ltepe? Sancak K\u0131z\u0131ltepe art\u0131k sadece abimin arkada\u015f\u0131 de\u011fildi. O; kalbimin saklad\u0131\u011f\u0131 en b\u00fcy\u00fck s\u0131r, sevdi\u011fim adam ve hayal etti\u011fim gelece\u011fin ta kendisiydi.<span class=\"excerpt-hellip\"> [\u2026]<\/span><\/p>\n","protected":false},"featured_media":0,"template":"","meta":{"_monsterinsights_skip_tracking":false,"_monsterinsights_sitenote_active":false,"_monsterinsights_sitenote_note":"","_monsterinsights_sitenote_category":0},"product_brand":[],"product_cat":[12291,12711],"product_tag":[],"class_list":{"0":"post-785558","1":"product","2":"type-product","3":"status-publish","5":"product_cat-edebiyat","6":"product_cat-roman-oyku","7":"pa_cilt-ciltsiz","8":"pa_tur-kitap","9":"pa_yayinevi-pukka-yayinlari","10":"pa_yazar-hazal-aba","12":"first","13":"instock","14":"sale","15":"shipping-taxable","16":"purchasable","17":"product-type-simple"},"_links":{"self":[{"href":"https:\/\/roveyayinevi.com.tr\/index.php\/wp-json\/wp\/v2\/product\/785558","targetHints":{"allow":["GET"]}}],"collection":[{"href":"https:\/\/roveyayinevi.com.tr\/index.php\/wp-json\/wp\/v2\/product"}],"about":[{"href":"https:\/\/roveyayinevi.com.tr\/index.php\/wp-json\/wp\/v2\/types\/product"}],"wp:attachment":[{"href":"https:\/\/roveyayinevi.com.tr\/index.php\/wp-json\/wp\/v2\/media?parent=785558"}],"wp:term":[{"taxonomy":"product_brand","embeddable":true,"href":"https:\/\/roveyayinevi.com.tr\/index.php\/wp-json\/wp\/v2\/product_brand?post=785558"},{"taxonomy":"product_cat","embeddable":true,"href":"https:\/\/roveyayinevi.com.tr\/index.php\/wp-json\/wp\/v2\/product_cat?post=785558"},{"taxonomy":"product_tag","embeddable":true,"href":"https:\/\/roveyayinevi.com.tr\/index.php\/wp-json\/wp\/v2\/product_tag?post=785558"}],"curies":[{"name":"wp","href":"https:\/\/api.w.org\/{rel}","templated":true}]}}