{"id":785556,"date":"2026-04-05T03:42:15","date_gmt":"2026-04-05T00:42:15","guid":{"rendered":"https:\/\/roveyayinevi.com.tr\/index.php\/urun\/kiziltepe-1-ciltli\/"},"modified":"2026-04-15T03:48:45","modified_gmt":"2026-04-15T00:48:45","slug":"kiziltepe-1-ciltli","status":"publish","type":"product","link":"https:\/\/roveyayinevi.com.tr\/index.php\/urun\/kiziltepe-1-ciltli\/","title":{"rendered":"K\u0131z\u0131ltepe &#8211; 1 (Ciltli)"},"content":{"rendered":"<p>Peki, benim i\u00e7in sava\u015facak m\u0131s\u0131n, Sancak K\u0131z\u0131ltepe? O, abimin en yak\u0131n arkada\u015f\u0131yd\u0131. Ciddi, ba\u015far\u0131l\u0131, koruyucu ve \u00fczerime titreyen bir adamd\u0131. Ben ise ondan k\u00fc\u00e7\u00fck, delidolu, ba\u015f\u0131n\u0131 s\u00fcrekli belaya sokan biriydim. Ayr\u0131ca en yak\u0131n arkada\u015f\u0131n\u0131n k\u0131z karde\u015fiydim. Z\u0131t y\u00f6nlerimiz bizi hem sinirlendiriyor hem de \u00e7ekiyordu. Bir bak\u0131\u015f\u0131m\u0131z kalplerimizi h\u0131zland\u0131r\u0131yor, bir dokunu\u015fumuz kurallar\u0131 alt\u00fcst ediyordu. Onsuz bir hayat\u0131 hayal bile edemezdim. \u00dcstelik istemiyordum da.<\/p>\n","protected":false},"excerpt":{"rendered":"<p>Peki, benim i\u00e7in sava\u015facak m\u0131s\u0131n, Sancak K\u0131z\u0131ltepe? O, abimin en yak\u0131n arkada\u015f\u0131yd\u0131. Ciddi, ba\u015far\u0131l\u0131, koruyucu ve \u00fczerime titreyen bir adamd\u0131. Ben ise ondan k\u00fc\u00e7\u00fck, delidolu, ba\u015f\u0131n\u0131<span class=\"excerpt-hellip\"> [\u2026]<\/span><\/p>\n","protected":false},"featured_media":0,"template":"","meta":{"_monsterinsights_skip_tracking":false,"_monsterinsights_sitenote_active":false,"_monsterinsights_sitenote_note":"","_monsterinsights_sitenote_category":0},"product_brand":[],"product_cat":[12291,12711],"product_tag":[],"class_list":{"0":"post-785556","1":"product","2":"type-product","3":"status-publish","5":"product_cat-edebiyat","6":"product_cat-roman-oyku","7":"pa_cilt-ciltsiz","8":"pa_tur-kitap","9":"pa_yayinevi-pukka-yayinlari","10":"pa_yazar-hazal-aba","12":"first","13":"instock","14":"sale","15":"shipping-taxable","16":"purchasable","17":"product-type-simple"},"_links":{"self":[{"href":"https:\/\/roveyayinevi.com.tr\/index.php\/wp-json\/wp\/v2\/product\/785556","targetHints":{"allow":["GET"]}}],"collection":[{"href":"https:\/\/roveyayinevi.com.tr\/index.php\/wp-json\/wp\/v2\/product"}],"about":[{"href":"https:\/\/roveyayinevi.com.tr\/index.php\/wp-json\/wp\/v2\/types\/product"}],"wp:attachment":[{"href":"https:\/\/roveyayinevi.com.tr\/index.php\/wp-json\/wp\/v2\/media?parent=785556"}],"wp:term":[{"taxonomy":"product_brand","embeddable":true,"href":"https:\/\/roveyayinevi.com.tr\/index.php\/wp-json\/wp\/v2\/product_brand?post=785556"},{"taxonomy":"product_cat","embeddable":true,"href":"https:\/\/roveyayinevi.com.tr\/index.php\/wp-json\/wp\/v2\/product_cat?post=785556"},{"taxonomy":"product_tag","embeddable":true,"href":"https:\/\/roveyayinevi.com.tr\/index.php\/wp-json\/wp\/v2\/product_tag?post=785556"}],"curies":[{"name":"wp","href":"https:\/\/api.w.org\/{rel}","templated":true}]}}