{"id":785555,"date":"2026-04-05T03:42:10","date_gmt":"2026-04-05T00:42:10","guid":{"rendered":"https:\/\/roveyayinevi.com.tr\/index.php\/urun\/golgesiz-kutulu-ciltli\/"},"modified":"2026-04-15T03:48:45","modified_gmt":"2026-04-15T00:48:45","slug":"golgesiz-kutulu-ciltli","status":"publish","type":"product","link":"https:\/\/roveyayinevi.com.tr\/index.php\/urun\/golgesiz-kutulu-ciltli\/","title":{"rendered":"G\u00f6lgesiz  (Kutulu-Ciltli)"},"content":{"rendered":"<p>Narin\u2019in \u015fehit oldu\u011funa inand\u0131\u011f\u0131 kocas\u0131 Hakan\u2019\u0131n, tam d\u00f6rt y\u0131l sonra geri d\u00f6nd\u00fc\u011f\u00fcnde tek istedi\u011fi ailesine kavu\u015fmakt\u0131. Hakan\u2019\u0131n yoklu\u011funda bir\u00e7ok zorlu\u011fa g\u00f6\u011f\u00fcs gerip \u00e7ocuklar\u0131n\u0131 tek ba\u015f\u0131na b\u00fcy\u00fctmek zorunda kalan Narin\u2019in ise akl\u0131ndaki son \u015fey, ona bu kadar b\u00fcy\u00fck bir yalan s\u00f6yleyen kocas\u0131n\u0131 affetmekti. Narin i\u00e7in as\u0131l zor olan Hakan\u2019\u0131n yoklu\u011fu muydu, yoksa beraberinde getirdi\u011fi s\u0131rlar m\u0131? Hakan ve Narin\u2019in hik\u00e2yesi kald\u0131\u011f\u0131 yerden devam etmiyor, yeniden ba\u015fl\u0131yor. ***\u201cSen benim hi\u00e7 varmak istemedi\u011fim k\u0131y\u0131ms\u0131n, Narin. Oysa ben dalgal\u0131 sular\u0131n adam\u0131y\u0131m.\u201d<\/p>\n","protected":false},"excerpt":{"rendered":"<p>Narin\u2019in \u015fehit oldu\u011funa inand\u0131\u011f\u0131 kocas\u0131 Hakan\u2019\u0131n, tam d\u00f6rt y\u0131l sonra geri d\u00f6nd\u00fc\u011f\u00fcnde tek istedi\u011fi ailesine kavu\u015fmakt\u0131. Hakan\u2019\u0131n yoklu\u011funda bir\u00e7ok zorlu\u011fa g\u00f6\u011f\u00fcs gerip \u00e7ocuklar\u0131n\u0131 tek ba\u015f\u0131na b\u00fcy\u00fctmek<span class=\"excerpt-hellip\"> [\u2026]<\/span><\/p>\n","protected":false},"featured_media":0,"template":"","meta":{"_monsterinsights_skip_tracking":false,"_monsterinsights_sitenote_active":false,"_monsterinsights_sitenote_note":"","_monsterinsights_sitenote_category":0},"product_brand":[],"product_cat":[12291,12711],"product_tag":[],"class_list":{"0":"post-785555","1":"product","2":"type-product","3":"status-publish","5":"product_cat-edebiyat","6":"product_cat-roman-oyku","7":"pa_cilt-ciltsiz","8":"pa_tur-kitap","9":"pa_yayinevi-pukka-yayinlari","10":"pa_yazar-sibel-akcan","12":"first","13":"instock","14":"sale","15":"shipping-taxable","16":"purchasable","17":"product-type-simple"},"_links":{"self":[{"href":"https:\/\/roveyayinevi.com.tr\/index.php\/wp-json\/wp\/v2\/product\/785555","targetHints":{"allow":["GET"]}}],"collection":[{"href":"https:\/\/roveyayinevi.com.tr\/index.php\/wp-json\/wp\/v2\/product"}],"about":[{"href":"https:\/\/roveyayinevi.com.tr\/index.php\/wp-json\/wp\/v2\/types\/product"}],"wp:attachment":[{"href":"https:\/\/roveyayinevi.com.tr\/index.php\/wp-json\/wp\/v2\/media?parent=785555"}],"wp:term":[{"taxonomy":"product_brand","embeddable":true,"href":"https:\/\/roveyayinevi.com.tr\/index.php\/wp-json\/wp\/v2\/product_brand?post=785555"},{"taxonomy":"product_cat","embeddable":true,"href":"https:\/\/roveyayinevi.com.tr\/index.php\/wp-json\/wp\/v2\/product_cat?post=785555"},{"taxonomy":"product_tag","embeddable":true,"href":"https:\/\/roveyayinevi.com.tr\/index.php\/wp-json\/wp\/v2\/product_tag?post=785555"}],"curies":[{"name":"wp","href":"https:\/\/api.w.org\/{rel}","templated":true}]}}