{"id":785546,"date":"2026-04-05T03:41:21","date_gmt":"2026-04-05T00:41:21","guid":{"rendered":"https:\/\/roveyayinevi.com.tr\/index.php\/urun\/beni-geride-birak-kutulu-ciltli-defter-hediyeli\/"},"modified":"2026-04-13T03:44:49","modified_gmt":"2026-04-13T00:44:49","slug":"beni-geride-birak-kutulu-ciltli-defter-hediyeli","status":"publish","type":"product","link":"https:\/\/roveyayinevi.com.tr\/index.php\/urun\/beni-geride-birak-kutulu-ciltli-defter-hediyeli\/","title":{"rendered":"Beni Geride B\u0131rak (Kutulu &#8211; Ciltli &#8211; Defter Hediyeli)"},"content":{"rendered":"<p>Nell Gallows, iki y\u0131l \u00f6nce ger\u00e7ekle\u015fen y\u0131k\u0131c\u0131 bir sald\u0131r\u0131n\u0131n ard\u0131ndan ekibi Ri\u00f8t&#8217;un hayatta kalan tek \u00fcyesiydi. \u00d6zel operasyon ekibi Malum&#8217;un en g\u00fc\u00e7l\u00fc aday\u0131 olarak g\u00f6sterilmesi de kimse i\u00e7in s\u00fcrpriz olmam\u0131\u015ft\u0131. Malum, kimsenin gitmeyece\u011fi veya gidemeyece\u011fi yerlere giden tek ekipti. Ancak ortada ciddi bir sorun vard\u0131. Malum, Patagonya operasyonunda ya\u015fad\u0131\u011f\u0131 kay\u0131ptan Ri\u00f8t ekibini sorumlu tutuyordu. Bu y\u00fczden Kaliforniya\u2019ya giden bir u\u00e7akta \u00f6l\u00fcm cezas\u0131na do\u011fru ilerleyen Nell, tek gecelik bir birliktelik ya\u015famaya karar vermi\u015fti. Fakat bunu yapmak istedi\u011fi karanl\u0131k ve gizemli adam\u0131n hem yeni silah arkada\u015f\u0131 hem de tan\u0131\u015fmaktan en korktu\u011fu ki\u015fi oldu\u011funu \u00e7ok ge\u00e7 fark etti: Do\u011frudan \u00fcst r\u00fctbelisi ve arazideki dokunulmaz \u015feytan\u2026 Bones. Bones, yery\u00fcz\u00fcndeki cehennemin ta kendisiydi. Ac\u0131mas\u0131zd\u0131, kimseyi affetmezdi ve en \u00f6nemlisi Nell\u2019den nefret ediyordu. Yine de g\u00f6revleri ters gitti\u011finde ve Bones tahliye noktas\u0131na ula\u015famad\u0131\u011f\u0131nda, Nell onu geride b\u0131rakmam\u0131\u015ft\u0131. \u015eeytanla ve onun saklad\u0131\u011f\u0131 s\u0131rlarla birlikte yan\u0131nda kalm\u0131\u015ft\u0131. Ve art\u0131k inan\u00e7 kalmad\u0131\u011f\u0131nda, yaln\u0131zca birbirlerine g\u00fcveneceklerdi.<\/p>\n","protected":false},"excerpt":{"rendered":"<p>Nell Gallows, iki y\u0131l \u00f6nce ger\u00e7ekle\u015fen y\u0131k\u0131c\u0131 bir sald\u0131r\u0131n\u0131n ard\u0131ndan ekibi Ri\u00f8t&#8217;un hayatta kalan tek \u00fcyesiydi. \u00d6zel operasyon ekibi Malum&#8217;un en g\u00fc\u00e7l\u00fc aday\u0131 olarak g\u00f6sterilmesi de<span class=\"excerpt-hellip\"> [\u2026]<\/span><\/p>\n","protected":false},"featured_media":0,"template":"","meta":{"_monsterinsights_skip_tracking":false,"_monsterinsights_sitenote_active":false,"_monsterinsights_sitenote_note":"","_monsterinsights_sitenote_category":0},"product_brand":[],"product_cat":[12291,12711],"product_tag":[],"class_list":{"0":"post-785546","1":"product","2":"type-product","3":"status-publish","5":"product_cat-edebiyat","6":"product_cat-roman-oyku","7":"pa_cilt-ciltsiz","8":"pa_tur-kitap","9":"pa_yayinevi-pukka-yayinlari","10":"pa_yazar-k-m-moronova","12":"first","13":"instock","14":"sale","15":"shipping-taxable","16":"purchasable","17":"product-type-simple"},"_links":{"self":[{"href":"https:\/\/roveyayinevi.com.tr\/index.php\/wp-json\/wp\/v2\/product\/785546","targetHints":{"allow":["GET"]}}],"collection":[{"href":"https:\/\/roveyayinevi.com.tr\/index.php\/wp-json\/wp\/v2\/product"}],"about":[{"href":"https:\/\/roveyayinevi.com.tr\/index.php\/wp-json\/wp\/v2\/types\/product"}],"wp:attachment":[{"href":"https:\/\/roveyayinevi.com.tr\/index.php\/wp-json\/wp\/v2\/media?parent=785546"}],"wp:term":[{"taxonomy":"product_brand","embeddable":true,"href":"https:\/\/roveyayinevi.com.tr\/index.php\/wp-json\/wp\/v2\/product_brand?post=785546"},{"taxonomy":"product_cat","embeddable":true,"href":"https:\/\/roveyayinevi.com.tr\/index.php\/wp-json\/wp\/v2\/product_cat?post=785546"},{"taxonomy":"product_tag","embeddable":true,"href":"https:\/\/roveyayinevi.com.tr\/index.php\/wp-json\/wp\/v2\/product_tag?post=785546"}],"curies":[{"name":"wp","href":"https:\/\/api.w.org\/{rel}","templated":true}]}}