{"id":785544,"date":"2026-04-05T03:41:10","date_gmt":"2026-04-05T00:41:10","guid":{"rendered":"https:\/\/roveyayinevi.com.tr\/index.php\/urun\/lal-figan-serisi-kutulu-ciltli-defter-hediyelisakli-yasakli-bagli\/"},"modified":"2026-04-15T03:48:45","modified_gmt":"2026-04-15T00:48:45","slug":"lal-figan-serisi-kutulu-ciltli-defter-hediyelisakli-yasakli-bagli","status":"publish","type":"product","link":"https:\/\/roveyayinevi.com.tr\/index.php\/urun\/lal-figan-serisi-kutulu-ciltli-defter-hediyelisakli-yasakli-bagli\/","title":{"rendered":"Lal Figan Serisi (Kutulu &#8211; Ciltli &#8211; Defter Hediyeli);Sakl\u0131 &#8211; Yasakl\u0131 &#8211; Ba\u011fl\u0131"},"content":{"rendered":"<p>SAKLIErva, t\u00fcm hareketlerini ve al\u0131\u015fkanl\u0131klar\u0131n\u0131 hatta akl\u0131ndan ge\u00e7irdiklerini ezbere bildi\u011fi \u00dcste\u011fmen Doru Demir\u2019e \u00e2\u015f\u0131kt\u0131.Bir beklentisi olmadan, imk\u00e2ns\u0131z oldu\u011funu bilerek g\u00fcnlerini ve gecelerini ona kom\u015fu olan askeri lojmandaki tek katl\u0131 konutunda ge\u00e7irirken, duvarlar\u0131 onu s\u0131zd\u0131r\u0131yordu. Bazen oturup penceresinden evinin yanan \u0131\u015f\u0131klar\u0131n\u0131 izliyordu, bazen de sesini i\u015fitip evinin k\u00fc\u00e7\u00fck mutfa\u011f\u0131ndan onun yak\u0131n ama uzak gelen ya\u015fant\u0131s\u0131na dahil oluyordu.Kimselere anlatamad\u0131\u011f\u0131, kendine yasaklad\u0131\u011f\u0131 bu adam\u0131 g\u00fcnl\u00fc\u011f\u00fcne yaz\u0131yor ve hislerini herkesten, ondan bile sakl\u0131yordu. Doru Demir ile yaln\u0131zca g\u00fcnl\u00fc\u011f\u00fcn\u00fcn sayfalar\u0131nda bulu\u015fuyordu.Ta ki o g\u00fcnl\u00fck kaybolana ve bir avu\u00e7 k\u00fcle d\u00f6n\u00fcp i\u00e7ine yaz\u0131lanlardan fazlas\u0131n\u0131 beraberinde ortaya \u00e7\u0131karana kadar!Lal Figan \u00fc\u00e7lemesinin ilk kitab\u0131 olan Sakl\u0131, hem i\u00e7inizi \u0131s\u0131tacak hem de t\u00fcylerinizi diken diken edecek.\u201cBenim hik\u00e2yeme onunla tan\u0131\u015ft\u0131\u011f\u0131m o ilk an, \u00f6zlemek yaz\u0131ld\u0131&#8230;&#8221;YASAKLI\u00dcste\u011fmen Doru Demir, albay\u0131n\u0131n k\u0131z\u0131na \u00e2\u015f\u0131k oldu\u011fu zaman \u00e7ocuklu\u011funda sevgiye a\u00e7 b\u0131rak\u0131lan t\u00fcm k\u00f6\u015felerin dolaca\u011f\u0131n\u0131 d\u00fc\u015f\u00fcn\u00fcyordu. Erva ile ya\u015fad\u0131\u011f\u0131 a\u015fk onu ba\u015fka bir adama d\u00f6n\u00fc\u015ft\u00fcr\u00fcrken, bir anda onun taraf\u0131ndan terk edilmek ve asl\u0131nda hi\u00e7 sevilmedi\u011fini \u00f6\u011frenmek gururunu yerle bir etmi\u015fti.Sabaha kar\u015f\u0131 albay\u0131ndan gelen bir g\u00f6rev emriyle, ayr\u0131ld\u0131\u011f\u0131 kad\u0131n\u0131n hayat\u0131n\u0131 korumak zorunda olaca\u011f\u0131n\u0131 biliyordu.Bilmedi\u011fi ise Erva\u2019n\u0131n pe\u015finden \u0130stanbul\u2019a do\u011fru yola \u00e7\u0131karken, i\u00e7indeki a\u015fk\u0131n ac\u0131s\u0131 h\u00e2l\u00e2 tazeyken ve gururu onun taraf\u0131ndan yerle bir edilmi\u015fken kendini ondan nas\u0131l gizleyece\u011fiydi.Erva\u2019n\u0131n hep bahsetti\u011fi gibi a\u015fk g\u00f6ky\u00fcz\u00fcn\u00fcn mavisiydi, tekti ve ba\u015fka renk bir g\u00f6ky\u00fcz\u00fc d\u00fc\u015f\u00fcn\u00fclemezdi. Doru i\u00e7in onsuz ya\u015famak imk\u00e2ns\u0131zd\u0131. Karanl\u0131\u011fa sinmek ve duvarlar\u0131n, pencerelerin arkas\u0131na saklanarak onu korumak zordu. Fakat Erva\u2019y\u0131 ya\u015fatmak i\u00e7in kendine ne gururu ne de onsuzlu\u011fun \u00fcz\u00fcnt\u00fcs\u00fcn\u00fc engel tan\u0131yacakt\u0131.Lal Figan \u00fc\u00e7lemesinin ikinci kitab\u0131 olan Yasakl\u0131, ger\u00e7ek sevginin t\u00fcm engellerin \u00fczerinde oldu\u011funu kan\u0131tlamaya geliyor. Ak\u0131llardan \u00e7\u0131kmayacak b\u00fcy\u00fck bir a\u015fk\u0131n ikinci perdesine \u015fahit olmaya haz\u0131r m\u0131s\u0131n\u0131z?\u201cPeki onu unutmay\u0131 istiyor muydum??Evet, belki&#8230;Fazla can yak\u0131yordu.\u201dBA\u011eLIErva, \u00dcste\u011fmen Doru Demir\u2019in imk\u00e2ns\u0131z a\u015fk\u0131na sahip olduktan ve onunla evlendikten sonra, mutlulu\u011fun nihayet ula\u015fabilece\u011fi bir \u015fey oldu\u011funu d\u00fc\u015f\u00fcn\u00fcyordu. Ancak hayat, huzurla vaat etti\u011fi yolun kar\u015f\u0131s\u0131na trajik bir d\u00f6neme\u00e7 yerle\u015ftirmi\u015fti. Ailelerinin aras\u0131n\u0131 a\u00e7an o felaket, Erva\u2019y\u0131 sevdi\u011fi adama daha s\u0131k\u0131 sar\u0131lmaya zorlarken, bir zamanlar birbirlerine k\u00f6rd\u00fc\u011f\u00fcmle ba\u011fl\u0131 olan kader iplikleri sessizce s\u00f6k\u00fclmeye ba\u015fl\u0131yordu.Amerika\u2019ya ta\u015f\u0131nmas\u0131n\u0131n ard\u0131ndan ge\u00e7en iki uzun y\u0131l\u0131n sonras\u0131nda yan\u0131nda beklenmedik bir misafirle d\u00f6nd\u00fc\u011f\u00fcnde, \u00dcste\u011fmen Doru\u2019dan h\u00e2l\u00e2 gelmeyen bo\u015fanma talebini i\u00e7inde umut \u0131\u015f\u0131\u011f\u0131 olarak saklamay\u0131 s\u00fcrd\u00fcr\u00fcyordu. \u00dcstelik birlikte ya\u015fad\u0131klar\u0131 evde ona ait olan hi\u00e7bir \u015feyin yerini de\u011fi\u015ftirmemi\u015fti.Ne var ki ayn\u0131 \u015fey sevdi\u011fi adam i\u00e7in ge\u00e7erli de\u011fildi. Bu d\u00f6n\u00fc\u015f, yaln\u0131zca eski bir hik\u00e2yeyi tamamlamakla kalmayacak; ayn\u0131 zamanda tamamen yeni bir ba\u015flang\u0131c\u0131n kap\u0131lar\u0131n\u0131 aralayacakt\u0131. Lal Figan \u00fc\u00e7lemesinin son kitab\u0131 Ba\u011fl\u0131, t\u00fcm imk\u00e2ns\u0131zl\u0131klar\u0131 y\u0131kmaya ve sevenleriyle vedala\u015fmaya geliyor.\u201cArada bir ba\u011f var, ne zaman ne de mesafe koparabiliyor. T\u0131pk\u0131 seninle benim aramdaki gibi.\u201d<\/p>\n","protected":false},"excerpt":{"rendered":"<p>SAKLIErva, t\u00fcm hareketlerini ve al\u0131\u015fkanl\u0131klar\u0131n\u0131 hatta akl\u0131ndan ge\u00e7irdiklerini ezbere bildi\u011fi \u00dcste\u011fmen Doru Demir\u2019e \u00e2\u015f\u0131kt\u0131.Bir beklentisi olmadan, imk\u00e2ns\u0131z oldu\u011funu bilerek g\u00fcnlerini ve gecelerini ona kom\u015fu olan askeri<span class=\"excerpt-hellip\"> [\u2026]<\/span><\/p>\n","protected":false},"featured_media":0,"template":"","meta":{"_monsterinsights_skip_tracking":false,"_monsterinsights_sitenote_active":false,"_monsterinsights_sitenote_note":"","_monsterinsights_sitenote_category":0},"product_brand":[],"product_cat":[12291,12711],"product_tag":[],"class_list":{"0":"post-785544","1":"product","2":"type-product","3":"status-publish","5":"product_cat-edebiyat","6":"product_cat-roman-oyku","7":"pa_cilt-ciltsiz","8":"pa_tur-kitap","9":"pa_yayinevi-pukka-yayinlari","10":"pa_yazar-pinar-salman","12":"first","13":"instock","14":"sale","15":"shipping-taxable","16":"purchasable","17":"product-type-simple"},"_links":{"self":[{"href":"https:\/\/roveyayinevi.com.tr\/index.php\/wp-json\/wp\/v2\/product\/785544","targetHints":{"allow":["GET"]}}],"collection":[{"href":"https:\/\/roveyayinevi.com.tr\/index.php\/wp-json\/wp\/v2\/product"}],"about":[{"href":"https:\/\/roveyayinevi.com.tr\/index.php\/wp-json\/wp\/v2\/types\/product"}],"wp:attachment":[{"href":"https:\/\/roveyayinevi.com.tr\/index.php\/wp-json\/wp\/v2\/media?parent=785544"}],"wp:term":[{"taxonomy":"product_brand","embeddable":true,"href":"https:\/\/roveyayinevi.com.tr\/index.php\/wp-json\/wp\/v2\/product_brand?post=785544"},{"taxonomy":"product_cat","embeddable":true,"href":"https:\/\/roveyayinevi.com.tr\/index.php\/wp-json\/wp\/v2\/product_cat?post=785544"},{"taxonomy":"product_tag","embeddable":true,"href":"https:\/\/roveyayinevi.com.tr\/index.php\/wp-json\/wp\/v2\/product_tag?post=785544"}],"curies":[{"name":"wp","href":"https:\/\/api.w.org\/{rel}","templated":true}]}}