{"id":785543,"date":"2026-04-05T03:41:04","date_gmt":"2026-04-05T00:41:04","guid":{"rendered":"https:\/\/roveyayinevi.com.tr\/index.php\/urun\/kutlu-olsun-seti-3-kitap-kutulu-ciltli\/"},"modified":"2026-04-15T03:48:45","modified_gmt":"2026-04-15T00:48:45","slug":"kutlu-olsun-seti-3-kitap-kutulu-ciltli","status":"publish","type":"product","link":"https:\/\/roveyayinevi.com.tr\/index.php\/urun\/kutlu-olsun-seti-3-kitap-kutulu-ciltli\/","title":{"rendered":"Kutlu Olsun Seti  (3 Kitap &#8211; Kutulu &#8211; Ciltli)"},"content":{"rendered":"<p>KUTLU OLSUN \u2013 1\u201c\u00d6nce R\u00fczgar girmi\u015fti kalbime, sonra sevgiyi \u00f6\u011frenmi\u015ftim.\u201dDo\u011fdu\u011fu ilk g\u00fcn yetimhaneye b\u0131rak\u0131lan R\u00fczgar, hayat\u0131 boyunca bir \u015feylere ve birilerine ba\u011flanmaktan ka\u00e7\u0131nan, so\u011fuk biridir. Ayn\u0131 yetimhanede b\u00fcy\u00fcd\u00fc\u011f\u00fc yaramaz bir k\u0131z \u00e7ocu\u011fu olan Meltem d\u0131\u015f\u0131nda da ba\u011f kurdu\u011fu kimse yoktur.Ancak aralar\u0131ndaki bu \u00f6zel ba\u011f, ailesi taraf\u0131ndan Meltem&#8217;in yetimhaneden al\u0131nmas\u0131yla kopar ve sonras\u0131nda birbirlerinden haber alamazlar.Aradan ge\u00e7en on be\u015f seneye ra\u011fmen Meltem&#8217;i aramay\u0131 hi\u00e7 b\u0131rakmayan R\u00fczgar, tam da pes etmenin e\u015fi\u011findeyken ona dair bir iz bulur ve pe\u015fine d\u00fc\u015ferek Meltem&#8217;e ula\u015f\u0131r. \u0130kisini senelerce ayr\u0131 tutan ger\u00e7e\u011fi g\u00f6rd\u00fc\u011f\u00fcnde ise R\u00fczgar&#8217;\u0131n tek bir \u00e7\u00f6z\u00fcm \u00f6nerisi vard\u0131r: Anla\u015fmal\u0131 evlilik.\u0130kisi art\u0131k ayn\u0131 soyad\u0131n\u0131 payla\u015fan, evli ev arkada\u015flar\u0131 olacakt\u0131r.KUTLU OLSUN &#8211; 2 Meltem hep r\u00fczg\u00e2rd\u0131r ama r\u00fczg\u00e2r her zaman meltem de\u011fildir.R\u00fczgar Atao\u011flu, ayn\u0131 yetimhanede b\u00fcy\u00fcd\u00fc\u011f\u00fc haylaz bir k\u0131z \u00e7ocu\u011fu olan Meltem\u2019e verdi\u011fi s\u00f6z u\u011fruna ya\u015fam\u0131\u015ft\u0131 hayat\u0131n\u0131. O s\u00f6z u\u011fruna y\u0131llarca Meltem\u2019in izini s\u00fcrm\u00fc\u015f ve nihayet onu buldu\u011funda verdi\u011fi s\u00f6z\u00fc tutabilmek ad\u0131na anla\u015fmal\u0131 bir evlilik teklif etmi\u015fti.Olduk\u00e7a basit g\u00f6r\u00fcnen bir evlilikti bu. S\u0131n\u0131rlar\u0131 olacakt\u0131. Birbirlerinin alanlar\u0131na girmeyecekler, ayn\u0131 \u00e7at\u0131 alt\u0131nda huzur i\u00e7inde ya\u015famaya devam edeceklerdi. Ancak R\u00fczgar\u2019\u0131n kendince kusursuz bu plan\u0131nda hesaba katmad\u0131\u011f\u0131 bir \u015fey vard\u0131: A\u015fk.Sevgisizlikten donmu\u015f kalbinin etraf\u0131n\u0131 kar\u0131s\u0131 i\u00e7in hissetti\u011fi s\u0131cak duygular sard\u0131\u011f\u0131nda, R\u00fczgar teslim olmaktan ba\u015fka \u00e7aresi olmad\u0131\u011f\u0131n\u0131 biliyordu. Terk edilme korkusu ile kar\u0131s\u0131na kar\u015f\u0131 olan duygular\u0131 aras\u0131nda s\u0131k\u0131\u015f\u0131p kalan R\u00fczgar\u2019\u0131n acilen bir se\u00e7im yapmas\u0131 gerekiyordu. A\u015fk, mutluluk i\u00e7in tek ba\u015f\u0131na yeterli olur muydu? Daha da \u00f6nemlisi\u2026 A\u015fk, t\u00fcm s\u0131rlar\u0131n \u00fcstesinden tek ba\u015f\u0131na gelecek kadar g\u00fc\u00e7l\u00fc m\u00fcyd\u00fc?KUTLU OLSUN &#8211; 3\u201cR\u00fczg\u00e2r nereye eserse, r\u00fczg\u00e2rg\u00fcl\u00fcn\u00fcn y\u00f6n\u00fc de oras\u0131d\u0131r.\u201dR\u00fczgar\u2019\u0131n zay\u0131f bir an\u0131nda yapt\u0131\u011f\u0131 hatan\u0131n bedeli ona en b\u00fcy\u00fck korkusuyla geri d\u00f6nm\u00fc\u015f, Meltem taraf\u0131ndan terk edilmi\u015fti. Meltem\u2019in yoklu\u011fuyla bir kez daha y\u00fczle\u015fen R\u00fczgar, kar\u0131s\u0131n\u0131 geri kazanmak i\u00e7in elinden geleni ard\u0131na koymayacakt\u0131. Ancak ikisinin de bilmedi\u011fi bir \u015fey vard\u0131: Meltem giderken yan\u0131nda g\u00f6t\u00fcrd\u00fc\u011f\u00fc sadece bir valiz de\u011fildi.Karn\u0131nda ikisinin bebe\u011fini ta\u015f\u0131yordu.\u0130kili bir yandan hasar alm\u0131\u015f evliliklerini onarmak i\u00e7in \u00e7abalarken di\u011fer yandan da do\u011facak bebeklerine kendilerini haz\u0131rlayacaklard\u0131. Yetimhanede b\u00fcy\u00fcyen, hi\u00e7 anne baba sevgisi g\u00f6rmemi\u015f R\u00fczgar ile Meltem\u2019i \u015fimdi son kez b\u00fcy\u00fck bir s\u0131nav bekliyordu.<\/p>\n","protected":false},"excerpt":{"rendered":"<p>KUTLU OLSUN \u2013 1\u201c\u00d6nce R\u00fczgar girmi\u015fti kalbime, sonra sevgiyi \u00f6\u011frenmi\u015ftim.\u201dDo\u011fdu\u011fu ilk g\u00fcn yetimhaneye b\u0131rak\u0131lan R\u00fczgar, hayat\u0131 boyunca bir \u015feylere ve birilerine ba\u011flanmaktan ka\u00e7\u0131nan, so\u011fuk biridir. Ayn\u0131<span class=\"excerpt-hellip\"> [\u2026]<\/span><\/p>\n","protected":false},"featured_media":0,"template":"","meta":{"_monsterinsights_skip_tracking":false,"_monsterinsights_sitenote_active":false,"_monsterinsights_sitenote_note":"","_monsterinsights_sitenote_category":0},"product_brand":[],"product_cat":[12291,12711],"product_tag":[],"class_list":{"0":"post-785543","1":"product","2":"type-product","3":"status-publish","5":"product_cat-edebiyat","6":"product_cat-roman-oyku","7":"pa_cilt-ciltsiz","8":"pa_tur-kitap","9":"pa_yayinevi-pukka-yayinlari","10":"pa_yazar-ayca-t-k","12":"first","13":"instock","14":"sale","15":"shipping-taxable","16":"purchasable","17":"product-type-simple"},"_links":{"self":[{"href":"https:\/\/roveyayinevi.com.tr\/index.php\/wp-json\/wp\/v2\/product\/785543","targetHints":{"allow":["GET"]}}],"collection":[{"href":"https:\/\/roveyayinevi.com.tr\/index.php\/wp-json\/wp\/v2\/product"}],"about":[{"href":"https:\/\/roveyayinevi.com.tr\/index.php\/wp-json\/wp\/v2\/types\/product"}],"wp:attachment":[{"href":"https:\/\/roveyayinevi.com.tr\/index.php\/wp-json\/wp\/v2\/media?parent=785543"}],"wp:term":[{"taxonomy":"product_brand","embeddable":true,"href":"https:\/\/roveyayinevi.com.tr\/index.php\/wp-json\/wp\/v2\/product_brand?post=785543"},{"taxonomy":"product_cat","embeddable":true,"href":"https:\/\/roveyayinevi.com.tr\/index.php\/wp-json\/wp\/v2\/product_cat?post=785543"},{"taxonomy":"product_tag","embeddable":true,"href":"https:\/\/roveyayinevi.com.tr\/index.php\/wp-json\/wp\/v2\/product_tag?post=785543"}],"curies":[{"name":"wp","href":"https:\/\/api.w.org\/{rel}","templated":true}]}}