{"id":785538,"date":"2026-04-05T03:40:36","date_gmt":"2026-04-05T00:40:36","guid":{"rendered":"https:\/\/roveyayinevi.com.tr\/index.php\/urun\/huzun-kovan-kusu-1-kutulu-ciltli\/"},"modified":"2026-04-15T03:48:45","modified_gmt":"2026-04-15T00:48:45","slug":"huzun-kovan-kusu-1-kutulu-ciltli","status":"publish","type":"product","link":"https:\/\/roveyayinevi.com.tr\/index.php\/urun\/huzun-kovan-kusu-1-kutulu-ciltli\/","title":{"rendered":"H\u00fcz\u00fcn Kovan Ku\u015fu 1 (Kutulu-Ciltli)"},"content":{"rendered":"<p>Beliz, sevgilisi Yekta&#8217;yla ayr\u0131ld\u0131klar\u0131nda \u00fc\u00e7 y\u0131ll\u0131k ili\u015fkilerinden geriye b\u00fcy\u00fck bir kalp k\u0131r\u0131kl\u0131\u011f\u0131 ve k\u0131rg\u0131nl\u0131ktan ba\u015fka bir \u015fey kalmad\u0131\u011f\u0131n\u0131n fark\u0131ndayd\u0131. Toparlanmas\u0131n\u0131n ise uzun s\u00fcrece\u011fini d\u00fc\u015f\u00fcnm\u00fc\u015ft\u00fc. Ta ki ondan bir par\u00e7ay\u0131 karn\u0131nda ta\u015f\u0131d\u0131\u011f\u0131n\u0131 \u00f6\u011frenene kadar. Bir ku\u015fun her kanat \u00e7\u0131rp\u0131\u015f\u0131n\u0131n umut say\u0131ld\u0131\u011f\u0131 bir d\u00fcnyada Asya, Beliz\u2019in hayat\u0131na bir ku\u015f misali konuvermi\u015fti. H\u00fcz\u00fcn kovan ku\u015fu\u2026 Fakat bir zamanlar g\u00f6zlerinde a\u015fk\u0131 g\u00f6rd\u00fc\u011f\u00fc adam\u0131n onu ve bebe\u011fini istemedi\u011fini anlad\u0131\u011f\u0131nda geriye tek bir se\u00e7enek kalm\u0131\u015ft\u0131; Yekta&#8217;y\u0131 kalbinde tamamen \u00f6ld\u00fcrmek. Neredeyse iki senenin ard\u0131ndan bir i\u015f g\u00f6r\u00fc\u015fmesi \u00e7\u0131k\u0131\u015f\u0131nda onun mahalleye geri d\u00f6nd\u00fc\u011f\u00fcn\u00fc g\u00f6rd\u00fc\u011f\u00fcnde bebe\u011fini ona g\u00f6stermemekte kararl\u0131yd\u0131 ancak Yekta&#8217;n\u0131n d\u00f6n\u00fc\u015f\u00fc beraberinde bildi\u011fi t\u00fcm do\u011frular\u0131n \u015fa\u015fmas\u0131na neden olacak s\u0131rlar\u0131 da getirecekti.<\/p>\n","protected":false},"excerpt":{"rendered":"<p>Beliz, sevgilisi Yekta&#8217;yla ayr\u0131ld\u0131klar\u0131nda \u00fc\u00e7 y\u0131ll\u0131k ili\u015fkilerinden geriye b\u00fcy\u00fck bir kalp k\u0131r\u0131kl\u0131\u011f\u0131 ve k\u0131rg\u0131nl\u0131ktan ba\u015fka bir \u015fey kalmad\u0131\u011f\u0131n\u0131n fark\u0131ndayd\u0131. Toparlanmas\u0131n\u0131n ise uzun s\u00fcrece\u011fini d\u00fc\u015f\u00fcnm\u00fc\u015ft\u00fc. Ta ki<span class=\"excerpt-hellip\"> [\u2026]<\/span><\/p>\n","protected":false},"featured_media":0,"template":"","meta":{"_monsterinsights_skip_tracking":false,"_monsterinsights_sitenote_active":false,"_monsterinsights_sitenote_note":"","_monsterinsights_sitenote_category":0},"product_brand":[],"product_cat":[12291,12711],"product_tag":[],"class_list":{"0":"post-785538","1":"product","2":"type-product","3":"status-publish","5":"product_cat-edebiyat","6":"product_cat-roman-oyku","7":"pa_cilt-ciltsiz","8":"pa_tur-kitap","9":"pa_yayinevi-pukka-yayinlari","10":"pa_yazar-sude-b","12":"first","13":"instock","14":"sale","15":"shipping-taxable","16":"purchasable","17":"product-type-simple"},"_links":{"self":[{"href":"https:\/\/roveyayinevi.com.tr\/index.php\/wp-json\/wp\/v2\/product\/785538","targetHints":{"allow":["GET"]}}],"collection":[{"href":"https:\/\/roveyayinevi.com.tr\/index.php\/wp-json\/wp\/v2\/product"}],"about":[{"href":"https:\/\/roveyayinevi.com.tr\/index.php\/wp-json\/wp\/v2\/types\/product"}],"wp:attachment":[{"href":"https:\/\/roveyayinevi.com.tr\/index.php\/wp-json\/wp\/v2\/media?parent=785538"}],"wp:term":[{"taxonomy":"product_brand","embeddable":true,"href":"https:\/\/roveyayinevi.com.tr\/index.php\/wp-json\/wp\/v2\/product_brand?post=785538"},{"taxonomy":"product_cat","embeddable":true,"href":"https:\/\/roveyayinevi.com.tr\/index.php\/wp-json\/wp\/v2\/product_cat?post=785538"},{"taxonomy":"product_tag","embeddable":true,"href":"https:\/\/roveyayinevi.com.tr\/index.php\/wp-json\/wp\/v2\/product_tag?post=785538"}],"curies":[{"name":"wp","href":"https:\/\/api.w.org\/{rel}","templated":true}]}}