{"id":785535,"date":"2026-04-05T03:40:18","date_gmt":"2026-04-05T00:40:18","guid":{"rendered":"https:\/\/roveyayinevi.com.tr\/index.php\/urun\/golgesiz-2-kutulu-ciltli\/"},"modified":"2026-04-15T03:48:45","modified_gmt":"2026-04-15T00:48:45","slug":"golgesiz-2-kutulu-ciltli","status":"publish","type":"product","link":"https:\/\/roveyayinevi.com.tr\/index.php\/urun\/golgesiz-2-kutulu-ciltli\/","title":{"rendered":"G\u00f6lgesiz &#8211; 2 (Kutulu &#8211; Ciltli)"},"content":{"rendered":"<p>Hakan\u2019\u0131n d\u00f6n\u00fc\u015f\u00fc yaln\u0131zca bir adam\u0131n eve geli\u015fi de\u011fildir; y\u0131llard\u0131r g\u00f6m\u00fcl\u00fc kalan s\u0131rlar\u0131n da uyan\u0131\u015f\u0131d\u0131r. Narin, \u00f6\u011frendikleriyle kendi ger\u00e7e\u011fini sorgularken, Hakan iki hayat aras\u0131nda s\u0131k\u0131\u015f\u0131p kal\u0131r. Bilinmeyen bir d\u00fc\u015fman sessizce yakla\u015f\u0131rken hi\u00e7bir \u015fey g\u00f6r\u00fcnd\u00fc\u011f\u00fc gibi de\u011fildir ve kader \u00e7oktan yeniden yaz\u0131lmaya ba\u015flanm\u0131\u015ft\u0131r.<\/p>\n","protected":false},"excerpt":{"rendered":"<p>Hakan\u2019\u0131n d\u00f6n\u00fc\u015f\u00fc yaln\u0131zca bir adam\u0131n eve geli\u015fi de\u011fildir; y\u0131llard\u0131r g\u00f6m\u00fcl\u00fc kalan s\u0131rlar\u0131n da uyan\u0131\u015f\u0131d\u0131r. Narin, \u00f6\u011frendikleriyle kendi ger\u00e7e\u011fini sorgularken, Hakan iki hayat aras\u0131nda s\u0131k\u0131\u015f\u0131p kal\u0131r. Bilinmeyen<span class=\"excerpt-hellip\"> [\u2026]<\/span><\/p>\n","protected":false},"featured_media":0,"template":"","meta":{"_monsterinsights_skip_tracking":false,"_monsterinsights_sitenote_active":false,"_monsterinsights_sitenote_note":"","_monsterinsights_sitenote_category":0},"product_brand":[],"product_cat":[12291,12711],"product_tag":[],"class_list":{"0":"post-785535","1":"product","2":"type-product","3":"status-publish","5":"product_cat-edebiyat","6":"product_cat-roman-oyku","7":"pa_cilt-ciltsiz","8":"pa_tur-kitap","9":"pa_yayinevi-pukka-yayinlari","10":"pa_yazar-sibel-akcan","12":"first","13":"instock","14":"sale","15":"shipping-taxable","16":"purchasable","17":"product-type-simple"},"_links":{"self":[{"href":"https:\/\/roveyayinevi.com.tr\/index.php\/wp-json\/wp\/v2\/product\/785535","targetHints":{"allow":["GET"]}}],"collection":[{"href":"https:\/\/roveyayinevi.com.tr\/index.php\/wp-json\/wp\/v2\/product"}],"about":[{"href":"https:\/\/roveyayinevi.com.tr\/index.php\/wp-json\/wp\/v2\/types\/product"}],"wp:attachment":[{"href":"https:\/\/roveyayinevi.com.tr\/index.php\/wp-json\/wp\/v2\/media?parent=785535"}],"wp:term":[{"taxonomy":"product_brand","embeddable":true,"href":"https:\/\/roveyayinevi.com.tr\/index.php\/wp-json\/wp\/v2\/product_brand?post=785535"},{"taxonomy":"product_cat","embeddable":true,"href":"https:\/\/roveyayinevi.com.tr\/index.php\/wp-json\/wp\/v2\/product_cat?post=785535"},{"taxonomy":"product_tag","embeddable":true,"href":"https:\/\/roveyayinevi.com.tr\/index.php\/wp-json\/wp\/v2\/product_tag?post=785535"}],"curies":[{"name":"wp","href":"https:\/\/api.w.org\/{rel}","templated":true}]}}