{"id":785534,"date":"2026-04-05T03:40:12","date_gmt":"2026-04-05T00:40:12","guid":{"rendered":"https:\/\/roveyayinevi.com.tr\/index.php\/urun\/kiziltepe-3-ciltli-kutulu\/"},"modified":"2026-04-15T03:48:45","modified_gmt":"2026-04-15T00:48:45","slug":"kiziltepe-3-ciltli-kutulu","status":"publish","type":"product","link":"https:\/\/roveyayinevi.com.tr\/index.php\/urun\/kiziltepe-3-ciltli-kutulu\/","title":{"rendered":"K\u0131z\u0131ltepe &#8211; 3 (Ciltli &#8211; Kutulu)"},"content":{"rendered":"<p>Kutu i\u00e7eri\u011fi:  K\u0131z\u0131ltepe \u2013 3 (ciltli)K\u0131z\u0131ltepe \u2013 1 ve K\u0131z\u0131ltepe \u2013 2 kitaplar\u0131n\u0131n \u015f\u00f6mizleriKutuPosterKarakter kart\u0131\u00d6zel kesim ayra\u00e7Anahtarl\u0131k<\/p>\n","protected":false},"excerpt":{"rendered":"<p>Kutu i\u00e7eri\u011fi: K\u0131z\u0131ltepe \u2013 3 (ciltli)K\u0131z\u0131ltepe \u2013 1 ve K\u0131z\u0131ltepe \u2013 2 kitaplar\u0131n\u0131n \u015f\u00f6mizleriKutuPosterKarakter kart\u0131\u00d6zel kesim ayra\u00e7Anahtarl\u0131k<\/p>\n","protected":false},"featured_media":0,"template":"","meta":{"_monsterinsights_skip_tracking":false,"_monsterinsights_sitenote_active":false,"_monsterinsights_sitenote_note":"","_monsterinsights_sitenote_category":0},"product_brand":[],"product_cat":[12291,12711],"product_tag":[],"class_list":{"0":"post-785534","1":"product","2":"type-product","3":"status-publish","5":"product_cat-edebiyat","6":"product_cat-roman-oyku","7":"pa_cilt-ciltsiz","8":"pa_tur-kitap","9":"pa_yayinevi-pukka-yayinlari","10":"pa_yazar-hazal-aba","12":"first","13":"instock","14":"sale","15":"shipping-taxable","16":"purchasable","17":"product-type-simple"},"_links":{"self":[{"href":"https:\/\/roveyayinevi.com.tr\/index.php\/wp-json\/wp\/v2\/product\/785534","targetHints":{"allow":["GET"]}}],"collection":[{"href":"https:\/\/roveyayinevi.com.tr\/index.php\/wp-json\/wp\/v2\/product"}],"about":[{"href":"https:\/\/roveyayinevi.com.tr\/index.php\/wp-json\/wp\/v2\/types\/product"}],"wp:attachment":[{"href":"https:\/\/roveyayinevi.com.tr\/index.php\/wp-json\/wp\/v2\/media?parent=785534"}],"wp:term":[{"taxonomy":"product_brand","embeddable":true,"href":"https:\/\/roveyayinevi.com.tr\/index.php\/wp-json\/wp\/v2\/product_brand?post=785534"},{"taxonomy":"product_cat","embeddable":true,"href":"https:\/\/roveyayinevi.com.tr\/index.php\/wp-json\/wp\/v2\/product_cat?post=785534"},{"taxonomy":"product_tag","embeddable":true,"href":"https:\/\/roveyayinevi.com.tr\/index.php\/wp-json\/wp\/v2\/product_tag?post=785534"}],"curies":[{"name":"wp","href":"https:\/\/api.w.org\/{rel}","templated":true}]}}