{"id":785527,"date":"2026-04-05T03:39:39","date_gmt":"2026-04-05T00:39:39","guid":{"rendered":"https:\/\/roveyayinevi.com.tr\/index.php\/urun\/izler-kalir-1-ciltli-kutu-set\/"},"modified":"2026-04-15T03:48:44","modified_gmt":"2026-04-15T00:48:44","slug":"izler-kalir-1-ciltli-kutu-set","status":"publish","type":"product","link":"https:\/\/roveyayinevi.com.tr\/index.php\/urun\/izler-kalir-1-ciltli-kutu-set\/","title":{"rendered":"\u0130zler Kal\u0131r \u2013 1 (Ciltli Kutu Set)"},"content":{"rendered":"<p>Soner&#8217;in k\u00e2bus dolu hayat\u0131, do\u011fdu\u011fu ilk g\u00fcnden ba\u015flam\u0131\u015ft\u0131r. Hayata bir s\u0131f\u0131r yenik ba\u015flayan herkes gibi \u00e7ocuklu\u011funu ya\u015fayamadan bir gence d\u00f6n\u00fc\u015fm\u00fc\u015ft\u00fcr. Y\u0131llard\u0131r s\u00fcregelen zorluklar ve \u00e7ekti\u011fi ac\u0131lar art\u0131k ya\u015famaya devam etmek i\u00e7in bir sebep bulamamas\u0131na neden olur. \u0130kinci kez hayat\u0131n\u0131 sonland\u0131rmaya kalk\u0131\u015fmak \u00fczereyken, do\u011fum g\u00fcn\u00fcne ve planlad\u0131\u011f\u0131 \u00f6l\u00fcm saatine on iki dakika kala Beste&#8217;nin ona att\u0131\u011f\u0131 mesajlar, bu plan\u0131ndan birka\u00e7 g\u00fcnl\u00fc\u011f\u00fcne vazge\u00e7mesine neden olur. Kendini, ertesi g\u00fcn ve daha sonraki g\u00fcnler de ona yazaca\u011f\u0131n\u0131 s\u00f6yleyen Beste&#8217;nin ne yazaca\u011f\u0131n\u0131 merak ederken bulur. Beste&#8217;nin ona mesaj att\u0131\u011f\u0131 her g\u00fcn plan\u0131n\u0131 ertesi g\u00fcne ertelemeye devam eder. Soner, birka\u00e7 mesajdan ibaret de olsa fark\u0131nda olmadan kendisine ya\u015famak i\u00e7in bir sebep bulmu\u015ftur. \u00d6te yandan Beste, s\u0131n\u0131f\u0131n d\u0131\u015flanan \u00e7ocu\u011funa att\u0131\u011f\u0131 mesajlar\u0131n onun g\u00f6z\u00fcnde hi\u00e7bir \u00f6nemi olmad\u0131\u011f\u0131n\u0131 d\u00fc\u015f\u00fcnmektedir. Bilmedi\u011fi \u015fey ise Soner&#8217;in onu daha k\u00fc\u00e7\u00fck bir \u00e7ocukken parkta g\u00f6rd\u00fc\u011f\u00fc g\u00fcnden beri akl\u0131ndan \u00e7\u0131karmad\u0131\u011f\u0131d\u0131r.<\/p>\n","protected":false},"excerpt":{"rendered":"<p>Soner&#8217;in k\u00e2bus dolu hayat\u0131, do\u011fdu\u011fu ilk g\u00fcnden ba\u015flam\u0131\u015ft\u0131r. Hayata bir s\u0131f\u0131r yenik ba\u015flayan herkes gibi \u00e7ocuklu\u011funu ya\u015fayamadan bir gence d\u00f6n\u00fc\u015fm\u00fc\u015ft\u00fcr. Y\u0131llard\u0131r s\u00fcregelen zorluklar ve \u00e7ekti\u011fi ac\u0131lar<span class=\"excerpt-hellip\"> [\u2026]<\/span><\/p>\n","protected":false},"featured_media":0,"template":"","meta":{"_monsterinsights_skip_tracking":false,"_monsterinsights_sitenote_active":false,"_monsterinsights_sitenote_note":"","_monsterinsights_sitenote_category":0},"product_brand":[],"product_cat":[12291,12711],"product_tag":[],"class_list":{"0":"post-785527","1":"product","2":"type-product","3":"status-publish","5":"product_cat-edebiyat","6":"product_cat-roman-oyku","7":"pa_cilt-ciltsiz","8":"pa_tur-kitap","9":"pa_yayinevi-pukka-yayinlari","10":"pa_yazar-sude-b","12":"first","13":"instock","14":"sale","15":"shipping-taxable","16":"purchasable","17":"product-type-simple"},"_links":{"self":[{"href":"https:\/\/roveyayinevi.com.tr\/index.php\/wp-json\/wp\/v2\/product\/785527","targetHints":{"allow":["GET"]}}],"collection":[{"href":"https:\/\/roveyayinevi.com.tr\/index.php\/wp-json\/wp\/v2\/product"}],"about":[{"href":"https:\/\/roveyayinevi.com.tr\/index.php\/wp-json\/wp\/v2\/types\/product"}],"wp:attachment":[{"href":"https:\/\/roveyayinevi.com.tr\/index.php\/wp-json\/wp\/v2\/media?parent=785527"}],"wp:term":[{"taxonomy":"product_brand","embeddable":true,"href":"https:\/\/roveyayinevi.com.tr\/index.php\/wp-json\/wp\/v2\/product_brand?post=785527"},{"taxonomy":"product_cat","embeddable":true,"href":"https:\/\/roveyayinevi.com.tr\/index.php\/wp-json\/wp\/v2\/product_cat?post=785527"},{"taxonomy":"product_tag","embeddable":true,"href":"https:\/\/roveyayinevi.com.tr\/index.php\/wp-json\/wp\/v2\/product_tag?post=785527"}],"curies":[{"name":"wp","href":"https:\/\/api.w.org\/{rel}","templated":true}]}}