{"id":785523,"date":"2026-04-05T03:37:03","date_gmt":"2026-04-05T00:37:03","guid":{"rendered":"https:\/\/roveyayinevi.com.tr\/index.php\/urun\/sil-supur-carpim-tablosu-ciltli\/"},"modified":"2026-04-15T03:45:34","modified_gmt":"2026-04-15T00:45:34","slug":"sil-supur-carpim-tablosu-ciltli","status":"publish","type":"product","link":"https:\/\/roveyayinevi.com.tr\/index.php\/urun\/sil-supur-carpim-tablosu-ciltli\/","title":{"rendered":"Sil S\u00fcp\u00fcr \u2013 \u00c7arp\u0131m Tablosu (Ciltli)"},"content":{"rendered":"<p>K\u0131sa s\u00fcrede \u00e7arp\u0131m tablosunda usta ol!   \u00c7arpma i\u015flemlerini yapabilir misin?  Su bazl\u0131 ke\u00e7eli kalemle cevaplar\u0131 bo\u015f kutucuklara yaz.  Ard\u0131ndan kart\u0131 \u00e7ekerek sonucu kontrol et.  Biraz daha al\u0131\u015ft\u0131rma yapmak istersen yazd\u0131klar\u0131n\u0131  silip ba\u015ftan ba\u015fla. T\u00fcm matematik problemlerini sil s\u00fcp\u00fcr!<\/p>\n","protected":false},"excerpt":{"rendered":"<p>K\u0131sa s\u00fcrede \u00e7arp\u0131m tablosunda usta ol! \u00c7arpma i\u015flemlerini yapabilir misin? Su bazl\u0131 ke\u00e7eli kalemle cevaplar\u0131 bo\u015f kutucuklara yaz. Ard\u0131ndan kart\u0131 \u00e7ekerek sonucu kontrol et. Biraz daha<span class=\"excerpt-hellip\"> [\u2026]<\/span><\/p>\n","protected":false},"featured_media":0,"template":"","meta":{"_monsterinsights_skip_tracking":false,"_monsterinsights_sitenote_active":false,"_monsterinsights_sitenote_note":"","_monsterinsights_sitenote_category":0},"product_brand":[],"product_cat":[12274,15842],"product_tag":[],"class_list":{"0":"post-785523","1":"product","2":"type-product","3":"status-publish","5":"product_cat-cocuk-ve-genclik-kitaplari","6":"product_cat-egitici-kitaplar","7":"pa_cilt-ciltli","8":"pa_tur-kitap","9":"pa_yayinevi-indigo-cocuk","10":"pa_yazar-kolektif","12":"first","13":"instock","14":"sale","15":"shipping-taxable","16":"purchasable","17":"product-type-simple"},"_links":{"self":[{"href":"https:\/\/roveyayinevi.com.tr\/index.php\/wp-json\/wp\/v2\/product\/785523","targetHints":{"allow":["GET"]}}],"collection":[{"href":"https:\/\/roveyayinevi.com.tr\/index.php\/wp-json\/wp\/v2\/product"}],"about":[{"href":"https:\/\/roveyayinevi.com.tr\/index.php\/wp-json\/wp\/v2\/types\/product"}],"wp:attachment":[{"href":"https:\/\/roveyayinevi.com.tr\/index.php\/wp-json\/wp\/v2\/media?parent=785523"}],"wp:term":[{"taxonomy":"product_brand","embeddable":true,"href":"https:\/\/roveyayinevi.com.tr\/index.php\/wp-json\/wp\/v2\/product_brand?post=785523"},{"taxonomy":"product_cat","embeddable":true,"href":"https:\/\/roveyayinevi.com.tr\/index.php\/wp-json\/wp\/v2\/product_cat?post=785523"},{"taxonomy":"product_tag","embeddable":true,"href":"https:\/\/roveyayinevi.com.tr\/index.php\/wp-json\/wp\/v2\/product_tag?post=785523"}],"curies":[{"name":"wp","href":"https:\/\/api.w.org\/{rel}","templated":true}]}}