{"id":785522,"date":"2026-04-05T03:35:40","date_gmt":"2026-04-05T00:35:40","guid":{"rendered":"https:\/\/roveyayinevi.com.tr\/index.php\/urun\/mercek\/"},"modified":"2026-04-15T03:44:16","modified_gmt":"2026-04-15T00:44:16","slug":"mercek","status":"publish","type":"product","link":"https:\/\/roveyayinevi.com.tr\/index.php\/urun\/mercek\/","title":{"rendered":"Mercek"},"content":{"rendered":"<p>A\u011fal\u0131k da\u011flar\u0131n\u0131n sessiz yama\u00e7lar\u0131nda, toprak bir s\u0131rr\u0131 geri vermeye haz\u0131rlan\u0131yor. Bir kaz\u0131yla ba\u015flayan yolculuk, Arkeolog Harun\u2019u sadece ge\u00e7mi\u015fe de\u011fil, ruhun katmanlar\u0131na da g\u00f6t\u00fcr\u00fcyor.   K\u00f6klerinden gelen bir lanet\u2026 Zaman\u0131n \u00f6tesinde yank\u0131lanan kadim bir ses\u2026 Ve iki d\u00fcnyan\u0131n aras\u0131nda s\u0131k\u0131\u015fm\u0131\u015f bir ruh\u2026   Harun, topra\u011f\u0131n alt\u0131ndan \u00e7\u0131kan ta\u015flar\u0131 de\u011fil, kendi bilincinin derinliklerini kazmaya ba\u015flar. Ger\u00e7eklik b\u00fck\u00fcl\u00fcr, r\u00fcyalar uyan\u0131kl\u0131\u011fa kar\u0131\u015f\u0131r, astral kap\u0131lar\u0131 birer birer a\u00e7\u0131l\u0131r. Her ad\u0131mda hem ge\u00e7mi\u015f hem de gelece\u011fin g\u00f6lgesi \u00fczerine d\u00fc\u015fer. Bir yanda onu \u00e7a\u011f\u0131ran karanl\u0131k, di\u011fer yanda onu seven kad\u0131n\u0131n \u0131\u015f\u0131\u011f\u0131\u2026   Ruhun s\u0131n\u0131rlar\u0131, a\u015fk\u0131n g\u00fcc\u00fcyle yeniden \u00e7iziliyor. Mercek, sadece bir ke\u015fif hik\u00e2yesi de\u011fil; zaman\u0131n, inanc\u0131n ve bilincin \u00f6tesine uzanan bir roman.   Ruhun g\u00f6rd\u00fc\u011f\u00fc, akl\u0131n anlayamad\u0131\u011f\u0131 yere ho\u015f geldiniz.                                                                                                                                                                                            S\u00fcleyman Mert<\/p>\n","protected":false},"excerpt":{"rendered":"<p>A\u011fal\u0131k da\u011flar\u0131n\u0131n sessiz yama\u00e7lar\u0131nda, toprak bir s\u0131rr\u0131 geri vermeye haz\u0131rlan\u0131yor. Bir kaz\u0131yla ba\u015flayan yolculuk, Arkeolog Harun\u2019u sadece ge\u00e7mi\u015fe de\u011fil, ruhun katmanlar\u0131na da g\u00f6t\u00fcr\u00fcyor. K\u00f6klerinden gelen bir<span class=\"excerpt-hellip\"> [\u2026]<\/span><\/p>\n","protected":false},"featured_media":0,"template":"","meta":{"_monsterinsights_skip_tracking":false,"_monsterinsights_sitenote_active":false,"_monsterinsights_sitenote_note":"","_monsterinsights_sitenote_category":0},"product_brand":[],"product_cat":[12291,12711],"product_tag":[],"class_list":{"0":"post-785522","1":"product","2":"type-product","3":"status-publish","5":"product_cat-edebiyat","6":"product_cat-roman-oyku","7":"pa_cilt-ciltsiz","8":"pa_tur-kitap","9":"pa_yayinevi-luna-yayinlari","10":"pa_yazar-suleyman-mert","12":"first","13":"instock","14":"sale","15":"shipping-taxable","16":"purchasable","17":"product-type-simple"},"_links":{"self":[{"href":"https:\/\/roveyayinevi.com.tr\/index.php\/wp-json\/wp\/v2\/product\/785522","targetHints":{"allow":["GET"]}}],"collection":[{"href":"https:\/\/roveyayinevi.com.tr\/index.php\/wp-json\/wp\/v2\/product"}],"about":[{"href":"https:\/\/roveyayinevi.com.tr\/index.php\/wp-json\/wp\/v2\/types\/product"}],"wp:attachment":[{"href":"https:\/\/roveyayinevi.com.tr\/index.php\/wp-json\/wp\/v2\/media?parent=785522"}],"wp:term":[{"taxonomy":"product_brand","embeddable":true,"href":"https:\/\/roveyayinevi.com.tr\/index.php\/wp-json\/wp\/v2\/product_brand?post=785522"},{"taxonomy":"product_cat","embeddable":true,"href":"https:\/\/roveyayinevi.com.tr\/index.php\/wp-json\/wp\/v2\/product_cat?post=785522"},{"taxonomy":"product_tag","embeddable":true,"href":"https:\/\/roveyayinevi.com.tr\/index.php\/wp-json\/wp\/v2\/product_tag?post=785522"}],"curies":[{"name":"wp","href":"https:\/\/api.w.org\/{rel}","templated":true}]}}