{"id":785520,"date":"2026-04-05T03:35:22","date_gmt":"2026-04-05T00:35:22","guid":{"rendered":"https:\/\/roveyayinevi.com.tr\/index.php\/urun\/kalp-saati\/"},"modified":"2026-04-15T03:43:47","modified_gmt":"2026-04-15T00:43:47","slug":"kalp-saati","status":"publish","type":"product","link":"https:\/\/roveyayinevi.com.tr\/index.php\/urun\/kalp-saati\/","title":{"rendered":"Kalp Saati"},"content":{"rendered":"<p>Burada ve \u015eimdi Ba\u011flant\u0131 Kurmak\u00c7a\u011f\u0131m\u0131z\u0131n \u00f6nde gelen psikoterapistlerinden Irvin D. Yalom\u2019un bir saatlik ve tek seferlik seanslardan olu\u015fan yepyeni uygulamas\u0131ndan do\u011fan, zorluklara ve ba\u015far\u0131lara dair dokunakl\u0131 ve ayd\u0131nlat\u0131c\u0131 bir rehber.Doksanlar\u0131na yakla\u015f\u0131rken haf\u0131za kayb\u0131yla ve g\u00fcnl\u00fck ya\u015fam\u0131 daha \u00e7ok sanal d\u00fcnyaya ta\u015f\u0131yan pandemiyle kar\u015f\u0131 kar\u015f\u0131ya kalan \u00fcnl\u00fc psikoterapist ve \u00e7oksatan yazar Irvin D. Yalom, hastalar\u0131yla yapt\u0131\u011f\u0131 seanslar i\u00e7in yeni bir form\u00fcl geli\u015ftirmek zorunda kald\u0131. Ancak de\u011fi\u015fim kar\u015f\u0131s\u0131nda yenilgiyi kabullenmek yerine, bu yeni ger\u00e7e\u011fin yaratt\u0131\u011f\u0131 s\u0131n\u0131rlara kafa yorup \u00e7al\u0131\u015fma y\u00f6ntemini k\u00f6kten de\u011fi\u015ftirdi. Hasta ile terapist aras\u0131nda bir saatlik ve tek seferlik g\u00f6r\u00fc\u015fmeyle nelerin ba\u015far\u0131labilece\u011fine odaklanan Dr. Yalom \u201cburada-ve-\u015fimdi\u201d yakla\u015f\u0131m\u0131n\u0131 daha da etkili bir \u015fekilde kullanmaya ba\u015flad\u0131.Dr. Yalom Kalp Saati kitab\u0131nda bu \u00e7arp\u0131c\u0131 ve \u00e7\u0131\u011f\u0131r a\u00e7\u0131c\u0131 seanslar\u0131n baz\u0131lar\u0131n\u0131 anlatarak insani a\u00e7mazlar\u0131 ve kendi terapistlik kariyerinin son d\u00f6nemlerdeki ilerleyi\u015fini irdeliyor. Anlatt\u0131\u011f\u0131 bu dan\u0131\u015fmanl\u0131k \u00f6yk\u00fcleriyle bir terapistin kendi i\u00e7ini a\u00e7ma konusundaki isteklili\u011finin hastalar\u0131n rahatlamalar\u0131n\u0131 ve terapistle aralar\u0131nda daha derin ve yak\u0131n bir ba\u011flant\u0131 kurulmas\u0131n\u0131 sa\u011flad\u0131\u011f\u0131n\u0131, bu ba\u011flant\u0131n\u0131n da sadece altm\u0131\u015f dakikada b\u00fcy\u00fck bir fark\u0131ndal\u0131k uyand\u0131rmak i\u00e7in ne kadar gerekli oldu\u011funu belirtiyor. Ayr\u0131ca bu hassasiyet, Yalom\u2019un daha \u00f6nce hastalar\u0131ndan gizlemi\u015f olabilece\u011fi \u00f6zel hayat\u0131na dair ayr\u0131nt\u0131lar\u0131 \u2013Washington\u2019daki travmatik \u00e7ocuklu\u011fu, felsefe ve psikoterapiye duydu\u011fu ilginin nas\u0131l geli\u015fti\u011fi ya da kar\u0131s\u0131n\u0131n yak\u0131n zamandaki \u00f6l\u00fcm\u00fc\u2013 a\u00e7\u0131klamas\u0131yla sonu\u00e7lan\u0131yor. Bu s\u00fcre zarf\u0131nda da i\u00e7ini a\u00e7man\u0131n bir terapi arac\u0131 olarak kullan\u0131lmas\u0131na dair s\u0131n\u0131rlar\u0131 zorluyor.Hayat \u00e7ok k\u0131ymetli ve birlikte ge\u00e7irece\u011fimiz zaman \u00e7ok k\u0131sa. Yalom\u2019un o\u011fluyla birlikte kaleme ald\u0131\u011f\u0131 Kalp Saati birbirimizle i\u00e7inde bulundu\u011fumuz anda nas\u0131l daha samimi ve hassas bir bi\u00e7imde ili\u015fki kuraca\u011f\u0131m\u0131z\u0131 g\u00f6steriyor. Yaln\u0131zl\u0131k ve keder an\u0131nda ortaya \u00e7\u0131kan ba\u011flant\u0131 hastaya da terapiste de g\u00fc\u00e7 veriyor ve Yalom\u2019un psikoterapinin neler ba\u015farabilece\u011fine dair vizyonuna zenginlik kat\u0131yor.\u201cYalom\u2019un bir terapist olarak ba\u015far\u0131s\u0131, kendi d\u00fc\u015f\u00fcncelerini etkili bir bi\u00e7imde de\u011ferlendirmesinden ve duygular\u0131yla uyumlu bir \u015fekilde hareket etmesinden ileri geliyor. Ba\u015fkalar\u0131n\u0131 daha iyi anlayabilmek i\u00e7in hayat\u0131n\u0131 kendi ruhunun derinliklerini inceleyerek ge\u00e7iren Yalom, psikiyatr\u0131 do\u011fa\u00fcst\u00fc bir terapist olarak de\u011fil, hatalar\u0131 olan ama kendisine metafiziksel bir r\u00f6ntgen tutan bir insan olarak g\u00f6rmemizi sa\u011fl\u0131yor. Kitab\u0131n okur \u00fczerinde ilgin\u00e7 bir etkisi var, ger\u00e7ek bir terapi seans\u0131n\u0131n uyand\u0131rabilece\u011fi t\u00fcrden bir fark\u0131ndal\u0131\u011fa ula\u015fmay\u0131 sa\u011fl\u0131yor.\u201dArts Hub\u201c\u00dcnl\u00fc psikoterapist Irvin Yalom \u015f\u00f6yle diyor: \u2018\u0130yile\u015ftiren \u015fey ili\u015fkidir.\u2019 Bu felsefe, terap\u00f6tik \u00e7al\u0131\u015fmalarla ge\u00e7en kariyerini haf\u0131zas\u0131n\u0131n zay\u0131flad\u0131\u011f\u0131 ger\u00e7e\u011fine nas\u0131l uyumlad\u0131\u011f\u0131yla ilgili hik\u00e2yelerinde dokunakl\u0131 bir bi\u00e7imde hayata ge\u00e7iriliyor. Yalom\u2019un dinmeyen merak\u0131, kendi kusurlar\u0131n\u0131 etkili ve samimi bir \u015fekilde ortaya koymas\u0131 ve an\u0131n gerekliliklerini kar\u015f\u0131layabilme becerisi; kimlik, ya\u015flanma, kay\u0131p ve \u00f6l\u00fcm konular\u0131nda ki\u015fisel yans\u0131malarla \u015fekillenmi\u015f faydal\u0131 seans hik\u00e2yeleri ortaya koymas\u0131n\u0131 sa\u011fl\u0131yor.\u201dThe Sydney Morning Herald\u201cDr. Yalom, terapinin do\u011fru ellerde oldu\u011fu s\u00fcrece en yenilik\u00e7i ve en nitelikli kurgu kitaplar\u0131 kadar ilgi \u00e7ekici olabilece\u011fini bir kez daha g\u00f6steriyor.\u201dNew York Times\u201cYalom yetenekli bir hik\u00e2ye anlat\u0131c\u0131s\u0131 ve aktard\u0131\u011f\u0131 \u00f6yk\u00fclere bakarsak bir o kadar da yetenekli bir psikoterapist. Genellikle mesleki dil ve s\u0131n\u0131fland\u0131rmalarla bo\u011fu\u015fulan bir u\u011fra\u015fa hayranl\u0131k ve gizem duygusu kazand\u0131r\u0131yor\u2026 Okurlar\u0131n\u0131 hastalar\u0131yla yak\u0131nla\u015ft\u0131r\u0131yor ve \u00e7o\u011funlukla gizlili\u011fe dayanan bir s\u00fcrece tan\u0131kl\u0131k etmelerini sa\u011flamas\u0131n\u0131n yan\u0131 s\u0131ra terapistin \u2013olumlu ya da olumsuz t\u00fcm yanlar\u0131yla\u2013 bir portresini sunuyor.\u201dLos Angeles Times\u201cYalom\u2019un \u00fcslubu, O. Henry\u2019nin esprili dili ile Isaac Bashevis Singer\u2019\u0131n ayaklar\u0131 yere basan tarz\u0131n\u0131n bir kar\u0131\u015f\u0131m\u0131.\u201dSan Francisco Chronicle\u201cIrvin D. Yalom, bir filozof gibi d\u00fc\u015f\u00fcnen ve usta bir romanc\u0131 gibi yazan \u2013ki \u00f6yle de zaten\u2013 bir psikoterapist.\u201dRebecca Newberger Goldstein, Tanr\u0131\u2019n\u0131n Varl\u0131\u011f\u0131na Dair 36 Arg\u00fcman\u2019\u0131n yazar\u0131\u201cDr. Yalom\u2019un vaka hik\u00e2yeleri, g\u00fcn\u00fcm\u00fczde yay\u0131mlanan romanlar\u0131n y\u00fczde 98\u2019inden daha s\u00fcr\u00fckleyici ve kendini etten kemikten, ger\u00e7ek bir karakter olarak anlat\u0131rken m\u00fcthi\u015f bir d\u00fcr\u00fcstl\u00fck \u00f6rne\u011fi sergiliyor. Kendisi e\u011flenceli, kusurlar\u0131 olan, dikkafal\u0131 ama her \u015feyden \u00f6te, anlay\u0131\u015fl\u0131.\u201dPhillip Lopate<\/p>\n","protected":false},"excerpt":{"rendered":"<p>Burada ve \u015eimdi Ba\u011flant\u0131 Kurmak\u00c7a\u011f\u0131m\u0131z\u0131n \u00f6nde gelen psikoterapistlerinden Irvin D. Yalom\u2019un bir saatlik ve tek seferlik seanslardan olu\u015fan yepyeni uygulamas\u0131ndan do\u011fan, zorluklara ve ba\u015far\u0131lara dair dokunakl\u0131<span class=\"excerpt-hellip\"> [\u2026]<\/span><\/p>\n","protected":false},"featured_media":0,"template":"","meta":{"_monsterinsights_skip_tracking":false,"_monsterinsights_sitenote_active":false,"_monsterinsights_sitenote_note":"","_monsterinsights_sitenote_category":0},"product_brand":[],"product_cat":[12357],"product_tag":[],"class_list":{"0":"post-785520","1":"product","2":"type-product","3":"status-publish","5":"product_cat-psikoloji","6":"pa_cilt-ciltsiz","7":"pa_tur-kitap","8":"pa_yayinevi-pegasus-yayinlari","9":"pa_yazar-irvin-d-yalom-benjamin-yalom","11":"first","12":"instock","13":"sale","14":"shipping-taxable","15":"purchasable","16":"product-type-simple"},"_links":{"self":[{"href":"https:\/\/roveyayinevi.com.tr\/index.php\/wp-json\/wp\/v2\/product\/785520","targetHints":{"allow":["GET"]}}],"collection":[{"href":"https:\/\/roveyayinevi.com.tr\/index.php\/wp-json\/wp\/v2\/product"}],"about":[{"href":"https:\/\/roveyayinevi.com.tr\/index.php\/wp-json\/wp\/v2\/types\/product"}],"wp:attachment":[{"href":"https:\/\/roveyayinevi.com.tr\/index.php\/wp-json\/wp\/v2\/media?parent=785520"}],"wp:term":[{"taxonomy":"product_brand","embeddable":true,"href":"https:\/\/roveyayinevi.com.tr\/index.php\/wp-json\/wp\/v2\/product_brand?post=785520"},{"taxonomy":"product_cat","embeddable":true,"href":"https:\/\/roveyayinevi.com.tr\/index.php\/wp-json\/wp\/v2\/product_cat?post=785520"},{"taxonomy":"product_tag","embeddable":true,"href":"https:\/\/roveyayinevi.com.tr\/index.php\/wp-json\/wp\/v2\/product_tag?post=785520"}],"curies":[{"name":"wp","href":"https:\/\/api.w.org\/{rel}","templated":true}]}}