{"id":785519,"date":"2026-04-05T03:34:38","date_gmt":"2026-04-05T00:34:38","guid":{"rendered":"https:\/\/roveyayinevi.com.tr\/index.php\/urun\/mahi-2-ciltli\/"},"modified":"2026-04-15T03:43:16","modified_gmt":"2026-04-15T00:43:16","slug":"mahi-2-ciltli","status":"publish","type":"product","link":"https:\/\/roveyayinevi.com.tr\/index.php\/urun\/mahi-2-ciltli\/","title":{"rendered":"Mahi 2 (Ciltli)"},"content":{"rendered":"<p>Ali Asaf Atalar; kar\u015f\u0131s\u0131ndaki kad\u0131n\u0131n fark\u0131na varm\u0131\u015f ve Mahinev\u2019e kar\u015f\u0131 hissetti\u011fi duygular\u0131 kabullenmi\u015ftir. Sevdi\u011fi kad\u0131nla ya\u015fayaca\u011f\u0131 mutlu g\u00fcnlerin hayalini kurarken, bir anda kendini yapmak zorunda oldu\u011fu bir se\u00e7imin ortas\u0131nda bulur.Mahinev Koran; seneler sonra duygular\u0131na kar\u015f\u0131l\u0131k bulmu\u015f, Ali Asaf\u2019la tamamland\u0131\u011f\u0131n\u0131 d\u00fc\u015f\u00fcnm\u00fc\u015ft\u00fcr. Tam anlam\u0131yla mutlulu\u011fu ya\u015fad\u0131\u011f\u0131na eminken, en sevdiklerinden ald\u0131\u011f\u0131 beklenmedik darbeyle bildi\u011fi t\u00fcm do\u011frular tersine d\u00f6ner. Mahi; devam kitab\u0131yla bu kez de ya\u015fad\u0131klar\u0131 yol ayr\u0131m\u0131nda a\u015fklar\u0131 s\u0131nanan Mahinev ve Ali Asaf\u2019a e\u015flik etmeniz i\u00e7in sizi sat\u0131r aralar\u0131na davet ediyor.<\/p>\n","protected":false},"excerpt":{"rendered":"<p>Ali Asaf Atalar; kar\u015f\u0131s\u0131ndaki kad\u0131n\u0131n fark\u0131na varm\u0131\u015f ve Mahinev\u2019e kar\u015f\u0131 hissetti\u011fi duygular\u0131 kabullenmi\u015ftir. Sevdi\u011fi kad\u0131nla ya\u015fayaca\u011f\u0131 mutlu g\u00fcnlerin hayalini kurarken, bir anda kendini yapmak zorunda oldu\u011fu<span class=\"excerpt-hellip\"> [\u2026]<\/span><\/p>\n","protected":false},"featured_media":0,"template":"","meta":{"_monsterinsights_skip_tracking":false,"_monsterinsights_sitenote_active":false,"_monsterinsights_sitenote_note":"","_monsterinsights_sitenote_category":0},"product_brand":[],"product_cat":[12291,12711],"product_tag":[],"class_list":{"0":"post-785519","1":"product","2":"type-product","3":"status-publish","5":"product_cat-edebiyat","6":"product_cat-roman-oyku","7":"pa_cilt-ciltli","8":"pa_tur-kitap","9":"pa_yayinevi-pukka-yayinlari","10":"pa_yazar-tugba-atici-cosar","12":"first","13":"instock","14":"sale","15":"shipping-taxable","16":"purchasable","17":"product-type-simple"},"_links":{"self":[{"href":"https:\/\/roveyayinevi.com.tr\/index.php\/wp-json\/wp\/v2\/product\/785519","targetHints":{"allow":["GET"]}}],"collection":[{"href":"https:\/\/roveyayinevi.com.tr\/index.php\/wp-json\/wp\/v2\/product"}],"about":[{"href":"https:\/\/roveyayinevi.com.tr\/index.php\/wp-json\/wp\/v2\/types\/product"}],"wp:attachment":[{"href":"https:\/\/roveyayinevi.com.tr\/index.php\/wp-json\/wp\/v2\/media?parent=785519"}],"wp:term":[{"taxonomy":"product_brand","embeddable":true,"href":"https:\/\/roveyayinevi.com.tr\/index.php\/wp-json\/wp\/v2\/product_brand?post=785519"},{"taxonomy":"product_cat","embeddable":true,"href":"https:\/\/roveyayinevi.com.tr\/index.php\/wp-json\/wp\/v2\/product_cat?post=785519"},{"taxonomy":"product_tag","embeddable":true,"href":"https:\/\/roveyayinevi.com.tr\/index.php\/wp-json\/wp\/v2\/product_tag?post=785519"}],"curies":[{"name":"wp","href":"https:\/\/api.w.org\/{rel}","templated":true}]}}