{"id":785510,"date":"2026-04-05T03:31:03","date_gmt":"2026-04-05T00:31:03","guid":{"rendered":"https:\/\/roveyayinevi.com.tr\/index.php\/urun\/eger-biz-olsaydik\/"},"modified":"2026-04-13T03:35:23","modified_gmt":"2026-04-13T00:35:23","slug":"eger-biz-olsaydik","status":"publish","type":"product","link":"https:\/\/roveyayinevi.com.tr\/index.php\/urun\/eger-biz-olsaydik\/","title":{"rendered":"E\u011fer Biz Olsayd\u0131k"},"content":{"rendered":"<p>On be\u015f y\u0131l \u00f6nce Jack O&#8217;Donnell&#8217;a \u00e2\u015f\u0131k olmu\u015ftum.O zamanlar sadece gen\u00e7 bir k\u0131z olmama ra\u011fmen sevebilece\u011fim tek erke\u011fin abimin en yak\u0131n arkada\u015f\u0131 olaca\u011f\u0131n\u0131 biliyordum.On sekizinci ya\u015f\u0131m\u0131 kutlad\u0131\u011f\u0131m g\u00fcn ondan beni \u00f6pmesini istedi\u011fimde, bunun hayat\u0131m\u0131 tamamen de\u011fi\u015ftirece\u011fini asla d\u00fc\u015f\u00fcnemezdim.O gece Jack&#8217;e her \u015feyimi verdim.Sanki hayat\u0131m\u0131z\u0131n en g\u00fczel an\u0131 o \u00f6p\u00fcc\u00fck de\u011filmi\u015f gibi, ya\u015famaya devam edebilmek i\u00e7in yollar\u0131m\u0131z\u0131 ay\u0131rmak ve hi\u00e7bir \u015fey olmam\u0131\u015f gibi davranmak zorundayd\u0131k.Ama bu ayr\u0131l\u0131k bile saklamak zorunda kald\u0131\u011f\u0131m\u0131z s\u0131r kadar ac\u0131 verici de\u011fildi.Onu h\u00e2l\u00e2 ne kadar sevdi\u011fimi d\u00fc\u015f\u00fcnmemeye \u00e7al\u0131\u015ft\u0131m. Onun g\u00fc\u00e7l\u00fc kollar\u0131na geri d\u00f6nmeyi ne kadar istedi\u011fimi ya da ela g\u00f6zlerinin kalbimi nas\u0131l h\u0131zland\u0131rd\u0131\u011f\u0131n\u0131 unutmaya \u00e7al\u0131\u015ft\u0131m.Ta ki beni tekrar \u00f6pene kadar.Bu sefer geri d\u00f6n\u00fc\u015f\u00fcm\u00fcz yoktu. Bu sefer o \u00f6p\u00fcc\u00fc\u011f\u00fcn ne anlama geldi\u011fini biliyordum.Biz birbirimize aittik ve art\u0131k bunu ink\u00e2r etmenin bir anlam\u0131 yoktu.Ancak ortaya \u00e7\u0131kacak tek \u015fey duygular\u0131m\u0131z de\u011fildi, ge\u00e7mi\u015fimiz de yeniden ortaya \u00e7\u0131kacakt\u0131 ve bizi, mutlu olmak i\u00e7in yakalad\u0131\u011f\u0131m\u0131z ikinci \u015fans\u0131 da yok etmekle tehdit ediyordu.A\u015fk\u0131m\u0131z bir kez daha s\u0131nan\u0131rken, birlikte duracak kadar g\u00fc\u00e7l\u00fc olabilecek miydik<\/p>\n","protected":false},"excerpt":{"rendered":"<p>On be\u015f y\u0131l \u00f6nce Jack O&#8217;Donnell&#8217;a \u00e2\u015f\u0131k olmu\u015ftum.O zamanlar sadece gen\u00e7 bir k\u0131z olmama ra\u011fmen sevebilece\u011fim tek erke\u011fin abimin en yak\u0131n arkada\u015f\u0131 olaca\u011f\u0131n\u0131 biliyordum.On sekizinci ya\u015f\u0131m\u0131<span class=\"excerpt-hellip\"> [\u2026]<\/span><\/p>\n","protected":false},"featured_media":0,"template":"","meta":{"_monsterinsights_skip_tracking":false,"_monsterinsights_sitenote_active":false,"_monsterinsights_sitenote_note":"","_monsterinsights_sitenote_category":0},"product_brand":[],"product_cat":[12291,12711],"product_tag":[],"class_list":{"0":"post-785510","1":"product","2":"type-product","3":"status-publish","5":"product_cat-edebiyat","6":"product_cat-roman-oyku","7":"pa_cilt-ciltsiz","8":"pa_tur-kitap","9":"pa_yayinevi-pukka-yayinlari","10":"pa_yazar-corinne-michaels","12":"first","13":"instock","14":"sale","15":"shipping-taxable","16":"purchasable","17":"product-type-simple"},"_links":{"self":[{"href":"https:\/\/roveyayinevi.com.tr\/index.php\/wp-json\/wp\/v2\/product\/785510","targetHints":{"allow":["GET"]}}],"collection":[{"href":"https:\/\/roveyayinevi.com.tr\/index.php\/wp-json\/wp\/v2\/product"}],"about":[{"href":"https:\/\/roveyayinevi.com.tr\/index.php\/wp-json\/wp\/v2\/types\/product"}],"wp:attachment":[{"href":"https:\/\/roveyayinevi.com.tr\/index.php\/wp-json\/wp\/v2\/media?parent=785510"}],"wp:term":[{"taxonomy":"product_brand","embeddable":true,"href":"https:\/\/roveyayinevi.com.tr\/index.php\/wp-json\/wp\/v2\/product_brand?post=785510"},{"taxonomy":"product_cat","embeddable":true,"href":"https:\/\/roveyayinevi.com.tr\/index.php\/wp-json\/wp\/v2\/product_cat?post=785510"},{"taxonomy":"product_tag","embeddable":true,"href":"https:\/\/roveyayinevi.com.tr\/index.php\/wp-json\/wp\/v2\/product_tag?post=785510"}],"curies":[{"name":"wp","href":"https:\/\/api.w.org\/{rel}","templated":true}]}}