{"id":785506,"date":"2026-04-05T03:24:10","date_gmt":"2026-04-05T00:24:10","guid":{"rendered":"https:\/\/roveyayinevi.com.tr\/index.php\/urun\/kutlu-olsun-2-ciltli\/"},"modified":"2026-04-15T03:32:40","modified_gmt":"2026-04-15T00:32:40","slug":"kutlu-olsun-2-ciltli","status":"publish","type":"product","link":"https:\/\/roveyayinevi.com.tr\/index.php\/urun\/kutlu-olsun-2-ciltli\/","title":{"rendered":"Kutlu Olsun &#8211; 2 (Ciltli)"},"content":{"rendered":"<p>Meltem hep r\u00fczg\u00e2rd\u0131r ama r\u00fczg\u00e2r her zaman meltem de\u011fildir. R\u00fczgar Atao\u011flu, ayn\u0131 yetimhanede b\u00fcy\u00fcd\u00fc\u011f\u00fc haylaz bir k\u0131z \u00e7ocu\u011fu olan Meltem\u2019e verdi\u011fi s\u00f6z u\u011fruna ya\u015fam\u0131\u015ft\u0131 hayat\u0131n\u0131. O s\u00f6z u\u011fruna y\u0131llarca Meltem\u2019in izini s\u00fcrm\u00fc\u015f ve nihayet onu buldu\u011funda verdi\u011fi s\u00f6z\u00fc tutabilmek ad\u0131na anla\u015fmal\u0131 bir evlilik teklif etmi\u015fti. Olduk\u00e7a basit g\u00f6r\u00fcnen bir evlilikti bu. S\u0131n\u0131rlar\u0131 olacakt\u0131. Birbirlerinin alanlar\u0131na girmeyecekler, ayn\u0131 \u00e7at\u0131 alt\u0131nda huzur i\u00e7inde ya\u015famaya devam edeceklerdi. Ancak R\u00fczgar\u2019\u0131n kendince kusursuz bu plan\u0131nda hesaba katmad\u0131\u011f\u0131 bir \u015fey vard\u0131: A\u015fk. Sevgisizlikten donmu\u015f kalbinin etraf\u0131n\u0131 kar\u0131s\u0131 i\u00e7in hissetti\u011fi s\u0131cak duygular sard\u0131\u011f\u0131nda, R\u00fczgar teslim olmaktan ba\u015fka \u00e7aresi olmad\u0131\u011f\u0131n\u0131 biliyordu. Terk edilme korkusu ile kar\u0131s\u0131na kar\u015f\u0131 olan duygular\u0131 aras\u0131nda s\u0131k\u0131\u015f\u0131p kalan R\u00fczgar\u2019\u0131n acilen bir se\u00e7im yapmas\u0131 gerekiyordu. A\u015fk, mutluluk i\u00e7in tek ba\u015f\u0131na yeterli olur muydu? Daha da \u00f6nemlisi\u2026 A\u015fk, t\u00fcm s\u0131rlar\u0131n \u00fcstesinden tek ba\u015f\u0131na gelecek kadar g\u00fc\u00e7l\u00fc m\u00fcyd\u00fc? <\/p>\n","protected":false},"excerpt":{"rendered":"<p>Meltem hep r\u00fczg\u00e2rd\u0131r ama r\u00fczg\u00e2r her zaman meltem de\u011fildir. R\u00fczgar Atao\u011flu, ayn\u0131 yetimhanede b\u00fcy\u00fcd\u00fc\u011f\u00fc haylaz bir k\u0131z \u00e7ocu\u011fu olan Meltem\u2019e verdi\u011fi s\u00f6z u\u011fruna ya\u015fam\u0131\u015ft\u0131 hayat\u0131n\u0131. O<span class=\"excerpt-hellip\"> [\u2026]<\/span><\/p>\n","protected":false},"featured_media":0,"template":"","meta":{"_monsterinsights_skip_tracking":false,"_monsterinsights_sitenote_active":false,"_monsterinsights_sitenote_note":"","_monsterinsights_sitenote_category":0},"product_brand":[],"product_cat":[12291,12711],"product_tag":[],"class_list":{"0":"post-785506","1":"product","2":"type-product","3":"status-publish","5":"product_cat-edebiyat","6":"product_cat-roman-oyku","7":"pa_cilt-ciltli","8":"pa_tur-kitap","9":"pa_yayinevi-pukka-yayinlari","10":"pa_yazar-ayca-t-k","12":"first","13":"instock","14":"sale","15":"shipping-taxable","16":"purchasable","17":"product-type-simple"},"_links":{"self":[{"href":"https:\/\/roveyayinevi.com.tr\/index.php\/wp-json\/wp\/v2\/product\/785506","targetHints":{"allow":["GET"]}}],"collection":[{"href":"https:\/\/roveyayinevi.com.tr\/index.php\/wp-json\/wp\/v2\/product"}],"about":[{"href":"https:\/\/roveyayinevi.com.tr\/index.php\/wp-json\/wp\/v2\/types\/product"}],"wp:attachment":[{"href":"https:\/\/roveyayinevi.com.tr\/index.php\/wp-json\/wp\/v2\/media?parent=785506"}],"wp:term":[{"taxonomy":"product_brand","embeddable":true,"href":"https:\/\/roveyayinevi.com.tr\/index.php\/wp-json\/wp\/v2\/product_brand?post=785506"},{"taxonomy":"product_cat","embeddable":true,"href":"https:\/\/roveyayinevi.com.tr\/index.php\/wp-json\/wp\/v2\/product_cat?post=785506"},{"taxonomy":"product_tag","embeddable":true,"href":"https:\/\/roveyayinevi.com.tr\/index.php\/wp-json\/wp\/v2\/product_tag?post=785506"}],"curies":[{"name":"wp","href":"https:\/\/api.w.org\/{rel}","templated":true}]}}