{"id":785505,"date":"2026-04-05T03:20:41","date_gmt":"2026-04-05T00:20:41","guid":{"rendered":"https:\/\/roveyayinevi.com.tr\/index.php\/urun\/blackout-1-ciltli\/"},"modified":"2026-04-15T03:29:46","modified_gmt":"2026-04-15T00:29:46","slug":"blackout-1-ciltli","status":"publish","type":"product","link":"https:\/\/roveyayinevi.com.tr\/index.php\/urun\/blackout-1-ciltli\/","title":{"rendered":"Blackout &#8211; 1 (Ciltli)"},"content":{"rendered":"<p>Tevfik Tu\u011frul T\u00fcrkdo\u011fan, mesle\u011fi i\u00e7in kendisiyle m\u00fccadele etmi\u015f bir sava\u015f pilotudur. \u00c7ocuklu\u011fundan beri hayallerini s\u00fcsleyen akrotim, onun g\u00f6nl\u00fcnde yatan as\u0131l yerdir. Bu s\u00fcre\u00e7te idol\u00fc olan komutan\u0131 ile ayn\u0131 filoda \u00e7al\u0131\u015fma imk\u00e2n\u0131 yakalar ama i\u015fler hi\u00e7 de sand\u0131\u011f\u0131 gibi gitmez. Beklemedi\u011fi bir anda kar\u015f\u0131s\u0131na \u00e7\u0131kan kad\u0131n ile birlikte Tevfik Tu\u011frul T\u00fcrkdo\u011fan\u2019\u0131n hayat\u0131 k\u00f6k\u00fcnden de\u011fi\u015fmeye ba\u015flar. \u00c7\u00fcnk\u00fc yard\u0131m etti\u011fi kad\u0131n hi\u00e7 ummad\u0131\u011f\u0131 biridir.&#8221;\u00c2\u015f\u0131k olmak, t\u0131pk\u0131 blackout olmak gibi. Ge\u00e7ici bir k\u00f6rl\u00fck hali.&#8221;<\/p>\n","protected":false},"excerpt":{"rendered":"<p>Tevfik Tu\u011frul T\u00fcrkdo\u011fan, mesle\u011fi i\u00e7in kendisiyle m\u00fccadele etmi\u015f bir sava\u015f pilotudur. \u00c7ocuklu\u011fundan beri hayallerini s\u00fcsleyen akrotim, onun g\u00f6nl\u00fcnde yatan as\u0131l yerdir. Bu s\u00fcre\u00e7te idol\u00fc olan komutan\u0131<span class=\"excerpt-hellip\"> [\u2026]<\/span><\/p>\n","protected":false},"featured_media":0,"template":"","meta":{"_monsterinsights_skip_tracking":false,"_monsterinsights_sitenote_active":false,"_monsterinsights_sitenote_note":"","_monsterinsights_sitenote_category":0},"product_brand":[],"product_cat":[12291,12711],"product_tag":[],"class_list":{"0":"post-785505","1":"product","2":"type-product","3":"status-publish","5":"product_cat-edebiyat","6":"product_cat-roman-oyku","7":"pa_cilt-ciltli","8":"pa_tur-kitap","9":"pa_yayinevi-pukka-yayinlari","10":"pa_yazar-elif-kaplan","12":"first","13":"instock","14":"sale","15":"shipping-taxable","16":"purchasable","17":"product-type-simple"},"_links":{"self":[{"href":"https:\/\/roveyayinevi.com.tr\/index.php\/wp-json\/wp\/v2\/product\/785505","targetHints":{"allow":["GET"]}}],"collection":[{"href":"https:\/\/roveyayinevi.com.tr\/index.php\/wp-json\/wp\/v2\/product"}],"about":[{"href":"https:\/\/roveyayinevi.com.tr\/index.php\/wp-json\/wp\/v2\/types\/product"}],"wp:attachment":[{"href":"https:\/\/roveyayinevi.com.tr\/index.php\/wp-json\/wp\/v2\/media?parent=785505"}],"wp:term":[{"taxonomy":"product_brand","embeddable":true,"href":"https:\/\/roveyayinevi.com.tr\/index.php\/wp-json\/wp\/v2\/product_brand?post=785505"},{"taxonomy":"product_cat","embeddable":true,"href":"https:\/\/roveyayinevi.com.tr\/index.php\/wp-json\/wp\/v2\/product_cat?post=785505"},{"taxonomy":"product_tag","embeddable":true,"href":"https:\/\/roveyayinevi.com.tr\/index.php\/wp-json\/wp\/v2\/product_tag?post=785505"}],"curies":[{"name":"wp","href":"https:\/\/api.w.org\/{rel}","templated":true}]}}