{"id":785501,"date":"2026-04-05T03:19:39","date_gmt":"2026-04-05T00:19:39","guid":{"rendered":"https:\/\/roveyayinevi.com.tr\/index.php\/urun\/kor-atis\/"},"modified":"2026-04-15T03:27:48","modified_gmt":"2026-04-15T00:27:48","slug":"kor-atis","status":"publish","type":"product","link":"https:\/\/roveyayinevi.com.tr\/index.php\/urun\/kor-atis\/","title":{"rendered":"K\u00f6r At\u0131\u015f"},"content":{"rendered":"<p>VEGAS\u2019TA OLAN HER ZAMAN VEGAS\u2019TA KALMAYAB\u0130L\u0130RD\u0130\u2026Bunu biliyordum \u00e7\u00fcnk\u00fc eve d\u00f6nerken parma\u011f\u0131mda yepyeni bir y\u00fcz\u00fck vard\u0131.Kar\u0131m kim miydi? Ryan Bell.Tamamen z\u0131t kutuplard\u0131k.O g\u00fcne\u015f \u0131\u015f\u0131\u011f\u0131 ve mutlulu\u011fu temsil ediyorken ben kelimenin tam anlam\u0131yla huysuz ve yaral\u0131yd\u0131m.Evlili\u011fimizi iptal ettirebilirdik ve bundan kimsenin haberi olmazd\u0131.As\u0131l sorun \u015fuydu ki bunu internette payla\u015fm\u0131\u015ft\u0131k ve \u015fimdiden man\u015fetlerde yer al\u0131yorduk.Bu kadar dikkat \u00e7ekerek kariyerimi mahvetmeyi g\u00f6ze alamazd\u0131m ve Ryan&#8217;\u0131n da benim yard\u0131m\u0131ma ihtiyac\u0131 vard\u0131.B\u00f6ylece bir plan yapt\u0131k: Bir y\u0131l evli kalacak, rollerimizi oynayacak ve sonunda dost\u00e7a ayr\u0131lacakt\u0131k. Zarars\u0131z ve temiz bir \u015fekilde.\u00dcstelik, g\u00fczelin canavara \u00e2\u015f\u0131k olmas\u0131n\u0131n imk\u00e2n\u0131 yoktu, de\u011fil mi?<\/p>\n","protected":false},"excerpt":{"rendered":"<p>VEGAS\u2019TA OLAN HER ZAMAN VEGAS\u2019TA KALMAYAB\u0130L\u0130RD\u0130\u2026Bunu biliyordum \u00e7\u00fcnk\u00fc eve d\u00f6nerken parma\u011f\u0131mda yepyeni bir y\u00fcz\u00fck vard\u0131.Kar\u0131m kim miydi? Ryan Bell.Tamamen z\u0131t kutuplard\u0131k.O g\u00fcne\u015f \u0131\u015f\u0131\u011f\u0131 ve mutlulu\u011fu temsil<span class=\"excerpt-hellip\"> [\u2026]<\/span><\/p>\n","protected":false},"featured_media":0,"template":"","meta":{"_monsterinsights_skip_tracking":false,"_monsterinsights_sitenote_active":false,"_monsterinsights_sitenote_note":"","_monsterinsights_sitenote_category":0},"product_brand":[],"product_cat":[12291,12711],"product_tag":[],"class_list":{"0":"post-785501","1":"product","2":"type-product","3":"status-publish","5":"product_cat-edebiyat","6":"product_cat-roman-oyku","7":"pa_cilt-ciltsiz","8":"pa_tur-kitap","9":"pa_yayinevi-pukka-yayinlari","10":"pa_yazar-teagan-hunter","12":"first","13":"instock","14":"sale","15":"shipping-taxable","16":"purchasable","17":"product-type-simple"},"_links":{"self":[{"href":"https:\/\/roveyayinevi.com.tr\/index.php\/wp-json\/wp\/v2\/product\/785501","targetHints":{"allow":["GET"]}}],"collection":[{"href":"https:\/\/roveyayinevi.com.tr\/index.php\/wp-json\/wp\/v2\/product"}],"about":[{"href":"https:\/\/roveyayinevi.com.tr\/index.php\/wp-json\/wp\/v2\/types\/product"}],"wp:attachment":[{"href":"https:\/\/roveyayinevi.com.tr\/index.php\/wp-json\/wp\/v2\/media?parent=785501"}],"wp:term":[{"taxonomy":"product_brand","embeddable":true,"href":"https:\/\/roveyayinevi.com.tr\/index.php\/wp-json\/wp\/v2\/product_brand?post=785501"},{"taxonomy":"product_cat","embeddable":true,"href":"https:\/\/roveyayinevi.com.tr\/index.php\/wp-json\/wp\/v2\/product_cat?post=785501"},{"taxonomy":"product_tag","embeddable":true,"href":"https:\/\/roveyayinevi.com.tr\/index.php\/wp-json\/wp\/v2\/product_tag?post=785501"}],"curies":[{"name":"wp","href":"https:\/\/api.w.org\/{rel}","templated":true}]}}