{"id":785499,"date":"2026-04-05T03:19:30","date_gmt":"2026-04-05T00:19:30","guid":{"rendered":"https:\/\/roveyayinevi.com.tr\/index.php\/urun\/gizli-vurus\/"},"modified":"2026-04-15T03:27:47","modified_gmt":"2026-04-15T00:27:47","slug":"gizli-vurus","status":"publish","type":"product","link":"https:\/\/roveyayinevi.com.tr\/index.php\/urun\/gizli-vurus\/","title":{"rendered":"Gizli Vuru\u015f"},"content":{"rendered":"<p>K\u00d6T\u00dc B\u0130R YILIN TANIMINI YA\u015eIYORDUM.   Alt\u0131nc\u0131 ma\u00e7taki ma\u011flubiyetimin, tak\u0131m\u0131m\u0131n kupay\u0131 kazanmas\u0131na m\u00e2l olmas\u0131? Tamam. Tutuklanmak ve imaj\u0131m\u0131 mahvetmek? Tamam. Arabam bozulduktan sonra neredeyse ezilmek?  G\u00f6rd\u00fc\u011f\u00fcn\u00fcz gibi art arda \u00fc\u00e7 ba\u015far\u0131.   Carolina Comets ile olan s\u00f6zle\u015fmem bu y\u0131l bitecekti. Ve e\u011fer tak\u0131mda kalmak istiyorsam kendimi toparlamam gerekiyordu.   Bir ili\u015fkiye de\u011fil, sadece rahatlamaya ihtiyac\u0131m vard\u0131.   Ama bir fl\u00f6rt uygulamas\u0131nda gezinirken neredeyse beni ezecek olan o sevimli k\u0131za yeniden rastlad\u0131\u011f\u0131mda, bu defa gitmesine izin veremeyece\u011fimi biliyordum.   Harper komikti, zekiydi ve hokey umurunda de\u011fildi.   Odaklanmam gereken tek \u015feyin kariyerim olmas\u0131 gerekirken Harper&#8217;\u0131 akl\u0131mdan \u00e7\u0131karam\u0131yordum.   Ona \u00e2\u015f\u0131k olmamam gerekti\u011finin fark\u0131ndayd\u0131m&#8230; fakat san\u0131r\u0131m, \u00e7oktan olmu\u015ftum bile<\/p>\n","protected":false},"excerpt":{"rendered":"<p>K\u00d6T\u00dc B\u0130R YILIN TANIMINI YA\u015eIYORDUM. Alt\u0131nc\u0131 ma\u00e7taki ma\u011flubiyetimin, tak\u0131m\u0131m\u0131n kupay\u0131 kazanmas\u0131na m\u00e2l olmas\u0131? Tamam. Tutuklanmak ve imaj\u0131m\u0131 mahvetmek? Tamam. Arabam bozulduktan sonra neredeyse ezilmek? G\u00f6rd\u00fc\u011f\u00fcn\u00fcz gibi<span class=\"excerpt-hellip\"> [\u2026]<\/span><\/p>\n","protected":false},"featured_media":0,"template":"","meta":{"_monsterinsights_skip_tracking":false,"_monsterinsights_sitenote_active":false,"_monsterinsights_sitenote_note":"","_monsterinsights_sitenote_category":0},"product_brand":[],"product_cat":[12291,12711],"product_tag":[],"class_list":{"0":"post-785499","1":"product","2":"type-product","3":"status-publish","5":"product_cat-edebiyat","6":"product_cat-roman-oyku","7":"pa_cilt-ciltsiz","8":"pa_tur-kitap","9":"pa_yayinevi-pukka-yayinlari","10":"pa_yazar-teagan-hunter","12":"first","13":"instock","14":"sale","15":"shipping-taxable","16":"purchasable","17":"product-type-simple"},"_links":{"self":[{"href":"https:\/\/roveyayinevi.com.tr\/index.php\/wp-json\/wp\/v2\/product\/785499","targetHints":{"allow":["GET"]}}],"collection":[{"href":"https:\/\/roveyayinevi.com.tr\/index.php\/wp-json\/wp\/v2\/product"}],"about":[{"href":"https:\/\/roveyayinevi.com.tr\/index.php\/wp-json\/wp\/v2\/types\/product"}],"wp:attachment":[{"href":"https:\/\/roveyayinevi.com.tr\/index.php\/wp-json\/wp\/v2\/media?parent=785499"}],"wp:term":[{"taxonomy":"product_brand","embeddable":true,"href":"https:\/\/roveyayinevi.com.tr\/index.php\/wp-json\/wp\/v2\/product_brand?post=785499"},{"taxonomy":"product_cat","embeddable":true,"href":"https:\/\/roveyayinevi.com.tr\/index.php\/wp-json\/wp\/v2\/product_cat?post=785499"},{"taxonomy":"product_tag","embeddable":true,"href":"https:\/\/roveyayinevi.com.tr\/index.php\/wp-json\/wp\/v2\/product_tag?post=785499"}],"curies":[{"name":"wp","href":"https:\/\/api.w.org\/{rel}","templated":true}]}}