{"id":785498,"date":"2026-04-05T03:19:26","date_gmt":"2026-04-05T00:19:26","guid":{"rendered":"https:\/\/roveyayinevi.com.tr\/index.php\/urun\/duygusuz\/"},"modified":"2026-04-13T03:23:43","modified_gmt":"2026-04-13T00:23:43","slug":"duygusuz","status":"publish","type":"product","link":"https:\/\/roveyayinevi.com.tr\/index.php\/urun\/duygusuz\/","title":{"rendered":"Duygusuz"},"content":{"rendered":"<p>Benim adm Sebastian Lindstrom ve ben bu hik\u00e2yenin k\u00f6t\u00fc adam\u0131y\u0131m. Size iyi biri olmaya \u00e7al\u0131\u015ft\u0131\u011f\u0131m\u0131, do\u011fru olan\u0131 yapmak i\u00e7in \u00e7abalad\u0131\u011f\u0131m\u0131 s\u00f6ylemek isterdim ama bu bir yalan olurdu. Her g\u00fc\u00e7l\u00fc adam\u0131n yapt\u0131\u011f\u0131 gibi ger\u00e7ek, t\u0131pk\u0131 bir sirk cambaz\u0131 kadar rahat\u00e7a \u015fekillendirebilece\u011fim k\u00fc\u00e7\u00fck bir zorluktan ibaretti. Fakat ben kendimi a\u00e7\u0131\u011fa \u00e7\u0131karmaya, ne kadar karanl\u0131k olursa olsun bo\u015f hayat\u0131mda ilk defa ger\u00e7e\u011fi s\u00f6ylemeye karar verdim. Sizi temin ederim, sahip oldu\u011fum karanl\u0131k \u00f6yle bir \u015feye d\u00f6n\u00fc\u015f\u00fcr ki kendinizi zihnimin kararm\u0131\u015f k\u00f6\u015felerinde, var olmayan bir kap\u0131 kolunu ararken bulursunuz. Bunun bir itiraf oldu\u011funu d\u00fc\u015f\u00fcnmeyin. Ne ba\u011f\u0131\u015flanma diliyorum ne de ba\u011f\u0131\u015flanmay\u0131 kabul ediyorum. G\u00fcnahlar\u0131m bana ait. Onlar her zamanla benimle birlikte. Bu, onu nas\u0131l buldu\u011fumun, nas\u0131l \u00e7ald\u0131\u011f\u0131m\u0131n ve nas\u0131l kaybetti\u011fimin hik\u00e2yesi. O\u2026 Camille Birarlane. Arad\u0131\u011f\u0131m ki\u015fi. En sonunda onu buldu\u011fumda, yan\u0131nda \u00e7oktan beyaz atl\u0131 bir prens vard\u0131. Onu kendisi i\u00e7in sahiplenmi\u015f, bayra\u011f\u0131n\u0131 b\u00f6lgesine dikmi\u015fti; t\u0131pk\u0131 bir hazineymi\u015f gibi Camille\u2019le g\u00f6steri\u015f yap\u0131yordu. Her bak\u0131mdan bir peri masal\u0131yd\u0131. Ama her peri masal\u0131nda, her \u015feyi par\u00e7alamak ve mahvetmek i\u00e7in kenarda bekleyen biri vard\u0131r. \u0130stedi\u011fini elde etmek u\u011fruna d\u00fcnyay\u0131 ate\u015fe verebilecek kadar da al\u00e7akt\u0131r. \u0130\u015fte o duygusuz ve k\u00f6t\u00fc adam, benim.<\/p>\n","protected":false},"excerpt":{"rendered":"<p>Benim adm Sebastian Lindstrom ve ben bu hik\u00e2yenin k\u00f6t\u00fc adam\u0131y\u0131m. Size iyi biri olmaya \u00e7al\u0131\u015ft\u0131\u011f\u0131m\u0131, do\u011fru olan\u0131 yapmak i\u00e7in \u00e7abalad\u0131\u011f\u0131m\u0131 s\u00f6ylemek isterdim ama bu bir yalan<span class=\"excerpt-hellip\"> [\u2026]<\/span><\/p>\n","protected":false},"featured_media":0,"template":"","meta":{"_monsterinsights_skip_tracking":false,"_monsterinsights_sitenote_active":false,"_monsterinsights_sitenote_note":"","_monsterinsights_sitenote_category":0},"product_brand":[],"product_cat":[12291,12711],"product_tag":[],"class_list":{"0":"post-785498","1":"product","2":"type-product","3":"status-publish","5":"product_cat-edebiyat","6":"product_cat-roman-oyku","7":"pa_cilt-ciltsiz","8":"pa_tur-kitap","9":"pa_yayinevi-pukka-yayinlari","10":"pa_yazar-celia-aaron","12":"first","13":"instock","14":"sale","15":"shipping-taxable","16":"purchasable","17":"product-type-simple"},"_links":{"self":[{"href":"https:\/\/roveyayinevi.com.tr\/index.php\/wp-json\/wp\/v2\/product\/785498","targetHints":{"allow":["GET"]}}],"collection":[{"href":"https:\/\/roveyayinevi.com.tr\/index.php\/wp-json\/wp\/v2\/product"}],"about":[{"href":"https:\/\/roveyayinevi.com.tr\/index.php\/wp-json\/wp\/v2\/types\/product"}],"wp:attachment":[{"href":"https:\/\/roveyayinevi.com.tr\/index.php\/wp-json\/wp\/v2\/media?parent=785498"}],"wp:term":[{"taxonomy":"product_brand","embeddable":true,"href":"https:\/\/roveyayinevi.com.tr\/index.php\/wp-json\/wp\/v2\/product_brand?post=785498"},{"taxonomy":"product_cat","embeddable":true,"href":"https:\/\/roveyayinevi.com.tr\/index.php\/wp-json\/wp\/v2\/product_cat?post=785498"},{"taxonomy":"product_tag","embeddable":true,"href":"https:\/\/roveyayinevi.com.tr\/index.php\/wp-json\/wp\/v2\/product_tag?post=785498"}],"curies":[{"name":"wp","href":"https:\/\/api.w.org\/{rel}","templated":true}]}}