{"id":785496,"date":"2026-04-05T03:18:44","date_gmt":"2026-04-05T00:18:44","guid":{"rendered":"https:\/\/roveyayinevi.com.tr\/index.php\/urun\/cadilar-meclisi-2\/"},"modified":"2026-04-15T03:27:47","modified_gmt":"2026-04-15T00:27:47","slug":"cadilar-meclisi-2","status":"publish","type":"product","link":"https:\/\/roveyayinevi.com.tr\/index.php\/urun\/cadilar-meclisi-2\/","title":{"rendered":"Cad\u0131lar Meclisi"},"content":{"rendered":"<p>\u0130ntikam.Cad\u0131lar Meclisi\u2019ne kar\u015f\u0131, k\u0131z karde\u015fi ve do\u011fu\u015ftan gelen hakk\u0131 elinden al\u0131nan babam\u0131n silah\u0131 olarak yeti\u015ftirilmi\u015ftim. K\u00fc\u00e7\u00fck karde\u015fimin de ayn\u0131 kaderi payla\u015fmamas\u0131 i\u00e7in her \u015feyi yapmaya haz\u0131rd\u0131m. G\u00f6revim y\u00fcz\u00fcnden gizli Crystal Hollow kasabas\u0131na ve prestijli Hollow&#8217;s Grove \u00dcniversitesi&#8217;ne gitmeye mecbur b\u0131rak\u0131lm\u0131\u015ft\u0131m. Bu okulda t\u00fcr\u00fcm\u00fcn en parlak ve en iyi \u00f6\u011frencileri, b\u00fcy\u00fclerini insanlar\u0131n yarg\u0131lar\u0131ndan uzakta kullanmay\u0131 \u00f6\u011freniyorlard\u0131.Burada f\u0131s\u0131ldanan kelimeler yoktu. Damarlar\u0131mda akan kan y\u00fcz\u00fcnden su\u00e7lanmak yoktu. D\u00fc\u015fmanl\u0131kla ilgili bildi\u011fim her \u015feyi ise yak\u0131\u015f\u0131kl\u0131 ve sinir bozucu olan M\u00fcd\u00fcr, Alaric Grayson Thorne\u2019a bor\u00e7luydum. Benim, ondan ve savundu\u011fu her \u015feyden nefret etti\u011fim kadar o da benden nefret ediyordu.Ancak bu, s\u0131rlar\u0131n okulu ikiye b\u00f6lmekle tehdit etmedi\u011fi anlam\u0131na gelmiyordu. Kimse onlarca y\u0131l \u00f6nce okulu kapanmaya zorlayan kanl\u0131 katliamdan bahsetmiyordu. Sadece okulun kat\u0131lacak kadar \u015fansl\u0131 olanlara sundu\u011fu f\u0131rsatlar konu\u015fuluyordu.\u00c7\u00fcnk\u00fc elli y\u0131ld\u0131r ilk kez, Cad\u0131lar Meclisi kap\u0131lar\u0131n\u0131 On \u00dc\u00e7lere a\u00e7acakt\u0131.Kaderi d\u00fcnyay\u0131 de\u011fi\u015ftirmek olan ve gelecek vaat eden on \u00fc\u00e7 \u00f6\u011frenci.    Elbette ilk \u00f6nce, Hollow&#8217;s Grove kurbanlar\u0131n\u0131n hayaletleri taraf\u0131ndan \u00f6ld\u00fcr\u00fclmezlerse<\/p>\n","protected":false},"excerpt":{"rendered":"<p>\u0130ntikam.Cad\u0131lar Meclisi\u2019ne kar\u015f\u0131, k\u0131z karde\u015fi ve do\u011fu\u015ftan gelen hakk\u0131 elinden al\u0131nan babam\u0131n silah\u0131 olarak yeti\u015ftirilmi\u015ftim. K\u00fc\u00e7\u00fck karde\u015fimin de ayn\u0131 kaderi payla\u015fmamas\u0131 i\u00e7in her \u015feyi yapmaya haz\u0131rd\u0131m.<span class=\"excerpt-hellip\"> [\u2026]<\/span><\/p>\n","protected":false},"featured_media":0,"template":"","meta":{"_monsterinsights_skip_tracking":false,"_monsterinsights_sitenote_active":false,"_monsterinsights_sitenote_note":"","_monsterinsights_sitenote_category":0},"product_brand":[],"product_cat":[12291,12711],"product_tag":[],"class_list":{"0":"post-785496","1":"product","2":"type-product","3":"status-publish","5":"product_cat-edebiyat","6":"product_cat-roman-oyku","7":"pa_cilt-ciltsiz","8":"pa_tur-kitap","9":"pa_yayinevi-pukka-yayinlari","10":"pa_yazar-harper-l-woods","12":"first","13":"instock","14":"sale","15":"shipping-taxable","16":"purchasable","17":"product-type-simple"},"_links":{"self":[{"href":"https:\/\/roveyayinevi.com.tr\/index.php\/wp-json\/wp\/v2\/product\/785496","targetHints":{"allow":["GET"]}}],"collection":[{"href":"https:\/\/roveyayinevi.com.tr\/index.php\/wp-json\/wp\/v2\/product"}],"about":[{"href":"https:\/\/roveyayinevi.com.tr\/index.php\/wp-json\/wp\/v2\/types\/product"}],"wp:attachment":[{"href":"https:\/\/roveyayinevi.com.tr\/index.php\/wp-json\/wp\/v2\/media?parent=785496"}],"wp:term":[{"taxonomy":"product_brand","embeddable":true,"href":"https:\/\/roveyayinevi.com.tr\/index.php\/wp-json\/wp\/v2\/product_brand?post=785496"},{"taxonomy":"product_cat","embeddable":true,"href":"https:\/\/roveyayinevi.com.tr\/index.php\/wp-json\/wp\/v2\/product_cat?post=785496"},{"taxonomy":"product_tag","embeddable":true,"href":"https:\/\/roveyayinevi.com.tr\/index.php\/wp-json\/wp\/v2\/product_tag?post=785496"}],"curies":[{"name":"wp","href":"https:\/\/api.w.org\/{rel}","templated":true}]}}