{"id":785495,"date":"2026-04-05T03:18:40","date_gmt":"2026-04-05T00:18:40","guid":{"rendered":"https:\/\/roveyayinevi.com.tr\/index.php\/urun\/calinti-sozler\/"},"modified":"2026-04-15T03:27:47","modified_gmt":"2026-04-15T00:27:47","slug":"calinti-sozler","status":"publish","type":"product","link":"https:\/\/roveyayinevi.com.tr\/index.php\/urun\/calinti-sozler\/","title":{"rendered":"\u00c7al\u0131nt\u0131 S\u00f6zler"},"content":{"rendered":"<p>\u00c7al\u0131nt\u0131 S\u00f6zler, USA Today ve Wall Street Journal\u2019\u0131n \u00e7oksatan yazar\u0131 Ashley Jade\u2019in hatalar, affedi\u015fler ve ikinci \u015fanslar \u00fczerine yazd\u0131\u011f\u0131 c\u00fcretk\u00e2r bir d\u00fc\u015fmandan a\u015fka roman\u0131d\u0131r&#8230;O, herkesin pe\u015finde oldu\u011fu yetenekli bir k\u00f6t\u00fc \u00e7ocuktu. Bense herkesin nefret etti\u011fi \u00f6nemsiz, asosyal bir k\u0131zd\u0131m.O g\u00fcne\u015fti; hepimizi kendine \u00e7ekiyordu. Bense bir kara deliktim; evrende sadece yer kapl\u0131yordum.Onun kaderinde y\u0131ld\u0131z olmak vard\u0131. Benim kaderimde ise de\u011fersiz ve geride kalan olmak&#8230;Ta ki beni \u00f6zel oldu\u011fuma inand\u0131rana dek.Bu, beni mahvetmesinden hemen \u00f6nceydi.Phoenix Walker kalbimi k\u0131rd\u0131ktan sonra onu bir daha g\u00f6rece\u011fimi hi\u00e7 d\u00fc\u015f\u00fcnmemi\u015ftim. Fakat kaderin bizim i\u00e7in ba\u015fka planlar\u0131 vard\u0131.Bir turne. Sekiz hafta. K\u0131rk konser.Bana yapt\u0131klar\u0131n\u0131 \u00f6detmek i\u00e7in says\u0131z f\u0131rsat\u0131m olacakt\u0131.D\u00fcnya onun bir Tanr\u0131 oldu\u011funu d\u00fc\u015f\u00fcn\u00fcyordu&#8230; ama ben ger\u00e7e\u011fi biliyordum.<\/p>\n","protected":false},"excerpt":{"rendered":"<p>\u00c7al\u0131nt\u0131 S\u00f6zler, USA Today ve Wall Street Journal\u2019\u0131n \u00e7oksatan yazar\u0131 Ashley Jade\u2019in hatalar, affedi\u015fler ve ikinci \u015fanslar \u00fczerine yazd\u0131\u011f\u0131 c\u00fcretk\u00e2r bir d\u00fc\u015fmandan a\u015fka roman\u0131d\u0131r&#8230;O, herkesin pe\u015finde<span class=\"excerpt-hellip\"> [\u2026]<\/span><\/p>\n","protected":false},"featured_media":0,"template":"","meta":{"_monsterinsights_skip_tracking":false,"_monsterinsights_sitenote_active":false,"_monsterinsights_sitenote_note":"","_monsterinsights_sitenote_category":0},"product_brand":[],"product_cat":[12291,12711],"product_tag":[],"class_list":{"0":"post-785495","1":"product","2":"type-product","3":"status-publish","5":"product_cat-edebiyat","6":"product_cat-roman-oyku","7":"pa_cilt-ciltsiz","8":"pa_tur-kitap","9":"pa_yayinevi-pukka-yayinlari","10":"pa_yazar-ashley-jade","12":"first","13":"instock","14":"sale","15":"shipping-taxable","16":"purchasable","17":"product-type-simple"},"_links":{"self":[{"href":"https:\/\/roveyayinevi.com.tr\/index.php\/wp-json\/wp\/v2\/product\/785495","targetHints":{"allow":["GET"]}}],"collection":[{"href":"https:\/\/roveyayinevi.com.tr\/index.php\/wp-json\/wp\/v2\/product"}],"about":[{"href":"https:\/\/roveyayinevi.com.tr\/index.php\/wp-json\/wp\/v2\/types\/product"}],"wp:attachment":[{"href":"https:\/\/roveyayinevi.com.tr\/index.php\/wp-json\/wp\/v2\/media?parent=785495"}],"wp:term":[{"taxonomy":"product_brand","embeddable":true,"href":"https:\/\/roveyayinevi.com.tr\/index.php\/wp-json\/wp\/v2\/product_brand?post=785495"},{"taxonomy":"product_cat","embeddable":true,"href":"https:\/\/roveyayinevi.com.tr\/index.php\/wp-json\/wp\/v2\/product_cat?post=785495"},{"taxonomy":"product_tag","embeddable":true,"href":"https:\/\/roveyayinevi.com.tr\/index.php\/wp-json\/wp\/v2\/product_tag?post=785495"}],"curies":[{"name":"wp","href":"https:\/\/api.w.org\/{rel}","templated":true}]}}