{"id":785492,"date":"2026-04-05T03:16:32","date_gmt":"2026-04-05T00:16:32","guid":{"rendered":"https:\/\/roveyayinevi.com.tr\/index.php\/urun\/kazazede-1\/"},"modified":"2026-04-16T03:13:31","modified_gmt":"2026-04-16T00:13:31","slug":"kazazede-1","status":"publish","type":"product","link":"https:\/\/roveyayinevi.com.tr\/index.php\/urun\/kazazede-1\/","title":{"rendered":"Kazazede -1"},"content":{"rendered":"<p>Vatan u\u011fruna ba\u015f koymu\u015f, d\u00fc\u015fman\u0131n y\u00fcre\u011findeki korkunun izah\u0131, ac\u0131n\u0131n i\u015faretparma\u011f\u0131 olan; ilk kad\u0131n \u00f6zel kuvvetler personeli \u00dcste\u011fmen Sezin Kaza, iki y\u0131ld\u0131r Kele\u015f Timi\u2019nin komutan\u0131 olarak g\u00f6rev yap\u0131yordu. Ne yapt\u0131\u011f\u0131n\u0131 bilen, kendinden emin bir komutan olarak ad\u0131ndan s\u00f6z ettiriyordu. Kele\u015f, ismini ba\u015far\u0131lar\u0131yla duyurmu\u015f ve d\u00fc\u015fman\u0131n, \u00f6lmeden \u00f6nce ald\u0131\u011f\u0131 son nefesindeki nefret olmu\u015ftu.  Fakat bir g\u00fcn, yapt\u0131\u011f\u0131 k\u00fc\u00e7\u00fck hata ile t\u00fcm \u00e7abalar\u0131 bir anda ba\u015f\u0131na y\u0131k\u0131ld\u0131.  Yapt\u0131\u011f\u0131 k\u00fc\u00e7\u00fck hatan\u0131n sonucunda ba\u015flar\u0131na atanan Y\u00fczba\u015f\u0131 Turan Akkurt, kendisinden \u00f6nce lakab\u0131 ge\u00e7ti\u011fi an yeri titreten bir komutand\u0131. Lakab\u0131 gibi bela olan bir kas\u0131rgayd\u0131. So\u011fuk kalbi, ac\u0131mas\u0131z bak\u0131\u015f\u0131, kas\u0131rgal\u0131 \u00f6fkesi ile tan\u0131n\u0131rd\u0131. Girdi\u011fi ortama heybetiyle girer, do\u011frular\u0131n\u0131 kalemsiz kaz\u0131rd\u0131 ak\u0131llara. Ve Sezin&#8217;in bildi\u011fi t\u00fcm do\u011frular\u0131 silip kendi do\u011frular\u0131n\u0131 yazmaya kararl\u0131yd\u0131.<\/p>\n","protected":false},"excerpt":{"rendered":"<p>Vatan u\u011fruna ba\u015f koymu\u015f, d\u00fc\u015fman\u0131n y\u00fcre\u011findeki korkunun izah\u0131, ac\u0131n\u0131n i\u015faretparma\u011f\u0131 olan; ilk kad\u0131n \u00f6zel kuvvetler personeli \u00dcste\u011fmen Sezin Kaza, iki y\u0131ld\u0131r Kele\u015f Timi\u2019nin komutan\u0131 olarak g\u00f6rev<span class=\"excerpt-hellip\"> [\u2026]<\/span><\/p>\n","protected":false},"featured_media":0,"template":"","meta":{"_monsterinsights_skip_tracking":false,"_monsterinsights_sitenote_active":false,"_monsterinsights_sitenote_note":"","_monsterinsights_sitenote_category":0},"product_brand":[],"product_cat":[12291,12711],"product_tag":[],"class_list":{"0":"post-785492","1":"product","2":"type-product","3":"status-publish","5":"product_cat-edebiyat","6":"product_cat-roman-oyku","7":"pa_cilt-ciltsiz","8":"pa_tur-kitap","9":"pa_yayinevi-pukka-yayinlari","10":"pa_yazar-sevval-demirdoger","12":"first","13":"instock","14":"sale","15":"shipping-taxable","16":"purchasable","17":"product-type-simple"},"_links":{"self":[{"href":"https:\/\/roveyayinevi.com.tr\/index.php\/wp-json\/wp\/v2\/product\/785492","targetHints":{"allow":["GET"]}}],"collection":[{"href":"https:\/\/roveyayinevi.com.tr\/index.php\/wp-json\/wp\/v2\/product"}],"about":[{"href":"https:\/\/roveyayinevi.com.tr\/index.php\/wp-json\/wp\/v2\/types\/product"}],"wp:attachment":[{"href":"https:\/\/roveyayinevi.com.tr\/index.php\/wp-json\/wp\/v2\/media?parent=785492"}],"wp:term":[{"taxonomy":"product_brand","embeddable":true,"href":"https:\/\/roveyayinevi.com.tr\/index.php\/wp-json\/wp\/v2\/product_brand?post=785492"},{"taxonomy":"product_cat","embeddable":true,"href":"https:\/\/roveyayinevi.com.tr\/index.php\/wp-json\/wp\/v2\/product_cat?post=785492"},{"taxonomy":"product_tag","embeddable":true,"href":"https:\/\/roveyayinevi.com.tr\/index.php\/wp-json\/wp\/v2\/product_tag?post=785492"}],"curies":[{"name":"wp","href":"https:\/\/api.w.org\/{rel}","templated":true}]}}