{"id":785489,"date":"2026-04-05T03:15:41","date_gmt":"2026-04-05T00:15:41","guid":{"rendered":"https:\/\/roveyayinevi.com.tr\/index.php\/urun\/bir-gonul-davasi-ciltli-kutu-set\/"},"modified":"2026-04-16T03:13:06","modified_gmt":"2026-04-16T00:13:06","slug":"bir-gonul-davasi-ciltli-kutu-set","status":"publish","type":"product","link":"https:\/\/roveyayinevi.com.tr\/index.php\/urun\/bir-gonul-davasi-ciltli-kutu-set\/","title":{"rendered":"Bir G\u00f6n\u00fcl Davas\u0131 (Ciltli Kutu Set)"},"content":{"rendered":"<p>Hayata pembe g\u00f6zl\u00fckleriyle bakan ve her istedi\u011fini elde eden bir k\u0131zd\u0131 G\u00fclfem Leyla G\u00f6kalp. O g\u00f6zl\u00fcklerle g\u00f6rd\u00fc\u011f\u00fc masals\u0131 hayat\u0131n bir nevi prensesiydi. Ta ki beklenmedik bir olay sonucunda hi\u00e7 bilmedi\u011fi bir mahalleye yolu d\u00fc\u015fene kadar\u2026 G\u00f6zl\u00fck d\u00fc\u015fm\u00fc\u015f ve pembeler kaybolmu\u015ftu, hayat\u0131n renkleri daha farkl\u0131yd\u0131 art\u0131k. Daha ac\u0131mas\u0131zd\u0131.\u00c7\u00fcnk\u00fc kalbini hi\u00e7 olmamas\u0131 gereken birine kapt\u0131rm\u0131\u015ft\u0131. Karadeniz&#8217;in hoyrat sular\u0131 kadar h\u0131r\u00e7\u0131n bir adam\u0131n sevdas\u0131na bile isteye esir d\u00fc\u015fm\u00fc\u015ft\u00fc. Kadir Ag\u00e2h Varol, nam\u0131 di\u011fer Ma\u00e7kal\u0131 Ag\u00e2h&#8230; K\u00fc\u00e7\u00fck mahallesinde kendi halinde ya\u015fayan tamirci bir adam g\u00f6r\u00fcnt\u00fcs\u00fcn\u00fcn ard\u0131nda saklad\u0131\u011f\u0131 ger\u00e7ekler bamba\u015fkayd\u0131. Ka\u00e7t\u0131\u011f\u0131 bir ge\u00e7mi\u015f ve arkas\u0131nda b\u0131rakt\u0131\u011f\u0131 bir kimlik vard\u0131. Karanl\u0131k d\u00fcnyas\u0131na bir \u0131\u015f\u0131k gibi do\u011fan G\u00fclfem\u2019e kadar onun i\u00e7in her \u015fey gayet d\u00fcz ve netti. G\u00fclfem\u2019den sonra ise bildi\u011fi her \u015feyin cevab\u0131 birer birer de\u011fi\u015fmi\u015f, karmakar\u0131\u015f\u0131k bir hale b\u00fcr\u00fcnm\u00fc\u015ft\u00fc. Ortaya \u00e7\u0131kan s\u0131rlara ve t\u00fcm olmazlara inat bir araya geldiklerinde ise kaderin ikisi i\u00e7in planlad\u0131\u011f\u0131 \u015feyler ka\u00e7\u0131n\u0131lmazd\u0131.<\/p>\n","protected":false},"excerpt":{"rendered":"<p>Hayata pembe g\u00f6zl\u00fckleriyle bakan ve her istedi\u011fini elde eden bir k\u0131zd\u0131 G\u00fclfem Leyla G\u00f6kalp. O g\u00f6zl\u00fcklerle g\u00f6rd\u00fc\u011f\u00fc masals\u0131 hayat\u0131n bir nevi prensesiydi. Ta ki beklenmedik bir<span class=\"excerpt-hellip\"> [\u2026]<\/span><\/p>\n","protected":false},"featured_media":0,"template":"","meta":{"_monsterinsights_skip_tracking":false,"_monsterinsights_sitenote_active":false,"_monsterinsights_sitenote_note":"","_monsterinsights_sitenote_category":0},"product_brand":[],"product_cat":[12291,12711],"product_tag":[],"class_list":{"0":"post-785489","1":"product","2":"type-product","3":"status-publish","5":"product_cat-edebiyat","6":"product_cat-roman-oyku","7":"pa_cilt-ciltli","8":"pa_tur-kitap","9":"pa_yayinevi-pukka-yayinlari","10":"pa_yazar-umran-tan","12":"first","13":"instock","14":"sale","15":"shipping-taxable","16":"purchasable","17":"product-type-simple"},"_links":{"self":[{"href":"https:\/\/roveyayinevi.com.tr\/index.php\/wp-json\/wp\/v2\/product\/785489","targetHints":{"allow":["GET"]}}],"collection":[{"href":"https:\/\/roveyayinevi.com.tr\/index.php\/wp-json\/wp\/v2\/product"}],"about":[{"href":"https:\/\/roveyayinevi.com.tr\/index.php\/wp-json\/wp\/v2\/types\/product"}],"wp:attachment":[{"href":"https:\/\/roveyayinevi.com.tr\/index.php\/wp-json\/wp\/v2\/media?parent=785489"}],"wp:term":[{"taxonomy":"product_brand","embeddable":true,"href":"https:\/\/roveyayinevi.com.tr\/index.php\/wp-json\/wp\/v2\/product_brand?post=785489"},{"taxonomy":"product_cat","embeddable":true,"href":"https:\/\/roveyayinevi.com.tr\/index.php\/wp-json\/wp\/v2\/product_cat?post=785489"},{"taxonomy":"product_tag","embeddable":true,"href":"https:\/\/roveyayinevi.com.tr\/index.php\/wp-json\/wp\/v2\/product_tag?post=785489"}],"curies":[{"name":"wp","href":"https:\/\/api.w.org\/{rel}","templated":true}]}}