{"id":785487,"date":"2026-04-05T03:02:37","date_gmt":"2026-04-05T00:02:37","guid":{"rendered":"https:\/\/roveyayinevi.com.tr\/index.php\/urun\/ivan-osakinin-tuhaf-hayati\/"},"modified":"2026-04-16T02:58:20","modified_gmt":"2026-04-15T23:58:20","slug":"ivan-osakinin-tuhaf-hayati","status":"publish","type":"product","link":"https:\/\/roveyayinevi.com.tr\/index.php\/urun\/ivan-osakinin-tuhaf-hayati\/","title":{"rendered":"Ivan Osakin\u2019in Tuhaf Hayat\u0131"},"content":{"rendered":"<p>\u201cB\u00fct\u00fcn bunlar ne demek oluyor? \u015eu d\u00fc\u015f\u00fcncelerini bir anl\u0131\u011f\u0131na durdurabilse ve onlara h\u00fckmedebilse bir anda her \u015feyi anlayacakm\u0131\u015f gibi geliyor. Oysa kafas\u0131ndakiler \u00f6ylesine h\u0131zl\u0131 ge\u00e7ip gidiyor ki hi\u00e7birini yakalayam\u0131yor ve geriye her \u015feyin tepetaklak oldu\u011fu ve birbirine kar\u0131\u015ft\u0131\u011f\u0131 \u2013ge\u00e7mi\u015fin gelecek, gelece\u011fin ge\u00e7mi\u015f oldu\u011fu\u2013 d\u00fc\u015f\u00fcncesinden ba\u015fka bir \u015fey kalm\u0131yor. Gelece\u011fe bir an olsun ge\u00e7mi\u015f gibi bakabilse ya da b\u00f6yle bir \u015feye cesaret edebilse, onu d\u00fcn gibi rahatl\u0131kla g\u00f6rebilirdi.\u201d Eylemlerimizin sonu\u00e7lar\u0131n\u0131 \u00f6nceden bilmek ge\u00e7mi\u015fte ald\u0131\u011f\u0131m\u0131z kararlar\u0131 de\u011fi\u015ftirmeye yeter mi? \u0130van Osokin, hayat\u0131nda yolunda gitmeyen her \u015feyin ba\u015flang\u0131c\u0131 olarak g\u00f6rd\u00fc\u011f\u00fc yat\u0131l\u0131 okul y\u0131llar\u0131na d\u00f6nmek ister. B\u00f6ylece yapt\u0131\u011f\u0131 hatalar\u0131 tekrarlamayacak, ba\u015far\u0131l\u0131, mutlu ve huzurlu bir hayata kavu\u015facakt\u0131r. B\u00fcy\u00fcc\u00fc\u2019den kendisini ge\u00e7mi\u015fe g\u00f6ndermesini ister. Ya\u015fam\u0131nda her \u015feyin ba\u015flad\u0131\u011f\u0131n\u0131 d\u00fc\u015f\u00fcnd\u00fc\u011f\u00fc \u201co an\u201da geri d\u00f6ner. Peki bir \u015feyleri de\u011fi\u015ftirebilir mi? Pyotr Demyanovi\u00e7 Uspenski\u2019nin k\u00fclt roman\u0131 \u0130van Osokin\u2019in Tuhaf Hayat\u0131\u2019nda Osokin\u2019in zamanlar aras\u0131 yolculu\u011funda kendisiyle, \u00e7evresiyle ve sonsuz d\u00f6ng\u00fcyle hesapla\u015fmas\u0131na tan\u0131k oluyoruz. Osokin\u2019in i\u00e7sel konu\u015fmalar\u0131 ve \u00e7eki\u015fmeleri hepimize tan\u0131d\u0131k gelen sanc\u0131lar\u0131 hat\u0131rlat\u0131yor. Ezoterizmin \u00f6nc\u00fclerinden Uspenski\u2019nin daha \u00f6nce birka\u00e7 kez T\u00fcrk\u00e7eye \u00e7evrilmi\u015f bu klasikle\u015fmi\u015f roman\u0131n\u0131 Vak\u0131fBank K\u00fclt\u00fcr Yay\u0131nlar\u0131 ilk kez Rus\u00e7adan \u00e7evirisiyle edebiyatseverlerle bulu\u015fturuyor.<\/p>\n","protected":false},"excerpt":{"rendered":"<p>\u201cB\u00fct\u00fcn bunlar ne demek oluyor? \u015eu d\u00fc\u015f\u00fcncelerini bir anl\u0131\u011f\u0131na durdurabilse ve onlara h\u00fckmedebilse bir anda her \u015feyi anlayacakm\u0131\u015f gibi geliyor. Oysa kafas\u0131ndakiler \u00f6ylesine h\u0131zl\u0131 ge\u00e7ip gidiyor<span class=\"excerpt-hellip\"> [\u2026]<\/span><\/p>\n","protected":false},"featured_media":0,"template":"","meta":{"_monsterinsights_skip_tracking":false,"_monsterinsights_sitenote_active":false,"_monsterinsights_sitenote_note":"","_monsterinsights_sitenote_category":0},"product_brand":[],"product_cat":[12291,12711],"product_tag":[],"class_list":{"0":"post-785487","1":"product","2":"type-product","3":"status-publish","5":"product_cat-edebiyat","6":"product_cat-roman-oyku","7":"pa_cilt-ciltsiz","8":"pa_tur-kitap","9":"pa_yayinevi-vakifbank-kultur-yayinlari","10":"pa_yazar-pyotr-demyanovic-uspenski","12":"first","13":"instock","14":"sale","15":"shipping-taxable","16":"purchasable","17":"product-type-simple"},"_links":{"self":[{"href":"https:\/\/roveyayinevi.com.tr\/index.php\/wp-json\/wp\/v2\/product\/785487","targetHints":{"allow":["GET"]}}],"collection":[{"href":"https:\/\/roveyayinevi.com.tr\/index.php\/wp-json\/wp\/v2\/product"}],"about":[{"href":"https:\/\/roveyayinevi.com.tr\/index.php\/wp-json\/wp\/v2\/types\/product"}],"wp:attachment":[{"href":"https:\/\/roveyayinevi.com.tr\/index.php\/wp-json\/wp\/v2\/media?parent=785487"}],"wp:term":[{"taxonomy":"product_brand","embeddable":true,"href":"https:\/\/roveyayinevi.com.tr\/index.php\/wp-json\/wp\/v2\/product_brand?post=785487"},{"taxonomy":"product_cat","embeddable":true,"href":"https:\/\/roveyayinevi.com.tr\/index.php\/wp-json\/wp\/v2\/product_cat?post=785487"},{"taxonomy":"product_tag","embeddable":true,"href":"https:\/\/roveyayinevi.com.tr\/index.php\/wp-json\/wp\/v2\/product_tag?post=785487"}],"curies":[{"name":"wp","href":"https:\/\/api.w.org\/{rel}","templated":true}]}}