{"id":785486,"date":"2026-04-05T02:40:10","date_gmt":"2026-04-04T23:40:10","guid":{"rendered":"https:\/\/roveyayinevi.com.tr\/index.php\/urun\/sanat-neye-yarar\/"},"modified":"2026-04-16T02:32:50","modified_gmt":"2026-04-15T23:32:50","slug":"sanat-neye-yarar","status":"publish","type":"product","link":"https:\/\/roveyayinevi.com.tr\/index.php\/urun\/sanat-neye-yarar\/","title":{"rendered":"Sanat Neye Yarar?"},"content":{"rendered":"<p>Oxford \u00dcniversitesinde verdi\u011fi edebiyat derslerinin yan\u0131 s\u0131ra, genel okura hitap eden kitap ve yaz\u0131lar\u0131yla tan\u0131nan \u0130ngiliz k\u00fclt\u00fcr ele\u015ftirmeni John Carey, Sanat Neye Yarar? kitab\u0131yla ilk defa T\u00fcrkiye\u2019deki okurlarla bulu\u015fuyor. D\u00fc\u015f\u00fcnd\u00fcr\u00fcc\u00fc, n\u00fcktedan ve sivri dilli i\u00e7eri\u011fiyle, yay\u0131mland\u0131\u011f\u0131 y\u0131l \u0130ngiltere\u2019nin entelekt\u00fcel ya\u015fam\u0131nda tart\u0131\u015fmalara yol a\u00e7an Sanat Neye Yarar? sanat, edebiyat ele\u015ftirisi ve antropoloji gibi alanlar\u0131 harmanl\u0131yor ve sanat\u0131n i\u015flev(ler)i konusuna ele\u015ftirel bir katk\u0131 sunuyor. \u00dcst-k\u00fclt\u00fcr ve kitle k\u00fclt\u00fcr\u00fc ayr\u0131m\u0131na getirdi\u011fi yeni yorumlar\u0131yla, sanat ve edebiyata ilgi duyanlar i\u00e7in bir solukta okunacak, doyurucu bir \u00e7al\u0131\u015fma Sanat Neye Yarar?<\/p>\n","protected":false},"excerpt":{"rendered":"<p>Oxford \u00dcniversitesinde verdi\u011fi edebiyat derslerinin yan\u0131 s\u0131ra, genel okura hitap eden kitap ve yaz\u0131lar\u0131yla tan\u0131nan \u0130ngiliz k\u00fclt\u00fcr ele\u015ftirmeni John Carey, Sanat Neye Yarar? kitab\u0131yla ilk defa<span class=\"excerpt-hellip\"> [\u2026]<\/span><\/p>\n","protected":false},"featured_media":0,"template":"","meta":{"_monsterinsights_skip_tracking":false,"_monsterinsights_sitenote_active":false,"_monsterinsights_sitenote_note":"","_monsterinsights_sitenote_category":0},"product_brand":[],"product_cat":[12408,14197],"product_tag":[],"class_list":{"0":"post-785486","1":"product","2":"type-product","3":"status-publish","5":"product_cat-sanat","6":"product_cat-sanat-tarihi","7":"pa_cilt-ciltsiz","8":"pa_tur-kitap","9":"pa_yayinevi-vakifbank-kultur-yayinlari","10":"pa_yazar-john-carey","12":"first","13":"instock","14":"sale","15":"shipping-taxable","16":"purchasable","17":"product-type-simple"},"_links":{"self":[{"href":"https:\/\/roveyayinevi.com.tr\/index.php\/wp-json\/wp\/v2\/product\/785486","targetHints":{"allow":["GET"]}}],"collection":[{"href":"https:\/\/roveyayinevi.com.tr\/index.php\/wp-json\/wp\/v2\/product"}],"about":[{"href":"https:\/\/roveyayinevi.com.tr\/index.php\/wp-json\/wp\/v2\/types\/product"}],"wp:attachment":[{"href":"https:\/\/roveyayinevi.com.tr\/index.php\/wp-json\/wp\/v2\/media?parent=785486"}],"wp:term":[{"taxonomy":"product_brand","embeddable":true,"href":"https:\/\/roveyayinevi.com.tr\/index.php\/wp-json\/wp\/v2\/product_brand?post=785486"},{"taxonomy":"product_cat","embeddable":true,"href":"https:\/\/roveyayinevi.com.tr\/index.php\/wp-json\/wp\/v2\/product_cat?post=785486"},{"taxonomy":"product_tag","embeddable":true,"href":"https:\/\/roveyayinevi.com.tr\/index.php\/wp-json\/wp\/v2\/product_tag?post=785486"}],"curies":[{"name":"wp","href":"https:\/\/api.w.org\/{rel}","templated":true}]}}