{"id":785484,"date":"2026-04-05T02:31:35","date_gmt":"2026-04-04T23:31:35","guid":{"rendered":"https:\/\/roveyayinevi.com.tr\/index.php\/urun\/bes-cinayetin-anatomisi\/"},"modified":"2026-04-16T02:26:25","modified_gmt":"2026-04-15T23:26:25","slug":"bes-cinayetin-anatomisi","status":"publish","type":"product","link":"https:\/\/roveyayinevi.com.tr\/index.php\/urun\/bes-cinayetin-anatomisi\/","title":{"rendered":"Be\u015f Cinayetin Anatomisi"},"content":{"rendered":"<p>Be\u015f cinayeti irdelemek nereden akl\u0131ma geldi? Neden b\u00f6yle bir ihtiya\u00e7 duydum? Savc\u0131l\u0131k ve ceza avukatl\u0131\u011f\u0131 yaparak ge\u00e7irdi\u011fim 35 y\u0131lda, \u00f6mr\u00fcm\u00fcn en g\u00fczel ve en kah\u0131rl\u0131 d\u00f6nemi olan bu 35 y\u0131lda, y\u00fczlerce cinayet olay\u0131 ile kar\u015f\u0131la\u015ft\u0131m. Bir k\u0131sm\u0131nda tahkikat\u0131 y\u00fcr\u00fcten savc\u0131 idim, bir k\u0131sm\u0131nda san\u0131\u011f\u0131 savunan avukat, birka\u00e7 tanesinde de \u00f6ld\u00fcr\u00fclen ki\u015filerin yak\u0131nlar\u0131n\u0131n haklar\u0131n\u0131 savunan m\u00fcdahil vekili.Mesle\u011fe ba\u015flad\u0131\u011f\u0131m g\u00fcnden, hatta hukuk fak\u00fcltesine ba\u015flad\u0131\u011f\u0131m g\u00fcnden itibaren, cinayet su\u00e7lar\u0131 beni yak\u0131ndan ilgilendirmi\u015fti. Bunun en \u00f6nemli nedenlerinden bir ikisine burada de\u011finece\u011fim. Bu kitab\u0131 kaleme almam, T\u00fcrkiye&#8217;de uygulanan hukuk sistemindeki \u00e7arp\u0131kl\u0131\u011f\u0131, cezaevlerindeki keyfili\u011fi, tahkikatlar\u0131 y\u00fcr\u00fcten ki\u015filerin e\u011fitim yetersizliklerini, yarg\u0131s\u0131z infaz yapan bir k\u0131s\u0131m medyan\u0131n sorumsuz, pervas\u0131z tavr\u0131n\u0131, bu la\u00e7kal\u0131k i\u00e7inde cinayet su\u00e7lar\u0131n\u0131n bir k\u0131sm\u0131na \u00f6l\u00fcm cezas\u0131 verilmesi ve bu ceza verildikten sonra hata halinde telafisinin m\u00fcmk\u00fcn olmay\u0131\u015f\u0131n\u0131 g\u00f6zler \u00f6n\u00fcne sermek amac\u0131ylad\u0131r.   <\/p>\n","protected":false},"excerpt":{"rendered":"<p>Be\u015f cinayeti irdelemek nereden akl\u0131ma geldi? Neden b\u00f6yle bir ihtiya\u00e7 duydum? Savc\u0131l\u0131k ve ceza avukatl\u0131\u011f\u0131 yaparak ge\u00e7irdi\u011fim 35 y\u0131lda, \u00f6mr\u00fcm\u00fcn en g\u00fczel ve en kah\u0131rl\u0131 d\u00f6nemi<span class=\"excerpt-hellip\"> [\u2026]<\/span><\/p>\n","protected":false},"featured_media":0,"template":"","meta":{"_monsterinsights_skip_tracking":false,"_monsterinsights_sitenote_active":false,"_monsterinsights_sitenote_note":"","_monsterinsights_sitenote_category":0},"product_brand":[],"product_cat":[13701,12291],"product_tag":[],"class_list":{"0":"post-785484","1":"product","2":"type-product","3":"status-publish","5":"product_cat-ani-mektup-gunluk","6":"product_cat-edebiyat","7":"pa_cilt-ciltsiz","8":"pa_tur-kitap","9":"pa_yayinevi-yitik-ulke-yayinlari","10":"pa_yazar-namik-kemal-behramoglu","12":"first","13":"instock","14":"sale","15":"shipping-taxable","16":"purchasable","17":"product-type-simple"},"_links":{"self":[{"href":"https:\/\/roveyayinevi.com.tr\/index.php\/wp-json\/wp\/v2\/product\/785484","targetHints":{"allow":["GET"]}}],"collection":[{"href":"https:\/\/roveyayinevi.com.tr\/index.php\/wp-json\/wp\/v2\/product"}],"about":[{"href":"https:\/\/roveyayinevi.com.tr\/index.php\/wp-json\/wp\/v2\/types\/product"}],"wp:attachment":[{"href":"https:\/\/roveyayinevi.com.tr\/index.php\/wp-json\/wp\/v2\/media?parent=785484"}],"wp:term":[{"taxonomy":"product_brand","embeddable":true,"href":"https:\/\/roveyayinevi.com.tr\/index.php\/wp-json\/wp\/v2\/product_brand?post=785484"},{"taxonomy":"product_cat","embeddable":true,"href":"https:\/\/roveyayinevi.com.tr\/index.php\/wp-json\/wp\/v2\/product_cat?post=785484"},{"taxonomy":"product_tag","embeddable":true,"href":"https:\/\/roveyayinevi.com.tr\/index.php\/wp-json\/wp\/v2\/product_tag?post=785484"}],"curies":[{"name":"wp","href":"https:\/\/api.w.org\/{rel}","templated":true}]}}