{"id":785482,"date":"2026-04-05T02:21:15","date_gmt":"2026-04-04T23:21:15","guid":{"rendered":"https:\/\/roveyayinevi.com.tr\/index.php\/urun\/kediler\/"},"modified":"2026-04-16T02:18:08","modified_gmt":"2026-04-15T23:18:08","slug":"kediler","status":"publish","type":"product","link":"https:\/\/roveyayinevi.com.tr\/index.php\/urun\/kediler\/","title":{"rendered":"Kediler"},"content":{"rendered":"<p>Mizah y\u00fckl\u00fc anlat\u0131m\u0131yla ve engin hayal g\u00fcc\u00fcyle Ermenice \u015fiire yeni bir soluk getirmi\u015f Zahrad\u2019\u0131n kedili \u015fiirleri, \u015faire ait kedi \u00e7izimleriyle birlikte Aras Yay\u0131nc\u0131l\u0131k taraf\u0131ndan iki dilli (T\u00fcrk\u00e7e-Ermenice) olarak yay\u0131mlan\u0131yor. Zahrad\u2019\u0131n usta i\u015fi \u015fiirlerini ba\u015far\u0131yla T\u00fcrk\u00e7eye ta\u015f\u0131yan Ohanne\u015f \u015ea\u015fkal\u2019\u0131n \u00e7evirmenli\u011fini \u00fcstlendi\u011fi kitapta, \u015fairin pek bilinmeyen \u00e7izer y\u00f6n\u00fcne de tan\u0131kl\u0131k ediyoruz. \u00c7izimlerinde a\u011f\u0131rl\u0131kl\u0131 olarak benimsedi\u011fi k\u00fcbik tarz, Zahrad\u2019\u0131n d\u00f6nemin g\u00f6zde ak\u0131mlar\u0131n\u0131 yak\u0131ndan takip eden h\u00fcnerli bir \u201camat\u00f6r\u201d oldu\u011funu g\u00f6steriyor. Hayat\u0131 boyunca kedilerle ha\u015f\u0131r ne\u015fir olmu\u015f, kedileri olmazsa olmaz\u0131 bellemi\u015f bir ozan\u0131n estetik ve bir o kadar samimi \u015fiirleri, renkli portrelerle bir araya gelince ortaya keyifli bir okuma \u00e7\u0131k\u0131yor. Zahrad\u2019\u0131n \u015fiirleri bize \u201ckedi\u201dlerden \u00f6\u011frenece\u011fimiz daha \u00e7ok \u015fey oldu\u011funu anlat\u0131yor.. <\/p>\n","protected":false},"excerpt":{"rendered":"<p>Mizah y\u00fckl\u00fc anlat\u0131m\u0131yla ve engin hayal g\u00fcc\u00fcyle Ermenice \u015fiire yeni bir soluk getirmi\u015f Zahrad\u2019\u0131n kedili \u015fiirleri, \u015faire ait kedi \u00e7izimleriyle birlikte Aras Yay\u0131nc\u0131l\u0131k taraf\u0131ndan iki dilli<span class=\"excerpt-hellip\"> [\u2026]<\/span><\/p>\n","protected":false},"featured_media":0,"template":"","meta":{"_monsterinsights_skip_tracking":false,"_monsterinsights_sitenote_active":false,"_monsterinsights_sitenote_note":"","_monsterinsights_sitenote_category":0},"product_brand":[],"product_cat":[12291,12509],"product_tag":[],"class_list":{"0":"post-785482","1":"product","2":"type-product","3":"status-publish","5":"product_cat-edebiyat","6":"product_cat-siir","7":"pa_cilt-ciltsiz","8":"pa_tur-kitap","9":"pa_yayinevi-aras-yayinlari","10":"pa_yazar-zahrad","12":"first","13":"instock","14":"sale","15":"shipping-taxable","16":"purchasable","17":"product-type-simple"},"_links":{"self":[{"href":"https:\/\/roveyayinevi.com.tr\/index.php\/wp-json\/wp\/v2\/product\/785482","targetHints":{"allow":["GET"]}}],"collection":[{"href":"https:\/\/roveyayinevi.com.tr\/index.php\/wp-json\/wp\/v2\/product"}],"about":[{"href":"https:\/\/roveyayinevi.com.tr\/index.php\/wp-json\/wp\/v2\/types\/product"}],"wp:attachment":[{"href":"https:\/\/roveyayinevi.com.tr\/index.php\/wp-json\/wp\/v2\/media?parent=785482"}],"wp:term":[{"taxonomy":"product_brand","embeddable":true,"href":"https:\/\/roveyayinevi.com.tr\/index.php\/wp-json\/wp\/v2\/product_brand?post=785482"},{"taxonomy":"product_cat","embeddable":true,"href":"https:\/\/roveyayinevi.com.tr\/index.php\/wp-json\/wp\/v2\/product_cat?post=785482"},{"taxonomy":"product_tag","embeddable":true,"href":"https:\/\/roveyayinevi.com.tr\/index.php\/wp-json\/wp\/v2\/product_tag?post=785482"}],"curies":[{"name":"wp","href":"https:\/\/api.w.org\/{rel}","templated":true}]}}