{"id":785481,"date":"2026-04-05T02:01:35","date_gmt":"2026-04-04T23:01:35","guid":{"rendered":"https:\/\/roveyayinevi.com.tr\/index.php\/urun\/bilim-felsefesi-8\/"},"modified":"2026-04-16T02:00:52","modified_gmt":"2026-04-15T23:00:52","slug":"bilim-felsefesi-8","status":"publish","type":"product","link":"https:\/\/roveyayinevi.com.tr\/index.php\/urun\/bilim-felsefesi-8\/","title":{"rendered":"Bilim Felsefesi"},"content":{"rendered":"<p>Bilimin s\u0131n\u0131rlar\u0131n(d)a ele\u015ftirel bir yolculuk.   Bilim Felsefesi, modern d\u00f6nem insan\u0131na yeni bir bak\u0131\u015f\u0131n kap\u0131s\u0131n\u0131 aralayacakt\u0131r&#8230; Bilim, d\u00fcnyay\u0131 anlayabilmemizde rol \u00fcstlenen en \u00f6nemli etkinliklerden biri. Bu bak\u0131mdan, \u00f6zellikle yeni\u00e7a\u011f\u0131n ba\u015flang\u0131c\u0131ndan bu yana, getirdikleriyle hem g\u00fcnl\u00fck hayat\u0131m\u0131z\u0131 hem de d\u00fc\u015f\u00fcnme bi\u00e7imimizi belirleyen bir yana sahip. Peki ama b\u00f6ylesine merkezi bir yere sahip bilim hakk\u0131nda ne biliyoruz? Yapt\u0131\u011f\u0131m\u0131z at\u0131flar\u0131n ne kadar\u0131n\u0131n bilimde bir kar\u015f\u0131l\u0131\u011f\u0131 var? Bilimsel bilginin g\u00fcc\u00fc ne? Bilim nas\u0131l bir \u00e7al\u0131\u015fma y\u00f6ntemine sahip? Do\u011fa yasas\u0131 diye adland\u0131rd\u0131\u011f\u0131m\u0131z \u015fey, acaba ger\u00e7ekten do\u011fada var m\u0131, yoksa bu, insan\u0131n bir kurgusu mu? Tarihsel-toplumsal bir varl\u0131k olan insan\u0131n y\u00fcr\u00fctt\u00fc\u011f\u00fc etkinlik olarak bilim, tarihin d\u0131\u015f\u0131na ne kadar \u00e7\u0131kabiliyor? Bilim Felsefesi, b\u00fct\u00fcn bu ve benzeri sorular\u0131, bilim kavray\u0131\u015f\u0131n\u0131 do\u011fa bilimlerinden ibaret saymayan bir anlay\u0131\u015f do\u011frultusunda a\u00e7\u0131kl\u0131kla tart\u0131\u015f\u0131yor. <\/p>\n","protected":false},"excerpt":{"rendered":"<p>Bilimin s\u0131n\u0131rlar\u0131n(d)a ele\u015ftirel bir yolculuk. Bilim Felsefesi, modern d\u00f6nem insan\u0131na yeni bir bak\u0131\u015f\u0131n kap\u0131s\u0131n\u0131 aralayacakt\u0131r&#8230; Bilim, d\u00fcnyay\u0131 anlayabilmemizde rol \u00fcstlenen en \u00f6nemli etkinliklerden biri. Bu bak\u0131mdan,<span class=\"excerpt-hellip\"> [\u2026]<\/span><\/p>\n","protected":false},"featured_media":0,"template":"","meta":{"_monsterinsights_skip_tracking":false,"_monsterinsights_sitenote_active":false,"_monsterinsights_sitenote_note":"","_monsterinsights_sitenote_category":0},"product_brand":[],"product_cat":[12389,12388],"product_tag":[],"class_list":{"0":"post-785481","1":"product","2":"type-product","3":"status-publish","5":"product_cat-diger-felsefe","6":"product_cat-felsefe","7":"pa_cilt-ciltsiz","8":"pa_tur-kitap","9":"pa_yayinevi-notos-kitap","10":"pa_yazar-dogan-ozlem","12":"first","13":"instock","14":"sale","15":"shipping-taxable","16":"purchasable","17":"product-type-simple"},"_links":{"self":[{"href":"https:\/\/roveyayinevi.com.tr\/index.php\/wp-json\/wp\/v2\/product\/785481","targetHints":{"allow":["GET"]}}],"collection":[{"href":"https:\/\/roveyayinevi.com.tr\/index.php\/wp-json\/wp\/v2\/product"}],"about":[{"href":"https:\/\/roveyayinevi.com.tr\/index.php\/wp-json\/wp\/v2\/types\/product"}],"wp:attachment":[{"href":"https:\/\/roveyayinevi.com.tr\/index.php\/wp-json\/wp\/v2\/media?parent=785481"}],"wp:term":[{"taxonomy":"product_brand","embeddable":true,"href":"https:\/\/roveyayinevi.com.tr\/index.php\/wp-json\/wp\/v2\/product_brand?post=785481"},{"taxonomy":"product_cat","embeddable":true,"href":"https:\/\/roveyayinevi.com.tr\/index.php\/wp-json\/wp\/v2\/product_cat?post=785481"},{"taxonomy":"product_tag","embeddable":true,"href":"https:\/\/roveyayinevi.com.tr\/index.php\/wp-json\/wp\/v2\/product_tag?post=785481"}],"curies":[{"name":"wp","href":"https:\/\/api.w.org\/{rel}","templated":true}]}}