{"id":785477,"date":"2026-04-03T03:42:12","date_gmt":"2026-04-03T00:42:12","guid":{"rendered":"https:\/\/roveyayinevi.com.tr\/index.php\/urun\/duskun\/"},"modified":"2026-04-11T14:51:27","modified_gmt":"2026-04-11T11:51:27","slug":"duskun","status":"publish","type":"product","link":"https:\/\/roveyayinevi.com.tr\/index.php\/urun\/duskun\/","title":{"rendered":"D\u00fc\u015fk\u00fcn"},"content":{"rendered":"<p>Nobel Edebiyat \u00d6d\u00fcl\u00fc sahibi Thomas Mann, insan ruhununen derin yar\u0131klar\u0131n\u0131, en incelikli k\u0131r\u0131lmalar\u0131n\u0131 ve en rahats\u0131zedici hakikatlerini g\u00f6r\u00fcn\u00fcr k\u0131labilen b\u00fcy\u00fck bir ustad\u0131r.Mann\u2019\u0131n \u00f6yk\u00fc derlemesi olan D\u00fc\u015fk\u00fcn ise, onun erkend\u00f6nem anlat\u0131lar\u0131nda bile nas\u0131l sars\u0131c\u0131 bir d\u00fc\u015f\u00fcnsel derinlikkurdu\u011funu g\u00f6steren \u00e7arp\u0131c\u0131 bir kitap.Bu kitapta Thomas Mann, s\u0131radan g\u00f6r\u00fcnen hayatlar\u0131ni\u00e7indeki b\u00fcy\u00fck \u00e7at\u0131\u015fmalar\u0131 a\u00e7\u0131\u011fa \u00e7\u0131kar\u0131r. \u00d6yk\u00fclerde birinsan\u0131n b\u00fct\u00fcn varolu\u015funu ku\u015fatan hayal ile ger\u00e7ekaras\u0131ndaki u\u00e7urum, sanat ile ahlak aras\u0131ndaki gerilim vetoplumun ac\u0131mas\u0131z bak\u0131\u015flar\u0131 alt\u0131nda ezilen bireyin trajedisiincelikli ama sert bir anlat\u0131mla \u00f6r\u00fcl\u00fcr. Bu karakterler yaln\u0131zde\u011fildir; her biri modern insan\u0131n par\u00e7alanm\u0131\u015f ruhunun biryans\u0131mas\u0131d\u0131r.Mann\u2019\u0131n edebiyat\u0131nda sanat, masum bir g\u00fczellik alan\u0131de\u011fildir; aksine, \u00e7o\u011fu zaman bir \u00e7at\u0131\u015fma, sorgulama ve hattay\u0131k\u0131m alan\u0131d\u0131r. Mann, esteti\u011fin ard\u0131ndaki gerilimleri a\u00e7\u0131\u011fa\u00e7\u0131kar\u0131rken okuru da bu sorgulaman\u0131n i\u00e7ine \u00e7eker.\u00c7\u00fcnk\u00fc Thomas Mann, cevaplar de\u011fil, derinle\u015fen sorularsoran bir yazard\u0131r.<\/p>\n","protected":false},"excerpt":{"rendered":"<p>Nobel Edebiyat \u00d6d\u00fcl\u00fc sahibi Thomas Mann, insan ruhununen derin yar\u0131klar\u0131n\u0131, en incelikli k\u0131r\u0131lmalar\u0131n\u0131 ve en rahats\u0131zedici hakikatlerini g\u00f6r\u00fcn\u00fcr k\u0131labilen b\u00fcy\u00fck bir ustad\u0131r.Mann\u2019\u0131n \u00f6yk\u00fc derlemesi olan D\u00fc\u015fk\u00fcn<span class=\"excerpt-hellip\"> [\u2026]<\/span><\/p>\n","protected":false},"featured_media":0,"template":"","meta":{"_monsterinsights_skip_tracking":false,"_monsterinsights_sitenote_active":false,"_monsterinsights_sitenote_note":"","_monsterinsights_sitenote_category":0},"product_brand":[],"product_cat":[141304],"product_tag":[],"class_list":{"0":"post-785477","1":"product","2":"type-product","3":"status-publish","5":"product_cat-yeni-cikanlar","6":"pa_cilt-ciltsiz","7":"pa_tur-kitap","8":"pa_yayinevi-kirmizi-kedi-yayinevi","9":"pa_yazar-thomas-mann","11":"first","12":"instock","13":"sale","14":"shipping-taxable","15":"purchasable","16":"product-type-simple"},"_links":{"self":[{"href":"https:\/\/roveyayinevi.com.tr\/index.php\/wp-json\/wp\/v2\/product\/785477","targetHints":{"allow":["GET"]}}],"collection":[{"href":"https:\/\/roveyayinevi.com.tr\/index.php\/wp-json\/wp\/v2\/product"}],"about":[{"href":"https:\/\/roveyayinevi.com.tr\/index.php\/wp-json\/wp\/v2\/types\/product"}],"wp:attachment":[{"href":"https:\/\/roveyayinevi.com.tr\/index.php\/wp-json\/wp\/v2\/media?parent=785477"}],"wp:term":[{"taxonomy":"product_brand","embeddable":true,"href":"https:\/\/roveyayinevi.com.tr\/index.php\/wp-json\/wp\/v2\/product_brand?post=785477"},{"taxonomy":"product_cat","embeddable":true,"href":"https:\/\/roveyayinevi.com.tr\/index.php\/wp-json\/wp\/v2\/product_cat?post=785477"},{"taxonomy":"product_tag","embeddable":true,"href":"https:\/\/roveyayinevi.com.tr\/index.php\/wp-json\/wp\/v2\/product_tag?post=785477"}],"curies":[{"name":"wp","href":"https:\/\/api.w.org\/{rel}","templated":true}]}}