{"id":785473,"date":"2026-04-03T03:42:01","date_gmt":"2026-04-03T00:42:01","guid":{"rendered":"https:\/\/roveyayinevi.com.tr\/index.php\/urun\/uygulamali-hitabet-sanati\/"},"modified":"2026-04-15T03:49:20","modified_gmt":"2026-04-15T00:49:20","slug":"uygulamali-hitabet-sanati","status":"publish","type":"product","link":"https:\/\/roveyayinevi.com.tr\/index.php\/urun\/uygulamali-hitabet-sanati\/","title":{"rendered":"Uygulamal\u0131 Hitabet Sanat\u0131"},"content":{"rendered":"<p>Leonardo da Vinci&#8217;nin dedi\u011fi gibi;B\u00fcy\u00fck engeller beni durduramaz,\u0130nsan\u0131n bilgisi artt\u0131k\u00e7a, sevgisi de \u00e7o\u011fal\u0131r.Hayata de\u011fer vermeyen onu hak etmemi\u015ftir de.Her bir engel kararl\u0131l\u0131\u011f\u0131m\u0131 daha da g\u00fc\u00e7lendirir.Sunum yapmak hem kolay hem de d\u00fcnyan\u0131n en zor \u015feyidir. Sunum haz\u0131rlamaksa ayr\u0131 bir yetenek gerektirir. Etkili bir sunum, iyi bir sunum yapmakla ba\u015flar. Bu kitapta yolu sunumdan ge\u00e7en herkes i\u00e7in;\u2022 Sunum yapma becerisini geli\u015ftirmek\u2022 Sunum haz\u0131rlama\u2022 Beden dili\u2022 Ses e\u011fitimi\u2022 Sunum \u00e7e\u015fitleri\u2022 \u0130kna stratejisi\u2022 Liderlik\u2022 Etkili ileti\u015fim\u2022 Etkili sunum gibi yolunuzu ayd\u0131nlatacak pek \u00e7ok konuda, hem teorik bilgiler hem de 83 adet uygulama bulunmaktad\u0131r. Sunumun bir yolculuk, sizlerin de birer rehber oldu\u011funuzu d\u00fc\u015f\u00fcnerek bu kitab\u0131 haz\u0131rlad\u0131m. Hem teorik hem de pratik bir kitap olmas\u0131n\u0131 ama\u00e7lad\u0131m. Yolunuza \u0131\u015f\u0131k olmas\u0131 dile\u011fi ile.<\/p>\n","protected":false},"excerpt":{"rendered":"<p>Leonardo da Vinci&#8217;nin dedi\u011fi gibi;B\u00fcy\u00fck engeller beni durduramaz,\u0130nsan\u0131n bilgisi artt\u0131k\u00e7a, sevgisi de \u00e7o\u011fal\u0131r.Hayata de\u011fer vermeyen onu hak etmemi\u015ftir de.Her bir engel kararl\u0131l\u0131\u011f\u0131m\u0131 daha da g\u00fc\u00e7lendirir.Sunum yapmak<span class=\"excerpt-hellip\"> [\u2026]<\/span><\/p>\n","protected":false},"featured_media":0,"template":"","meta":{"_monsterinsights_skip_tracking":false,"_monsterinsights_sitenote_active":false,"_monsterinsights_sitenote_note":"","_monsterinsights_sitenote_category":0},"product_brand":[],"product_cat":[12364,12376],"product_tag":[],"class_list":{"0":"post-785473","1":"product","2":"type-product","3":"status-publish","5":"product_cat-genel-konular","6":"product_cat-kisisel-gelisim","7":"pa_cilt-ciltsiz","8":"pa_tur-kitap","9":"pa_yayinevi-pozitif-yayinlari","10":"pa_yazar-yilmaz-arikan","12":"first","13":"instock","14":"sale","15":"shipping-taxable","16":"purchasable","17":"product-type-simple"},"_links":{"self":[{"href":"https:\/\/roveyayinevi.com.tr\/index.php\/wp-json\/wp\/v2\/product\/785473","targetHints":{"allow":["GET"]}}],"collection":[{"href":"https:\/\/roveyayinevi.com.tr\/index.php\/wp-json\/wp\/v2\/product"}],"about":[{"href":"https:\/\/roveyayinevi.com.tr\/index.php\/wp-json\/wp\/v2\/types\/product"}],"wp:attachment":[{"href":"https:\/\/roveyayinevi.com.tr\/index.php\/wp-json\/wp\/v2\/media?parent=785473"}],"wp:term":[{"taxonomy":"product_brand","embeddable":true,"href":"https:\/\/roveyayinevi.com.tr\/index.php\/wp-json\/wp\/v2\/product_brand?post=785473"},{"taxonomy":"product_cat","embeddable":true,"href":"https:\/\/roveyayinevi.com.tr\/index.php\/wp-json\/wp\/v2\/product_cat?post=785473"},{"taxonomy":"product_tag","embeddable":true,"href":"https:\/\/roveyayinevi.com.tr\/index.php\/wp-json\/wp\/v2\/product_tag?post=785473"}],"curies":[{"name":"wp","href":"https:\/\/api.w.org\/{rel}","templated":true}]}}