{"id":785466,"date":"2026-04-03T03:41:28","date_gmt":"2026-04-03T00:41:28","guid":{"rendered":"https:\/\/roveyayinevi.com.tr\/index.php\/urun\/hayat-studyosundaki-mucize\/"},"modified":"2026-04-15T03:48:55","modified_gmt":"2026-04-15T00:48:55","slug":"hayat-studyosundaki-mucize","status":"publish","type":"product","link":"https:\/\/roveyayinevi.com.tr\/index.php\/urun\/hayat-studyosundaki-mucize\/","title":{"rendered":"HAYAT ST\u00dcDYOSUNDAK\u0130 MUC\u0130ZE"},"content":{"rendered":"<p>\u201cHayat\u0131n\u0131z\u0131 47 karede \u00f6zetlemenizi isteselerdi hangilerini se\u00e7erdiniz?\u201d   Hirasaka, araftaki foto\u011fraf stu\u0308dyosunu i\u015fleten bir k\u0131lavuzdur. \u00d6len ruhlar\u0131n \u00f6bu\u0308r tarafa ge\u00e7meden \u00f6nce, hayatlar\u0131ndaki an\u0131lar\u0131n\u0131 son kez g\u00f6rdu\u0308\u011fu\u0308 bir \u201cd\u00f6ner fener\u201d haz\u0131rlamalar\u0131nda yard\u0131mc\u0131 olmaktad\u0131r. Bir nevi projekt\u00f6r olan bu d\u00f6ner fenerde g\u00f6rdu\u0308kleri, ya\u015famlar\u0131 boyunca \u00e7ekilmi\u015f foto\u011fraflar\u0131d\u0131r. Bu ruhlar, her y\u0131l i\u00e7in bir foto\u011fraf se\u00e7er ve en sonunda bu foto\u011fraflar, g\u00f6zlerinin \u00f6nu\u0308nden \u201cbir film \u015feridi\u201d gibi akar.   Olur da silik bir foto\u011fraf\u0131 restore etmek isterlerse Hirasaka ile ge\u00e7mi\u015fe d\u00f6nerek o foto\u011fraf\u0131 tekrar \u00e7ekebilirler. Tabii bu konuda da baz\u0131 kurallar mevcuttur. Ge\u00e7mi\u015fe yaln\u0131zca bir gu\u0308nlu\u0308\u011fu\u0308ne gidilecek, etraftakilerle konu\u015fulamayacak ve \u00f6zellikle de yazg\u0131lar\u0131n\u0131 de\u011fi\u015ftirmeye \u00e7al\u0131\u015fmayacaklard\u0131r.   Zaten kim yazg\u0131s\u0131n\u0131 de\u011fi\u015ftirebilir ki? \u00d6yle de\u011fil mi?   Hirasaka\u2019n\u0131n du\u0308kk\u00e2n\u0131na u\u011frayan u\u0308\u00e7 mu\u0308\u015fterisinden biri kre\u015f \u00f6\u011fretmeni, biri mafya ve biri de \u00e7ocuktur; birbirine hi\u00e7 benzemeyen bu u\u0308\u00e7 ki\u015finin maceralar\u0131n\u0131 merkezine alan Hayat Stu\u0308dyosundaki Mucize, du\u0308nyada bir\u00e7ok dile \u00e7evrildikten sonra \u015fimdi Tun\u00e7 Albay\u2019\u0131n titiz \u00e7evirisiyle Tu\u0308rkiye\u2019deki okurlar\u0131yla bulu\u015fuyor.   11. KONOMYS \u00d6du\u0308lleri\u2019nde \u201cGizli Mu\u0308cevher\u201d kategorisinde \u00f6du\u0308le lay\u0131k g\u00f6ru\u0308lmu\u0308\u015f, gizem \u00f6yku\u0308leriyle u\u0308nlu\u0308 Japon yazar Sanaka Hiiragi\u2019nin bu heyecanl\u0131 ve melodramatik hik\u00e2yesini ka\u00e7\u0131rmay\u0131n.<\/p>\n","protected":false},"excerpt":{"rendered":"<p>\u201cHayat\u0131n\u0131z\u0131 47 karede \u00f6zetlemenizi isteselerdi hangilerini se\u00e7erdiniz?\u201d Hirasaka, araftaki foto\u011fraf stu\u0308dyosunu i\u015fleten bir k\u0131lavuzdur. \u00d6len ruhlar\u0131n \u00f6bu\u0308r tarafa ge\u00e7meden \u00f6nce, hayatlar\u0131ndaki an\u0131lar\u0131n\u0131 son kez g\u00f6rdu\u0308\u011fu\u0308 bir<span class=\"excerpt-hellip\"> [\u2026]<\/span><\/p>\n","protected":false},"featured_media":0,"template":"","meta":{"_monsterinsights_skip_tracking":false,"_monsterinsights_sitenote_active":false,"_monsterinsights_sitenote_note":"","_monsterinsights_sitenote_category":0},"product_brand":[],"product_cat":[12291,12711],"product_tag":[],"class_list":{"0":"post-785466","1":"product","2":"type-product","3":"status-publish","5":"product_cat-edebiyat","6":"product_cat-roman-oyku","7":"pa_cilt-ciltsiz","8":"pa_tur-kitap","9":"pa_yayinevi-dusbaz-kitaplar","10":"pa_yazar-sanaka-hiiragi","12":"first","13":"instock","14":"sale","15":"shipping-taxable","16":"purchasable","17":"product-type-simple"},"_links":{"self":[{"href":"https:\/\/roveyayinevi.com.tr\/index.php\/wp-json\/wp\/v2\/product\/785466","targetHints":{"allow":["GET"]}}],"collection":[{"href":"https:\/\/roveyayinevi.com.tr\/index.php\/wp-json\/wp\/v2\/product"}],"about":[{"href":"https:\/\/roveyayinevi.com.tr\/index.php\/wp-json\/wp\/v2\/types\/product"}],"wp:attachment":[{"href":"https:\/\/roveyayinevi.com.tr\/index.php\/wp-json\/wp\/v2\/media?parent=785466"}],"wp:term":[{"taxonomy":"product_brand","embeddable":true,"href":"https:\/\/roveyayinevi.com.tr\/index.php\/wp-json\/wp\/v2\/product_brand?post=785466"},{"taxonomy":"product_cat","embeddable":true,"href":"https:\/\/roveyayinevi.com.tr\/index.php\/wp-json\/wp\/v2\/product_cat?post=785466"},{"taxonomy":"product_tag","embeddable":true,"href":"https:\/\/roveyayinevi.com.tr\/index.php\/wp-json\/wp\/v2\/product_tag?post=785466"}],"curies":[{"name":"wp","href":"https:\/\/api.w.org\/{rel}","templated":true}]}}