{"id":785465,"date":"2026-04-03T03:41:25","date_gmt":"2026-04-03T00:41:25","guid":{"rendered":"https:\/\/roveyayinevi.com.tr\/index.php\/urun\/gozetleme-ve-cezalandirmahapishanenin-dogusu\/"},"modified":"2026-04-15T03:48:55","modified_gmt":"2026-04-15T00:48:55","slug":"gozetleme-ve-cezalandirmahapishanenin-dogusu","status":"publish","type":"product","link":"https:\/\/roveyayinevi.com.tr\/index.php\/urun\/gozetleme-ve-cezalandirmahapishanenin-dogusu\/","title":{"rendered":"G\u00f6zetleme ve Cezaland\u0131rma:Hapishanenin Do\u011fu\u015fu"},"content":{"rendered":"<p>\u201cCeza infaz kampu\u0308su\u0308\u201d, \u201cdenetimli serbestlik\u201d, \u201celektronik kelep\u00e7e\u201d, \u201cmu\u0308lteci kamplar\u0131\u201d, \u201cyurtd\u0131\u015f\u0131 \u00e7\u0131k\u0131\u015f yasa\u011f\u0131\u201d gibi cezai ve siyasi ayg\u0131tlar her ge\u00e7en gu\u0308n gu\u0308ndelik hayat\u0131m\u0131z\u0131n daha bu\u0308yu\u0308k bir par\u00e7as\u0131na d\u00f6nu\u0308\u015fu\u0308yor. Teknolojik ilerlemelerin bilgiyi demokratikle\u015ftirme vaadi unutulu\u015fa terk edilip g\u00f6zetlemenin yeni yollar\u0131n\u0131 bulmak u\u0308zere seferber ediliyor. Sadece tehdit ile tehlike mefhumlar\u0131 de\u011fil, cezaland\u0131rma pratikleri de mu\u011flakla\u015f\u0131yor. \u0130\u015fte bu\u0308tu\u0308n bu geli\u015fmeler, Michel Foucault\u2019nun elli y\u0131l\u0131 deviren klasik eserini yeniden okumaya \u201cdavet ediyor\u201d bizi. Foucault, Bat\u0131\u2019da cezaland\u0131rma pratiklerinin de\u011fi\u015fmesiyle ortaya \u00e7\u0131kan hapishane kurumunun titiz bir tarihini yap\u0131yor. Bunun i\u00e7in de cezaland\u0131rman\u0131n bir ibret vesikas\u0131 olmaktan \u00e7\u0131kar\u0131l\u0131p gu\u0308ya medenile\u015ftirildi\u011fi, hatta su\u00e7un \u201cdo\u011fru anla\u015f\u0131lmas\u0131\u201d ve su\u00e7lunun \u201c\u0131slah edilebilmesi\u201d i\u00e7in hukuk, mimari, kriminoloji ve psikoloji gibi bilgi alanlar\u0131n\u0131n yard\u0131ma \u00e7a\u011fr\u0131ld\u0131\u011f\u0131 bu su\u0308recin en karanl\u0131k dehlizlerine \u0131\u015f\u0131k tutuyor. Kendisini du\u0308zen ve \u0131slah iddias\u0131yla me\u015frula\u015ft\u0131ran hapishane kurumunun su\u0308rekli reforma ihtiya\u00e7 duymas\u0131n\u0131n ve siyasi i\u015flevlerini has\u0131ralt\u0131 etmeye \u00e7al\u0131\u015fmas\u0131n\u0131n asl\u0131nda ba\u015far\u0131s\u0131zl\u0131\u011f\u0131n\u0131n bir itiraf\u0131 oldu\u011funu \u00f6ne su\u0308ru\u0308yor. Nihayetinde de hapishaneyi neden salt fiziksel bir kapatma kurumu olarak du\u0308\u015fu\u0308nmememiz gerekti\u011fini, kapatma ile kapitalizmin g\u00f6bekba\u011f\u0131n\u0131 g\u00f6zler \u00f6nu\u0308ne sererek a\u00e7\u0131kl\u0131yor. Yepyeni bir \u00e7eviriyle yay\u0131mlad\u0131\u011f\u0131m\u0131z bu klasik yap\u0131t\u0131n okunup tart\u0131\u015f\u0131lmas\u0131n\u0131n aciliyeti her ge\u00e7en gu\u0308n art\u0131yor. Tabii Foucault\u2019nun o me\u015fhur cu\u0308mlesini akl\u0131m\u0131zdan hi\u00e7 \u00e7\u0131karmadan: \u201cHapishanelerin fabrikalara, okullara, k\u0131\u015flalara, hastanelere benzemesinde \u015fa\u015f\u0131lacak bir \u015fey var m\u0131?\u201d<\/p>\n","protected":false},"excerpt":{"rendered":"<p>\u201cCeza infaz kampu\u0308su\u0308\u201d, \u201cdenetimli serbestlik\u201d, \u201celektronik kelep\u00e7e\u201d, \u201cmu\u0308lteci kamplar\u0131\u201d, \u201cyurtd\u0131\u015f\u0131 \u00e7\u0131k\u0131\u015f yasa\u011f\u0131\u201d gibi cezai ve siyasi ayg\u0131tlar her ge\u00e7en gu\u0308n gu\u0308ndelik hayat\u0131m\u0131z\u0131n daha bu\u0308yu\u0308k bir par\u00e7as\u0131na<span class=\"excerpt-hellip\"> [\u2026]<\/span><\/p>\n","protected":false},"featured_media":0,"template":"","meta":{"_monsterinsights_skip_tracking":false,"_monsterinsights_sitenote_active":false,"_monsterinsights_sitenote_note":"","_monsterinsights_sitenote_category":0},"product_brand":[],"product_cat":[12370,12304],"product_tag":[],"class_list":{"0":"post-785465","1":"product","2":"type-product","3":"status-publish","5":"product_cat-arastirma-inceleme","6":"product_cat-tarih","7":"pa_cilt-ciltsiz","8":"pa_tur-kitap","9":"pa_yayinevi-ayrinti-yayinlari","10":"pa_yazar-michel-foucault","12":"first","13":"instock","14":"sale","15":"shipping-taxable","16":"purchasable","17":"product-type-simple"},"_links":{"self":[{"href":"https:\/\/roveyayinevi.com.tr\/index.php\/wp-json\/wp\/v2\/product\/785465","targetHints":{"allow":["GET"]}}],"collection":[{"href":"https:\/\/roveyayinevi.com.tr\/index.php\/wp-json\/wp\/v2\/product"}],"about":[{"href":"https:\/\/roveyayinevi.com.tr\/index.php\/wp-json\/wp\/v2\/types\/product"}],"wp:attachment":[{"href":"https:\/\/roveyayinevi.com.tr\/index.php\/wp-json\/wp\/v2\/media?parent=785465"}],"wp:term":[{"taxonomy":"product_brand","embeddable":true,"href":"https:\/\/roveyayinevi.com.tr\/index.php\/wp-json\/wp\/v2\/product_brand?post=785465"},{"taxonomy":"product_cat","embeddable":true,"href":"https:\/\/roveyayinevi.com.tr\/index.php\/wp-json\/wp\/v2\/product_cat?post=785465"},{"taxonomy":"product_tag","embeddable":true,"href":"https:\/\/roveyayinevi.com.tr\/index.php\/wp-json\/wp\/v2\/product_tag?post=785465"}],"curies":[{"name":"wp","href":"https:\/\/api.w.org\/{rel}","templated":true}]}}