{"id":785464,"date":"2026-04-03T03:41:20","date_gmt":"2026-04-03T00:41:20","guid":{"rendered":"https:\/\/roveyayinevi.com.tr\/index.php\/urun\/bilindik-olani-yabancilastirmak-peter-haffner-ile-soylesi\/"},"modified":"2026-04-15T03:48:55","modified_gmt":"2026-04-15T00:48:55","slug":"bilindik-olani-yabancilastirmak-peter-haffner-ile-soylesi","status":"publish","type":"product","link":"https:\/\/roveyayinevi.com.tr\/index.php\/urun\/bilindik-olani-yabancilastirmak-peter-haffner-ile-soylesi\/","title":{"rendered":"Bilindik Olan\u0131 Yabanc\u0131la\u015ft\u0131rmak Peter Haffner ile S\u00f6yle\u015fi"},"content":{"rendered":"<p>Bauman, du\u0308\u015fu\u0308nsel \u00e7abalar\u0131yla be\u015feri bilimleri birbirinden keskin \u00e7izgilerle ay\u0131ran s\u0131n\u0131rlar\u0131 ala\u015fa\u011f\u0131 eden biri. Adeta tu\u0308m bilimlere ve disiplinlere ku\u015fat\u0131c\u0131 bir yerden bakan bir R\u00f6nesans insan\u0131. Du\u0308\u015fu\u0308ncelerini takip ederken siyasi, teorik ve ki\u015fisel konular birbiri i\u00e7ine ge\u00e7iyor \u00e7o\u011funlukla. Bir yandan sevme kabiliyetimizi neden yitirdi\u011fimizi sorgularken di\u011fer yandan en a\u011f\u0131r siyasi ve sosyolojik konulara dal\u0131yor. Ancak ilgilendi\u011fi her konunun ki\u015fisel ve toplumsal yanlar\u0131n\u0131 ayn\u0131 kapsaml\u0131 bak\u0131\u015fla ele al\u0131yor. Bauman\u2019\u0131 okurlar\u0131 i\u00e7in de\u011ferli k\u0131lan en \u00f6nemli \u015feyse her zaman du\u0308nyay\u0131 ve kendilerini farkl\u0131 a\u00e7\u0131lardan g\u00f6rme \u015fans\u0131 sunmas\u0131. Bu kitaptaki sohbetlerde oldu\u011fu gibi yabanc\u0131 olan\u0131 bilindik, bilindik olan\u0131 da yabanc\u0131la\u015ft\u0131rarak yap\u0131yor bunu. Zira sosyolojinin en temel g\u00f6revi de bu ona g\u00f6re. Bu g\u00f6rev ancak tu\u0308m insanl\u0131\u011fa bu\u0308tu\u0308ncu\u0308l bir yerden bakan ve kendi \u00f6zel disiplininin \u00f6tesine uzan\u0131p felsefeye, psikolojiye, antropolojiye, sanata, tarihe ve edebiyata bakan biri taraf\u0131ndan ele al\u0131nabilir. Zygmunt Bauman da b\u00f6yle biri ve adeta bir ressam. Resimlerini geni\u015f bir tuval u\u0308zerinde geni\u015f f\u0131r\u00e7a darbeleriyle \u00e7iziyor. Elinizdeki kitapta Bauman bu g\u00f6revi samimi bir sohbetle yap\u0131yor. A\u015fk, cinsiyet, din ve tarih gibi \u00e7ok geni\u015f bir alandaki fikirlerini en insani sesiyle aktar\u0131yor. Bauman okurlar\u0131 ve onunla yeni tan\u0131\u015facak herkes i\u00e7in mu\u0308thi\u015f bir hazine. Umar\u0131z \u00f6lu\u0308mu\u0308nden \u00f6nce Bauman\u2019la yap\u0131lan bu son sohbetler okur taraf\u0131ndan benimsenir ve ba\u015fka yerlerde, ba\u015fka insanlarla birlikte devam ettirilir.<\/p>\n","protected":false},"excerpt":{"rendered":"<p>Bauman, du\u0308\u015fu\u0308nsel \u00e7abalar\u0131yla be\u015feri bilimleri birbirinden keskin \u00e7izgilerle ay\u0131ran s\u0131n\u0131rlar\u0131 ala\u015fa\u011f\u0131 eden biri. Adeta tu\u0308m bilimlere ve disiplinlere ku\u015fat\u0131c\u0131 bir yerden bakan bir R\u00f6nesans insan\u0131. Du\u0308\u015fu\u0308ncelerini<span class=\"excerpt-hellip\"> [\u2026]<\/span><\/p>\n","protected":false},"featured_media":0,"template":"","meta":{"_monsterinsights_skip_tracking":false,"_monsterinsights_sitenote_active":false,"_monsterinsights_sitenote_note":"","_monsterinsights_sitenote_category":0},"product_brand":[],"product_cat":[12291,30969],"product_tag":[],"class_list":{"0":"post-785464","1":"product","2":"type-product","3":"status-publish","5":"product_cat-edebiyat","6":"product_cat-soylesi-edebiyat","7":"pa_cilt-ciltsiz","8":"pa_tur-kitap","9":"pa_yayinevi-ayrinti-yayinlari","10":"pa_yazar-zygmunt-bauman","12":"first","13":"instock","14":"sale","15":"shipping-taxable","16":"purchasable","17":"product-type-simple"},"_links":{"self":[{"href":"https:\/\/roveyayinevi.com.tr\/index.php\/wp-json\/wp\/v2\/product\/785464","targetHints":{"allow":["GET"]}}],"collection":[{"href":"https:\/\/roveyayinevi.com.tr\/index.php\/wp-json\/wp\/v2\/product"}],"about":[{"href":"https:\/\/roveyayinevi.com.tr\/index.php\/wp-json\/wp\/v2\/types\/product"}],"wp:attachment":[{"href":"https:\/\/roveyayinevi.com.tr\/index.php\/wp-json\/wp\/v2\/media?parent=785464"}],"wp:term":[{"taxonomy":"product_brand","embeddable":true,"href":"https:\/\/roveyayinevi.com.tr\/index.php\/wp-json\/wp\/v2\/product_brand?post=785464"},{"taxonomy":"product_cat","embeddable":true,"href":"https:\/\/roveyayinevi.com.tr\/index.php\/wp-json\/wp\/v2\/product_cat?post=785464"},{"taxonomy":"product_tag","embeddable":true,"href":"https:\/\/roveyayinevi.com.tr\/index.php\/wp-json\/wp\/v2\/product_tag?post=785464"}],"curies":[{"name":"wp","href":"https:\/\/api.w.org\/{rel}","templated":true}]}}