{"id":785462,"date":"2026-04-03T03:41:15","date_gmt":"2026-04-03T00:41:15","guid":{"rendered":"https:\/\/roveyayinevi.com.tr\/index.php\/urun\/a-little-princess-kucuk-prensesingilizce-ogreniyorum-iki-dilli-kitaplar\/"},"modified":"2026-04-15T03:48:54","modified_gmt":"2026-04-15T00:48:54","slug":"a-little-princess-kucuk-prensesingilizce-ogreniyorum-iki-dilli-kitaplar","status":"publish","type":"product","link":"https:\/\/roveyayinevi.com.tr\/index.php\/urun\/a-little-princess-kucuk-prensesingilizce-ogreniyorum-iki-dilli-kitaplar\/","title":{"rendered":"A Little Princess \u2013 K\u00fc\u00e7\u00fck Prenses;\u0130ngilizce \u00d6\u011freniyorum &#8211; \u0130ki Dilli Kitaplar"},"content":{"rendered":"<p>A retelling of Frances Hodgson Burnett\u2019s well-loved children\u2019s novel A Little Princess. The story is about Sara Crewe, who finds herself penniless and forced to work as a servant when her beloved father dies.Follow Sara\u2019s heartwarming story as she struggles to change her fortunes.Frances Hodgson Burnett\u2019in \u00e7ok sevilen \u00e7ocuk roman\u0131 K\u00fc\u00e7\u00fck Prenses\u2019in yeniden anlat\u0131m\u0131. Hik\u00e2yede, \u00e7ok sevdi\u011fi babas\u0131 \u00f6l\u00fcnce be\u015f paras\u0131z kalan ve hizmet\u00e7i olarak \u00e7al\u0131\u015fmaya zorlanan Sara Crewe\u2019un ba\u015f\u0131ndan ge\u00e7enler anlat\u0131l\u0131yor.Yazg\u0131s\u0131n\u0131 de\u011fi\u015ftirmeye \u00e7abalayan Sara\u2019n\u0131n y\u00fcrekleri \u0131s\u0131tan hik\u00e2yesi seni bekliyor.Can you spot this red bow on the pages? There are 19 bows to find.Bakal\u0131m sayfalarda bu k\u0131rm\u0131z\u0131 kurdeleyi bulabilecek misin? Bulunmas\u0131 gereken 19 tane kurdele var.<\/p>\n","protected":false},"excerpt":{"rendered":"<p>A retelling of Frances Hodgson Burnett\u2019s well-loved children\u2019s novel A Little Princess. The story is about Sara Crewe, who finds herself penniless and forced to work<span class=\"excerpt-hellip\"> [\u2026]<\/span><\/p>\n","protected":false},"featured_media":0,"template":"","meta":{"_monsterinsights_skip_tracking":false,"_monsterinsights_sitenote_active":false,"_monsterinsights_sitenote_note":"","_monsterinsights_sitenote_category":0},"product_brand":[],"product_cat":[12472],"product_tag":[],"class_list":{"0":"post-785462","1":"product","2":"type-product","3":"status-publish","5":"product_cat-yabanci-dilde-kitaplar","6":"pa_cilt-ciltsiz","7":"pa_tur-kitap","8":"pa_yayinevi-koc-universitesi-yayinlari","9":"pa_yazar-frances-hodgson-burnett","11":"first","12":"instock","13":"sale","14":"shipping-taxable","15":"purchasable","16":"product-type-simple"},"_links":{"self":[{"href":"https:\/\/roveyayinevi.com.tr\/index.php\/wp-json\/wp\/v2\/product\/785462","targetHints":{"allow":["GET"]}}],"collection":[{"href":"https:\/\/roveyayinevi.com.tr\/index.php\/wp-json\/wp\/v2\/product"}],"about":[{"href":"https:\/\/roveyayinevi.com.tr\/index.php\/wp-json\/wp\/v2\/types\/product"}],"wp:attachment":[{"href":"https:\/\/roveyayinevi.com.tr\/index.php\/wp-json\/wp\/v2\/media?parent=785462"}],"wp:term":[{"taxonomy":"product_brand","embeddable":true,"href":"https:\/\/roveyayinevi.com.tr\/index.php\/wp-json\/wp\/v2\/product_brand?post=785462"},{"taxonomy":"product_cat","embeddable":true,"href":"https:\/\/roveyayinevi.com.tr\/index.php\/wp-json\/wp\/v2\/product_cat?post=785462"},{"taxonomy":"product_tag","embeddable":true,"href":"https:\/\/roveyayinevi.com.tr\/index.php\/wp-json\/wp\/v2\/product_tag?post=785462"}],"curies":[{"name":"wp","href":"https:\/\/api.w.org\/{rel}","templated":true}]}}