{"id":785461,"date":"2026-04-03T03:41:12","date_gmt":"2026-04-03T00:41:12","guid":{"rendered":"https:\/\/roveyayinevi.com.tr\/index.php\/urun\/robin-hood-robin-hoodingilizce-ogreniyorum-iki-dilli-kitaplar\/"},"modified":"2026-04-15T03:48:54","modified_gmt":"2026-04-15T00:48:54","slug":"robin-hood-robin-hoodingilizce-ogreniyorum-iki-dilli-kitaplar","status":"publish","type":"product","link":"https:\/\/roveyayinevi.com.tr\/index.php\/urun\/robin-hood-robin-hoodingilizce-ogreniyorum-iki-dilli-kitaplar\/","title":{"rendered":"Robin Hood \u2013 Robin Hood;\u0130ngilizce \u00d6\u011freniyorum &#8211; \u0130ki Dilli Kitaplar"},"content":{"rendered":"<p>A retelling of William Langland\u2019s classic folktale of a legendary young man who lives in the forest with hispoor friends.Join Robin Hood and his merry band of friends in their Sherwood Forest adventures, as they try to outwit the cruel Sheriff of Nottingham.William Langland\u2019\u0131n, fakir arkada\u015flar\u0131yla birlikte ormanda ya\u015fayan efsanevi gen\u00e7 adamla ilgili halk masal\u0131n\u0131n yeniden anlat\u0131m\u0131.Zalim Nottingham \u015eerifi\u2019ni yenmeye \u00e7al\u0131\u015fan Robin Hood ve ne\u015feli ekibinin Sherwood Orman\u0131\u2019ndaki maceralar\u0131na sen de kat\u0131l.Can you spot this red arrow on the pages? There are 19 arrows to find.Bakal\u0131m sayfalarda bu k\u0131rm\u0131z\u0131 oku bulabilecek misin? Bulunmas\u0131 gereken 19 tane ok var.<\/p>\n","protected":false},"excerpt":{"rendered":"<p>A retelling of William Langland\u2019s classic folktale of a legendary young man who lives in the forest with hispoor friends.Join Robin Hood and his merry band<span class=\"excerpt-hellip\"> [\u2026]<\/span><\/p>\n","protected":false},"featured_media":0,"template":"","meta":{"_monsterinsights_skip_tracking":false,"_monsterinsights_sitenote_active":false,"_monsterinsights_sitenote_note":"","_monsterinsights_sitenote_category":0},"product_brand":[],"product_cat":[12472],"product_tag":[],"class_list":{"0":"post-785461","1":"product","2":"type-product","3":"status-publish","5":"product_cat-yabanci-dilde-kitaplar","6":"pa_cilt-ciltsiz","7":"pa_tur-kitap","8":"pa_yayinevi-koc-universitesi-yayinlari","9":"pa_yazar-william-langland","11":"first","12":"instock","13":"sale","14":"shipping-taxable","15":"purchasable","16":"product-type-simple"},"_links":{"self":[{"href":"https:\/\/roveyayinevi.com.tr\/index.php\/wp-json\/wp\/v2\/product\/785461","targetHints":{"allow":["GET"]}}],"collection":[{"href":"https:\/\/roveyayinevi.com.tr\/index.php\/wp-json\/wp\/v2\/product"}],"about":[{"href":"https:\/\/roveyayinevi.com.tr\/index.php\/wp-json\/wp\/v2\/types\/product"}],"wp:attachment":[{"href":"https:\/\/roveyayinevi.com.tr\/index.php\/wp-json\/wp\/v2\/media?parent=785461"}],"wp:term":[{"taxonomy":"product_brand","embeddable":true,"href":"https:\/\/roveyayinevi.com.tr\/index.php\/wp-json\/wp\/v2\/product_brand?post=785461"},{"taxonomy":"product_cat","embeddable":true,"href":"https:\/\/roveyayinevi.com.tr\/index.php\/wp-json\/wp\/v2\/product_cat?post=785461"},{"taxonomy":"product_tag","embeddable":true,"href":"https:\/\/roveyayinevi.com.tr\/index.php\/wp-json\/wp\/v2\/product_tag?post=785461"}],"curies":[{"name":"wp","href":"https:\/\/api.w.org\/{rel}","templated":true}]}}