{"id":785460,"date":"2026-04-03T03:41:09","date_gmt":"2026-04-03T00:41:09","guid":{"rendered":"https:\/\/roveyayinevi.com.tr\/index.php\/urun\/around-the-world-in-80-days-80-gunde-dunya-turuingilizce-ogreniyorum-iki-dilli-kitaplar\/"},"modified":"2026-04-15T03:48:54","modified_gmt":"2026-04-15T00:48:54","slug":"around-the-world-in-80-days-80-gunde-dunya-turuingilizce-ogreniyorum-iki-dilli-kitaplar","status":"publish","type":"product","link":"https:\/\/roveyayinevi.com.tr\/index.php\/urun\/around-the-world-in-80-days-80-gunde-dunya-turuingilizce-ogreniyorum-iki-dilli-kitaplar\/","title":{"rendered":"Around The World in 80 Days \u2013 80 G\u00fcnde D\u00fcnya Turu;\u0130ngilizce \u00d6\u011freniyorum &#8211; \u0130ki Dilli Kitaplar"},"content":{"rendered":"<p>Phileas Fogg made a bet with his friends that he could go around the world in just 80 days. Will he finish the journey in time, and what adventures will he have on the way?Step inside this enchanting re-telling of Jules Verne\u2019s classic Around the World in Eighty Days. Featuring stunning illustrations and an easy-to-follow text, Around the World in Eighty Days is the perfect book for bedtime reading.Phileas Fogg, D\u00fcnya\u2019n\u0131n \u00e7evresini yaln\u0131zca 80 g\u00fcnde dola\u015fabilece\u011fi konusunda arkada\u015flar\u0131yla iddiaya girdi. Acaba yolculu\u011fu zaman\u0131nda tamamlayabilecek mi ve yolda ne gibi maceralar ya\u015fayacak?Jules Verne\u2019in klasikler aras\u0131na giren Seksen G\u00fcnde D\u00fcnya Turu adl\u0131 kitab\u0131n\u0131n bu heyecanl\u0131 yeniden anlat\u0131m\u0131n\u0131n i\u00e7ine girip kaybolmaya haz\u0131r m\u0131s\u0131n? Harika resimleri ve s\u00fcr\u00fckleyici metniyle Seksen G\u00fcnde D\u00fcnya Turu, uyumadan \u00f6nce okumak i\u00e7in m\u00fckemmel bir kitap.See if you can spot this compass on the pages. There are 17 compasses to find.Bakal\u0131m sayfalarda bu pusulay\u0131 bulabilecek misin? Bulunmas\u0131 gereken 17 tane pusula var.<\/p>\n","protected":false},"excerpt":{"rendered":"<p>Phileas Fogg made a bet with his friends that he could go around the world in just 80 days. Will he finish the journey in time,<span class=\"excerpt-hellip\"> [\u2026]<\/span><\/p>\n","protected":false},"featured_media":0,"template":"","meta":{"_monsterinsights_skip_tracking":false,"_monsterinsights_sitenote_active":false,"_monsterinsights_sitenote_note":"","_monsterinsights_sitenote_category":0},"product_brand":[],"product_cat":[12472],"product_tag":[],"class_list":{"0":"post-785460","1":"product","2":"type-product","3":"status-publish","5":"product_cat-yabanci-dilde-kitaplar","6":"pa_cilt-ciltsiz","7":"pa_tur-kitap","8":"pa_yayinevi-koc-universitesi-yayinlari","9":"pa_yazar-jules-verne","11":"first","12":"instock","13":"sale","14":"shipping-taxable","15":"purchasable","16":"product-type-simple"},"_links":{"self":[{"href":"https:\/\/roveyayinevi.com.tr\/index.php\/wp-json\/wp\/v2\/product\/785460","targetHints":{"allow":["GET"]}}],"collection":[{"href":"https:\/\/roveyayinevi.com.tr\/index.php\/wp-json\/wp\/v2\/product"}],"about":[{"href":"https:\/\/roveyayinevi.com.tr\/index.php\/wp-json\/wp\/v2\/types\/product"}],"wp:attachment":[{"href":"https:\/\/roveyayinevi.com.tr\/index.php\/wp-json\/wp\/v2\/media?parent=785460"}],"wp:term":[{"taxonomy":"product_brand","embeddable":true,"href":"https:\/\/roveyayinevi.com.tr\/index.php\/wp-json\/wp\/v2\/product_brand?post=785460"},{"taxonomy":"product_cat","embeddable":true,"href":"https:\/\/roveyayinevi.com.tr\/index.php\/wp-json\/wp\/v2\/product_cat?post=785460"},{"taxonomy":"product_tag","embeddable":true,"href":"https:\/\/roveyayinevi.com.tr\/index.php\/wp-json\/wp\/v2\/product_tag?post=785460"}],"curies":[{"name":"wp","href":"https:\/\/api.w.org\/{rel}","templated":true}]}}