{"id":785455,"date":"2026-04-03T03:40:58","date_gmt":"2026-04-03T00:40:58","guid":{"rendered":"https:\/\/roveyayinevi.com.tr\/index.php\/urun\/mujde-kusu-ilk-bulusma\/"},"modified":"2026-04-15T03:48:54","modified_gmt":"2026-04-15T00:48:54","slug":"mujde-kusu-ilk-bulusma","status":"publish","type":"product","link":"https:\/\/roveyayinevi.com.tr\/index.php\/urun\/mujde-kusu-ilk-bulusma\/","title":{"rendered":"M\u00fcjde Ku\u015fu &#8211; \u0130lk Bulu\u015fma"},"content":{"rendered":"<p>\u201cMerak etme g\u00fczel k\u0131z\u0131m, umut edenler i\u00e7in  hi\u00e7bir kap\u0131 sonsuza dek kapal\u0131 kalmaz.\u201d M\u00fcjde Ku\u015fu, Kapal\u0131 Kap\u0131lar \u00dclkesi\u2019ne yeniden kanat \u00e7\u0131rp\u0131yor. Hem de bu kez yol arkada\u015flar\u0131yla! Y\u00fcre\u011fi sevgi dolu insan\u0131n umudu ve \u00f6zlemiyle b\u00fcy\u00fcyen Maya; annesi ve abisiyle, babas\u0131na uzanan yolda M\u00fcjde Ku\u015fu\u2019na e\u015flik ediyor. Bu zorlu yolculukta sabretmeyi, beklemenin de bir cesaret oldu\u011funu \u00f6\u011freniyor. M\u00fcjde Ku\u015fu\u2019nun yolculu\u011fu devam ediyor!  P\u0131nar ve Ramazan G\u00fclten, M\u00fcjde Ku\u015fu: \u0130lk Bulu\u015fma\u2019da, okurlara iyili\u011fin ve sab\u0131rla bekleyen kalplerin mutlaka kazanaca\u011f\u0131n\u0131 hat\u0131rlat\u0131yor.<\/p>\n","protected":false},"excerpt":{"rendered":"<p>\u201cMerak etme g\u00fczel k\u0131z\u0131m, umut edenler i\u00e7in hi\u00e7bir kap\u0131 sonsuza dek kapal\u0131 kalmaz.\u201d M\u00fcjde Ku\u015fu, Kapal\u0131 Kap\u0131lar \u00dclkesi\u2019ne yeniden kanat \u00e7\u0131rp\u0131yor. Hem de bu kez yol<span class=\"excerpt-hellip\"> [\u2026]<\/span><\/p>\n","protected":false},"featured_media":0,"template":"","meta":{"_monsterinsights_skip_tracking":false,"_monsterinsights_sitenote_active":false,"_monsterinsights_sitenote_note":"","_monsterinsights_sitenote_category":0},"product_brand":[],"product_cat":[12913,12274],"product_tag":[],"class_list":{"0":"post-785455","1":"product","2":"type-product","3":"status-publish","5":"product_cat-3-6-yas-kitaplari","6":"product_cat-cocuk-ve-genclik-kitaplari","7":"pa_cilt-ciltsiz","8":"pa_tur-kitap","9":"pa_yayinevi-kirmizi-kedi-yayinevi","10":"pa_yazar-ramazan-gulten","12":"first","13":"instock","14":"sale","15":"shipping-taxable","16":"purchasable","17":"product-type-simple"},"_links":{"self":[{"href":"https:\/\/roveyayinevi.com.tr\/index.php\/wp-json\/wp\/v2\/product\/785455","targetHints":{"allow":["GET"]}}],"collection":[{"href":"https:\/\/roveyayinevi.com.tr\/index.php\/wp-json\/wp\/v2\/product"}],"about":[{"href":"https:\/\/roveyayinevi.com.tr\/index.php\/wp-json\/wp\/v2\/types\/product"}],"wp:attachment":[{"href":"https:\/\/roveyayinevi.com.tr\/index.php\/wp-json\/wp\/v2\/media?parent=785455"}],"wp:term":[{"taxonomy":"product_brand","embeddable":true,"href":"https:\/\/roveyayinevi.com.tr\/index.php\/wp-json\/wp\/v2\/product_brand?post=785455"},{"taxonomy":"product_cat","embeddable":true,"href":"https:\/\/roveyayinevi.com.tr\/index.php\/wp-json\/wp\/v2\/product_cat?post=785455"},{"taxonomy":"product_tag","embeddable":true,"href":"https:\/\/roveyayinevi.com.tr\/index.php\/wp-json\/wp\/v2\/product_tag?post=785455"}],"curies":[{"name":"wp","href":"https:\/\/api.w.org\/{rel}","templated":true}]}}